{"id":3,"date":"2023-12-04T16:04:46","date_gmt":"2023-12-04T16:04:46","guid":{"rendered":"https:\/\/ok.easyandweb.com\/?page_id=3"},"modified":"2025-07-24T09:07:14","modified_gmt":"2025-07-24T09:07:14","slug":"privacy-policy","status":"publish","type":"page","link":"https:\/\/onekind-escort.com\/es\/privacy-policy\/","title":{"rendered":"pol\u00edtica de privacidad"},"content":{"rendered":"<p>Esta p\u00e1gina se utiliza para informar a los visitantes del sitio web sobre nuestras pol\u00edticas con la recopilaci\u00f3n, el uso y la divulgaci\u00f3n de informaci\u00f3n personal si alguien decide utilizar nuestro Servicio, el sitio web OKESCORTS.COM.<\/p>\r\n\r\n\r\n\r\n<p>Si elige usar nuestro Servicio, entonces acepta la recopilaci\u00f3n y el uso de la informaci\u00f3n relacionada con esta pol\u00edtica. La informaci\u00f3n personal que recopilamos se utiliza para proporcionar y mejorar el servicio.\u00a0<strong>No utilizaremos ni compartiremos su informaci\u00f3n con nadie sin su consentimiento.<\/strong><\/p>\r\n\r\n\r\n\r\n<h2 class=\"wp-block-heading\">Recopilaci\u00f3n y uso de informaci\u00f3n<\/h2>\r\n\r\n\r\n\r\n<p>Para una mejor experiencia al utilizar nuestro Servicio, es posible que le solicitemos que nos proporcione cierta informaci\u00f3n de identificaci\u00f3n personal, que incluye, entre otros, su nombre, n\u00famero de tel\u00e9fono y correo electr\u00f3nico. La informaci\u00f3n que recopilamos se utilizar\u00e1 para contactarlo o identificarlo.<\/p>\r\n\r\n\r\n\r\n<h2 class=\"wp-block-heading\">Datos de registro<\/h2>\r\n\r\n\r\n\r\n<p>Queremos informarle que cada vez que visita nuestro Servicio, recopilamos la informaci\u00f3n que su navegador nos env\u00eda, que se llama Datos de registro. Estos datos de registro pueden incluir informaci\u00f3n como la direcci\u00f3n del Protocolo de Internet (\u00abIP\u00bb) de su computadora, la versi\u00f3n del navegador, las p\u00e1ginas de nuestro Servicio que visita, la fecha y hora de su visita, el tiempo dedicado a esas p\u00e1ginas y otras estad\u00edsticas.<\/p>\r\n\r\n\r\n\r\n<h2 class=\"wp-block-heading\">Galletas<\/h2>\r\n\r\n\r\n\r\n<p>Las cookies son archivos con una peque\u00f1a cantidad de datos que se utilizan como un identificador \u00fanico an\u00f3nimo. Estos se env\u00edan a su navegador desde el sitio web que visita y se almacenan en el disco duro de su computadora.<\/p>\r\n\r\n\r\n\r\n<p>Nuestro sitio web utiliza estas \u00abcookies\u00bb para recopilar informaci\u00f3n y mejorar nuestro Servicio. Usted tiene la opci\u00f3n de aceptar o rechazar estas cookies. Si elige rechazar nuestras cookies, es posible que no pueda utilizar partes de nuestro Servicio.<\/p>\r\n\r\n\r\n\r\n<h2 class=\"wp-block-heading\">Proveedores de servicio<\/h2>\r\n\r\n\r\n\r\n<p>Es posible que contratemos a empresas y personas de terceros debido a las siguientes razones:<\/p>\r\n\r\n\r\n\r\n<p>Para facilitar nuestro Servicio;<br \/>Para proporcionar el Servicio en nuestro nombre;<br \/>Para realizar servicios relacionados con el servicio; oh<br \/>Para ayudarnos a analizar c\u00f3mo se utiliza nuestro servicio.<\/p>\r\n\r\n\r\n\r\n<p><strong>Queremos informar a nuestros usuarios del Servicio que estos terceros tienen acceso a su Informaci\u00f3n personal si usted es un Modelo pero NO tienen acceso si usted es un cliente que llama para informarse<\/strong>. El motivo es realizar las tareas asignadas a ellos en nuestro nombre. Sin embargo, est\u00e1n obligados a no divulgar o utilizar la informaci\u00f3n para ning\u00fan otro prop\u00f3sito.<\/p>\r\n\r\n\r\n\r\n<h2 class=\"wp-block-heading\">Seguridad<\/h2>\r\n\r\n\r\n\r\n<p>Valoramos su confianza al proporcionarnos su informaci\u00f3n personal, por lo que nos esforzamos por utilizar medios comercialmente aceptables para protegerla. Pero recuerde que ning\u00fan m\u00e9todo de transmisi\u00f3n a trav\u00e9s de Internet o de almacenamiento electr\u00f3nico es 100% seguro y confiable, y no podemos garantizar su seguridad absoluta.<\/p>\r\n\r\n\r\n\r\n<h2 class=\"wp-block-heading\">Enlaces a otros sitios<\/h2>\r\n\r\n\r\n\r\n<p>Nuestro Servicio puede contener enlaces a otros sitios. Si hace clic en un enlace de terceros, se le dirigir\u00e1 a ese sitio. Tenga en cuenta que estos sitios externos no son operados por nosotros. Por lo tanto, le recomendamos encarecidamente que revise la Pol\u00edtica de privacidad de estos sitios web. No tenemos control ni asumimos responsabilidad alguna por el contenido, las pol\u00edticas de privacidad o las pr\u00e1cticas de los sitios o servicios de terceros.<\/p>\r\n\r\n\r\n\r\n<h2 class=\"wp-block-heading\">+18 Privacidad<\/h2>\r\n\r\n\r\n\r\n<p>Nuestros Servicios no se dirigen a personas menores de 18 a\u00f1os. No recopilamos, a sabiendas, informaci\u00f3n de identificaci\u00f3n personal de &lt; 18 a\u00f1os. En el caso de que descubramos que una persona menor de 18 a\u00f1os nos ha proporcionado informaci\u00f3n personal, la eliminamos de inmediato de nuestros servidores.<\/p>\r\n\r\n\r\n\r\n<h2 class=\"wp-block-heading\">Cambios a esta pol\u00edtica de privacidad<\/h2>\r\n\r\n\r\n\r\n<p>Podemos actualizar nuestra Pol\u00edtica de Privacidad de vez en cuando. Por lo tanto, le recomendamos que revise esta p\u00e1gina peri\u00f3dicamente para cualquier cambio. Le notificaremos cualquier cambio mediante la publicaci\u00f3n de la nueva Pol\u00edtica de privacidad en esta p\u00e1gina. Estos cambios entrar\u00e1n en vigor inmediatamente despu\u00e9s de que se publiquen en esta p\u00e1gina.<\/p>\r\n\r\n\r\n\r\n<h2 class=\"wp-block-heading\">Cont\u00e1ctenos<\/h2>\r\n\r\n\r\n\r\n<p>Si tiene alguna pregunta o sugerencia sobre nuestra Pol\u00edtica de privacidad, no dude en\u00a0<a href=\"https:\/\/onekind-escort.com\/es\/contacto-agencia-escorts\/\">Ponte en contacto con nosotros.<\/a><\/p>","protected":false},"excerpt":{"rendered":"<p>Esta p\u00e1gina se utiliza para informar a los visitantes del sitio web sobre nuestras pol\u00edticas con la recopilaci\u00f3n, el uso y la divulgaci\u00f3n de informaci\u00f3n personal si alguien decide utilizar nuestro Servicio, el sitio web OKESCORTS.COM. Si elige usar nuestro Servicio, entonces acepta la recopilaci\u00f3n y el uso de la informaci\u00f3n relacionada con esta pol\u00edtica. [&hellip;]<\/p>\n","protected":false},"author":1,"featured_media":0,"parent":0,"menu_order":39,"comment_status":"closed","ping_status":"open","template":"","meta":{"_acf_changed":false,"footnotes":""},"class_list":["post-3","page","type-page","status-publish","hentry"],"acf":[],"_links":{"self":[{"href":"https:\/\/onekind-escort.com\/es\/wp-json\/wp\/v2\/pages\/3","targetHints":{"allow":["GET"]}}],"collection":[{"href":"https:\/\/onekind-escort.com\/es\/wp-json\/wp\/v2\/pages"}],"about":[{"href":"https:\/\/onekind-escort.com\/es\/wp-json\/wp\/v2\/types\/page"}],"author":[{"embeddable":true,"href":"https:\/\/onekind-escort.com\/es\/wp-json\/wp\/v2\/users\/1"}],"replies":[{"embeddable":true,"href":"https:\/\/onekind-escort.com\/es\/wp-json\/wp\/v2\/comments?post=3"}],"version-history":[{"count":1,"href":"https:\/\/onekind-escort.com\/es\/wp-json\/wp\/v2\/pages\/3\/revisions"}],"predecessor-version":[{"id":88552,"href":"https:\/\/onekind-escort.com\/es\/wp-json\/wp\/v2\/pages\/3\/revisions\/88552"}],"wp:attachment":[{"href":"https:\/\/onekind-escort.com\/es\/wp-json\/wp\/v2\/media?parent=3"}],"curies":[{"name":"wp","href":"https:\/\/api.w.org\/{rel}","templated":true}]}}