{"id":88553,"date":"2025-07-24T09:07:48","date_gmt":"2025-07-24T09:07:48","guid":{"rendered":"https:\/\/onekind-escort.com\/?page_id=88553"},"modified":"2025-07-24T09:07:48","modified_gmt":"2025-07-24T09:07:48","slug":"terms-of-use-and-notice","status":"publish","type":"page","link":"https:\/\/onekind-escort.com\/es\/terms-of-use-and-notice\/","title":{"rendered":"Condiciones de uso y aviso"},"content":{"rendered":"<h2 class=\"wp-block-heading\">AVISO LEGAL<\/h2>\n<p>Operador de este sitio web: One Kind Luxury Service<\/p>\n<p>Avenida Europa 26<\/p>\n<p>Pozuelo de Alarc\u00f3n, Espa\u00f1a<\/p>\n<p>Correo electr\u00f3nico: contact@onekind-agency.com<\/p>\n<p>Tel\u00e9fono: +34 613 618 595<\/p>\n<p>RESPONSABILIDAD POR EL CONTENIDO<\/p>\n<p>Como proveedor de servicios, somos responsables del contenido de estas p\u00e1ginas de acuerdo con la legislaci\u00f3n general. Sin embargo, como proveedor de servicios, no estamos obligados a supervisar la informaci\u00f3n transmitida o almacenada de terceros ni a investigar circunstancias que indiquen actividad ilegal.<\/p>\n<p>Las obligaciones de eliminar o bloquear el uso de informaci\u00f3n conforme a la legislaci\u00f3n general no se ver\u00e1n afectadas. Sin embargo, la responsabilidad a este respecto solo ser\u00e1 posible a partir del momento en que tengamos conocimiento de una infracci\u00f3n legal espec\u00edfica. Si tenemos conocimiento de alguna infracci\u00f3n legal, eliminaremos dicho contenido inmediatamente.<\/p>\n<h2>RESPONSABILIDAD POR LOS ENLACES<\/h2>\n<p>Nuestra oferta contiene enlaces a sitios web externos de terceros, sobre cuyo contenido no tenemos ninguna influencia. Por lo tanto, no asumimos ninguna responsabilidad por dicho contenido externo. El proveedor u operador de las p\u00e1ginas enlazadas es siempre responsable del contenido de las mismas. Al enlazarlas, se revisaron las p\u00e1ginas enlazadas para detectar posibles infracciones legales. No se detect\u00f3 contenido ilegal al enlazarlas.<\/p>\n<p>Sin embargo, no es razonable supervisar permanentemente el contenido de las p\u00e1ginas enlazadas sin pruebas concretas de una infracci\u00f3n legal. Si detectamos alguna infracci\u00f3n legal, eliminaremos dichos enlaces inmediatamente.<\/p>\n<p>\u200b<\/p>\n<h2>DERECHOS DE AUTOR<\/h2>\n<p>El contenido y las obras de estas p\u00e1ginas, creadas por los operadores del sitio, est\u00e1n sujetos a derechos de autor. La reproducci\u00f3n, el procesamiento, la distribuci\u00f3n y cualquier tipo de explotaci\u00f3n fuera de los l\u00edmites de la legislaci\u00f3n sobre derechos de autor requieren el consentimiento por escrito del autor o creador correspondiente. Las descargas y copias de esta p\u00e1gina solo est\u00e1n permitidas para uso privado y no comercial.<\/p>\n<p>Si el contenido de este sitio no fue creado por el operador, se respetan los derechos de autor de terceros. En particular, dicho contenido de terceros se marca como tal. Sin embargo, si tiene conocimiento de alguna infracci\u00f3n de derechos de autor, le rogamos que nos lo notifique. Si detectamos alguna infracci\u00f3n legal, eliminaremos dicho contenido de inmediato.<\/p>\n<p>&nbsp;<\/p>\n<h3>DERECHOS DE IMAGEN<\/h3>\n<p>stock.adobe.com \/ Slava_Vladzimirska, Roman Babakin, paulaphot, Leonid Andronov, Maridav, Detkov D, kiuikson, neonshot, janifest, LIGHTFIELD STUDIOS, nico Sch\u00f6nberger\/EyeEm, JFL Photography, Simon, Sina Ettmer, Restyler,<\/p>\n<p>DERECHOS DE VIDEO<\/p>\n<p>stock.adobe.com \/ Maridav, AILA_IMAGES<\/p>","protected":false},"excerpt":{"rendered":"<p>LEGAL NOTICE Operator of this website \u2013 One Kind Luxury Service Europe Avenue 26 Pozuelo de Alarcon, Spain Email: contact@onekind-agency.com Phone: +34 613 618 595 RESPONSIBILITY FOR CONTENT As a service provider, we are responsible for our own content on these pages in accordance with general laws. However, as a service provider, we are not [&hellip;]<\/p>\n","protected":false},"author":1,"featured_media":0,"parent":0,"menu_order":0,"comment_status":"closed","ping_status":"closed","template":"","meta":{"_acf_changed":false,"footnotes":""},"class_list":["post-88553","page","type-page","status-publish","hentry"],"acf":[],"_links":{"self":[{"href":"https:\/\/onekind-escort.com\/es\/wp-json\/wp\/v2\/pages\/88553","targetHints":{"allow":["GET"]}}],"collection":[{"href":"https:\/\/onekind-escort.com\/es\/wp-json\/wp\/v2\/pages"}],"about":[{"href":"https:\/\/onekind-escort.com\/es\/wp-json\/wp\/v2\/types\/page"}],"author":[{"embeddable":true,"href":"https:\/\/onekind-escort.com\/es\/wp-json\/wp\/v2\/users\/1"}],"replies":[{"embeddable":true,"href":"https:\/\/onekind-escort.com\/es\/wp-json\/wp\/v2\/comments?post=88553"}],"version-history":[{"count":1,"href":"https:\/\/onekind-escort.com\/es\/wp-json\/wp\/v2\/pages\/88553\/revisions"}],"predecessor-version":[{"id":88554,"href":"https:\/\/onekind-escort.com\/es\/wp-json\/wp\/v2\/pages\/88553\/revisions\/88554"}],"wp:attachment":[{"href":"https:\/\/onekind-escort.com\/es\/wp-json\/wp\/v2\/media?parent=88553"}],"curies":[{"name":"wp","href":"https:\/\/api.w.org\/{rel}","templated":true}]}}