{"id":89996,"date":"2025-09-11T17:21:33","date_gmt":"2025-09-11T17:21:33","guid":{"rendered":"https:\/\/onekind-escort.com\/?page_id=89996"},"modified":"2025-10-04T14:24:35","modified_gmt":"2025-10-04T14:24:35","slug":"university-student-escort","status":"publish","type":"page","link":"https:\/\/onekind-escort.com\/es\/perfect-match\/university-student-escort\/","title":{"rendered":"Acompa\u00f1ante universitaria: inteligente, juvenil y discreta"},"content":{"rendered":"<h2 data-start=\"97\" data-end=\"168\">El encanto de una escort estudiantil o universitaria<\/h2>\n<p data-start=\"170\" data-end=\"472\">En el exclusivo mundo de <strong data-start=\"196\" data-end=\"218\">Escorts de alta clase<\/strong>, <strong data-start=\"220\" data-end=\"242\">acompa\u00f1ante universitaria<\/strong>\u00a0Destacan como compa\u00f1eros \u00fanicos, llenos de <strong data-start=\"283\" data-end=\"320\">encanto juvenil y sofisticaci\u00f3n<\/strong>Estas mujeres no s\u00f3lo son atractivas; combinan <strong data-start=\"372\" data-end=\"411\">elegancia, inteligencia y cultura<\/strong>, lo que los convierte en compa\u00f1eros ideales para hombres con gustos refinados.<\/p>\n<p data-start=\"474\" data-end=\"826\">\u00bfQu\u00e9 hace que una acompa\u00f1ante estudiantil sea tan codiciada en el mundo de las citas de lujo? Estas j\u00f3venes combinan una activa vida acad\u00e9mica con la emoci\u00f3n y el glamour del mundo de las acompa\u00f1antes de lujo. Son inteligentes, cosmopolitas, multiling\u00fces y muchas tienen experiencia internacional. Su juventud, vitalidad y curiosidad natural las convierten en compa\u00f1eras irresistibles.<\/p>\n<p data-start=\"828\" data-end=\"1225\"><strong data-start=\"828\" data-end=\"850\">Escoltas universitarias<\/strong> Ofrecemos la mezcla perfecta: <strong data-start=\"874\" data-end=\"896\">inocencia juvenil<\/strong> emparejado con un <strong data-start=\"912\" data-end=\"957\">personalidad aventurera y sofisticada<\/strong>Su atractivo va m\u00e1s all\u00e1 de la belleza f\u00edsica; reside en su actitud abierta y su genuino inter\u00e9s en crear momentos inolvidables. Una cita con una acompa\u00f1ante estudiantil te permite... <strong data-start=\"1130\" data-end=\"1152\">escapar de la rutina<\/strong> y disfruta de experiencias \u00fanicas llenas de frescura, energ\u00eda y estilo.<\/p>\n<h2 data-start=\"1232\" data-end=\"1291\">\u00bfPor qu\u00e9 los estudiantes eligen convertirse en acompa\u00f1antes universitarios?<\/h2>\n<p data-start=\"1293\" data-end=\"1439\">Para muchas mujeres j\u00f3venes, ser una <strong data-start=\"1323\" data-end=\"1341\">acompa\u00f1ante estudiantil<\/strong> es una decisi\u00f3n consciente y estrat\u00e9gica, llena de ventajas que pocos trabajos convencionales pueden ofrecer:<\/p>\n<ul data-start=\"1441\" data-end=\"2203\">\n<li data-start=\"1441\" data-end=\"1697\">\n<p data-start=\"1443\" data-end=\"1697\"><strong data-start=\"1443\" data-end=\"1486\">Independencia financiera y flexibilidad:<\/strong> Pueden organizar sus propios horarios, compaginando estudios y trabajo sin comprometer su rendimiento acad\u00e9mico. A diferencia de los trabajos a tiempo parcial convencionales, esta profesi\u00f3n ofrece una mayor autonom\u00eda econ\u00f3mica.<\/p>\n<\/li>\n<li data-start=\"1699\" data-end=\"1965\">\n<p data-start=\"1701\" data-end=\"1965\"><strong data-start=\"1701\" data-end=\"1745\">Crecimiento personal y ampliaci\u00f3n de horizontes:<\/strong> Cada encuentro es una oportunidad para conocer gente interesante y de alto perfil, ampliar tu red social y obtener nuevas perspectivas de vida. La variedad de experiencias que se ofrecen permite un desarrollo personal continuo.<\/p>\n<\/li>\n<li data-start=\"1967\" data-end=\"2203\">\n<p data-start=\"1969\" data-end=\"2203\"><strong data-start=\"1969\" data-end=\"1997\">Estilo de vida sofisticado:<\/strong> El acceso a cenas exclusivas, viajes y eventos sociales forma parte del d\u00eda a d\u00eda de una acompa\u00f1ante universitaria. Este trabajo les permite experimentar el lujo y la sofisticaci\u00f3n como pocos trabajos pueden.<img loading=\"lazy\" decoding=\"async\" class=\"size-medium wp-image-90191 aligncenter\" src=\"https:\/\/onekind-escort.com\/wp-content\/uploads\/2025\/08\/Foto-07.08.25-13-15-52-16-200x300.jpg\" alt=\"\" width=\"200\" height=\"300\" srcset=\"https:\/\/onekind-escort.com\/wp-content\/uploads\/2025\/08\/Foto-07.08.25-13-15-52-16-200x300.jpg 200w, https:\/\/onekind-escort.com\/wp-content\/uploads\/2025\/08\/Foto-07.08.25-13-15-52-16-683x1024.jpg 683w, https:\/\/onekind-escort.com\/wp-content\/uploads\/2025\/08\/Foto-07.08.25-13-15-52-16-768x1151.jpg 768w, https:\/\/onekind-escort.com\/wp-content\/uploads\/2025\/08\/Foto-07.08.25-13-15-52-16-1025x1536.jpg 1025w, https:\/\/onekind-escort.com\/wp-content\/uploads\/2025\/08\/Foto-07.08.25-13-15-52-16-1366x2048.jpg 1366w, https:\/\/onekind-escort.com\/wp-content\/uploads\/2025\/08\/Foto-07.08.25-13-15-52-16-8x12.jpg 8w, https:\/\/onekind-escort.com\/wp-content\/uploads\/2025\/08\/Foto-07.08.25-13-15-52-16-scaled.jpg 1708w\" sizes=\"auto, (max-width: 200px) 100vw, 200px\" \/><\/p>\n<\/li>\n<\/ul>\n<p data-start=\"2205\" data-end=\"2401\">Para estas j\u00f3venes, ser una <strong data-start=\"2236\" data-end=\"2254\">acompa\u00f1ante estudiantil<\/strong> No es solo un trabajo, es una <strong data-start=\"2281\" data-end=\"2323\">oportunidad de vivir experiencias \u00fanicas<\/strong>, disfrutar del lujo y lograr estabilidad financiera mientras abraza su juventud.<\/p>\n<h2 data-start=\"2408\" data-end=\"2462\">Equilibrando los estudios y la vida como escort de lujo<\/h2>\n<p data-start=\"2464\" data-end=\"2731\">Trabajando como <strong data-start=\"2477\" data-end=\"2498\">acompa\u00f1ante universitaria<\/strong> Permite un equilibrio perfecto entre las responsabilidades acad\u00e9micas y una estimulante vida social. De d\u00eda, asisten a clases y se concentran en los estudios; de noche, se transforman en sofisticadas compa\u00f1eras listas para compartir momentos especiales.<\/p>\n<p data-start=\"2733\" data-end=\"2998\">Un d\u00eda t\u00edpico puede incluir clases por la ma\u00f1ana, sesiones de estudio por la tarde y una <strong data-start=\"2809\" data-end=\"2850\">cena elegante en un restaurante de lujo<\/strong> Por la noche. Este equilibrio permite a las acompa\u00f1antes estudiantiles disfrutar de ambas facetas de su personalidad: desarrollo acad\u00e9mico y experiencias sociales de alto nivel.<\/p>\n<h2 data-start=\"3005\" data-end=\"3079\">Escort Universitaria \u2013 Tres Fantas\u00edas Exclusivas con una Estudiante de Compa\u00f1\u00eda<\/h2>\n<p data-start=\"3081\" data-end=\"3297\">Una cita con una escort estudiante va m\u00e1s all\u00e1 de un simple encuentro: es <strong data-start=\"3145\" data-end=\"3194\">Inmersi\u00f3n en un mundo de fantas\u00eda y romance.<\/strong>Estos acompa\u00f1antes saben c\u00f3mo hacer que cada cita sea memorable. Algunas de las fantas\u00edas m\u00e1s deseadas incluyen:<\/p>\n<p data-start=\"3299\" data-end=\"3607\"><strong data-start=\"3299\" data-end=\"3345\">Fantas\u00eda 1: El primer beso en el bar del hotel<\/strong><br data-start=\"3345\" data-end=\"3348\" \/>La acompa\u00f1ante estudiantil llega impecablemente vestida, con una sonrisa cautivadora y un aire de misterio. La conversaci\u00f3n fluye con naturalidad y la qu\u00edmica crece. <strong data-start=\"3499\" data-end=\"3513\">primer beso<\/strong> En el elegante bar de un hotel comienza una velada inolvidable y llena de conexiones.<\/p>\n<p data-start=\"3609\" data-end=\"3952\"><strong data-start=\"3609\" data-end=\"3658\">Fantas\u00eda 2: Una velada en la \u00f3pera o el teatro<\/strong><br data-start=\"3658\" data-end=\"3661\" \/>Una acompa\u00f1ante universitaria con vestido de gala acompa\u00f1a a su cliente a la \u00f3pera o al teatro. Las miradas, los gestos y la conversaci\u00f3n \u00edntima durante la funci\u00f3n crean una conexi\u00f3n especial. Despu\u00e9s del espect\u00e1culo, un... <strong data-start=\"3861\" data-end=\"3881\">cena exclusiva<\/strong> Completa la noche, combinando cultura, sofisticaci\u00f3n y romance.<\/p>\n<p data-start=\"3954\" data-end=\"4253\"><strong data-start=\"3954\" data-end=\"4012\">Fantas\u00eda 3: Un viaje rom\u00e1ntico a un destino exclusivo<\/strong><br data-start=\"4012\" data-end=\"4015\" \/>Desde villas privadas en la costa hasta encantadoras escapadas urbanas, cada momento se convierte en una aventura compartida. Desayunos con vistas al mar, paseos rom\u00e1nticos y cenas al atardecer hacen de cada viaje una experiencia \u00fanica. <strong data-start=\"4209\" data-end=\"4250\">Relajaci\u00f3n total y disfrute mutuo<\/strong>.<\/p>\n<h2 data-start=\"4260\" data-end=\"4309\">Especiales de ciudad: Escorts universitarias en Espa\u00f1a<\/h2>\n<p data-start=\"4311\" data-end=\"4388\">Cada ciudad de Espa\u00f1a ofrece experiencias \u00fanicas con una <strong data-start=\"4364\" data-end=\"4385\">acompa\u00f1ante universitaria<\/strong>.<\/p>\n<p data-start=\"4390\" data-end=\"4409\"><strong data-start=\"4390\" data-end=\"4407\">\u00a0 \u00a0 \u00a0Barcelona<\/strong><\/p>\n<ul data-start=\"4410\" data-end=\"4654\">\n<li data-start=\"4410\" data-end=\"4504\">\n<p data-start=\"4412\" data-end=\"4504\"><strong data-start=\"4412\" data-end=\"4429\">Universidades:<\/strong> <a href=\"https:\/\/web.ub.edu\/es\/inicio\" rel=\"noopener\">Universidad de Barcelona (UB)<\/a>, Universidad Polit\u00e9cnica de Catalu\u00f1a (UPC).<\/p>\n<\/li>\n<li data-start=\"4505\" data-end=\"4654\">\n<p data-start=\"4507\" data-end=\"4654\"><strong data-start=\"4507\" data-end=\"4522\">Actividades:<\/strong> Visitas privadas a la Sagrada Familia o al Museo Picasso, excursiones en yate por el Mediterr\u00e1neo, sesiones de spa con vistas al mar.<\/p>\n<\/li>\n<\/ul>\n<p data-start=\"4656\" data-end=\"4672\"><strong data-start=\"4656\" data-end=\"4670\">\u00a0 \u00a0 \u00a0Madrid<\/strong><\/p>\n<ul data-start=\"4673\" data-end=\"4833\">\n<li data-start=\"4673\" data-end=\"4724\">\n<p data-start=\"4675\" data-end=\"4724\"><strong data-start=\"4675\" data-end=\"4692\">Universidades:<\/strong> <a href=\"https:\/\/www.ucm.es\/\" rel=\"noopener\">Universidad Complutense (UCM).<\/a><\/p>\n<\/li>\n<li data-start=\"4725\" data-end=\"4833\">\n<p data-start=\"4727\" data-end=\"4833\"><strong data-start=\"4727\" data-end=\"4742\">Actividades:<\/strong> Museo del Prado, Teatro Real, paseos por el Parque del Retiro, cenas en azoteas con vistas panor\u00e1micas.<\/p>\n<\/li>\n<\/ul>\n<p data-start=\"4835\" data-end=\"4852\"><strong data-start=\"4835\" data-end=\"4850\">\u00a0 \u00a0 \u00a0Sevilla<\/strong><\/p>\n<ul data-start=\"4853\" data-end=\"5024\">\n<li data-start=\"4853\" data-end=\"4897\">\n<p data-start=\"4855\" data-end=\"4897\"><strong data-start=\"4855\" data-end=\"4872\">Universidades:<\/strong> <a href=\"https:\/\/www.us.es\/\" rel=\"noopener\">Universidad de Sevilla.<\/a><\/p>\n<\/li>\n<li data-start=\"4898\" data-end=\"5024\">\n<p data-start=\"4900\" data-end=\"5024\"><strong data-start=\"4900\" data-end=\"4915\">Actividades:<\/strong> Espect\u00e1culos de flamenco, rom\u00e1nticos paseos en carruaje por el casco antiguo, cenas a la luz de las velas junto al r\u00edo Guadalquivir.<\/p>\n<\/li>\n<\/ul>\n<p data-start=\"5026\" data-end=\"5042\"><strong data-start=\"5026\" data-end=\"5040\">\u00a0 \u00a0 \u00a0Bilbao<\/strong><\/p>\n<ul data-start=\"5043\" data-end=\"5210\">\n<li data-start=\"5043\" data-end=\"5108\">\n<p data-start=\"5045\" data-end=\"5108\"><strong data-start=\"5045\" data-end=\"5062\">Universidades:<\/strong><a href=\"https:\/\/www.ehu.eus\/en\/en-home\" rel=\"noopener\"> Universidad del Pa\u00eds Vasco (UPV\/EHU).<\/a><\/p>\n<\/li>\n<li data-start=\"5109\" data-end=\"5210\">\n<p data-start=\"5111\" data-end=\"5210\"><strong data-start=\"5111\" data-end=\"5126\">Actividades:<\/strong> Museo Guggenheim, Telef\u00e9rico de Artxanda, cenas en restaurantes tradicionales vascos.<\/p>\n<\/li>\n<\/ul>\n<p data-start=\"5212\" data-end=\"5230\"><strong data-start=\"5212\" data-end=\"5228\">\u00a0 \u00a0 \u00a0Zaragoza<\/strong><\/p>\n<ul data-start=\"5231\" data-end=\"5374\">\n<li data-start=\"5231\" data-end=\"5276\">\n<p data-start=\"5233\" data-end=\"5276\"><strong data-start=\"5233\" data-end=\"5250\">Universidades:<\/strong> <a href=\"https:\/\/www.unizar.es\/\" rel=\"noopener\">Universidad de Zaragoza.<\/a><\/p>\n<\/li>\n<li data-start=\"5277\" data-end=\"5374\">\n<p data-start=\"5279\" data-end=\"5374\"><strong data-start=\"5279\" data-end=\"5294\">Actividades:<\/strong> Bas\u00edlica del Pilar, paseos en barco por el r\u00edo Ebro, cenas en el casco antiguo.<\/p>\n<\/li>\n<\/ul>\n<h2 data-start=\"5381\" data-end=\"5439\">Escorts Universitarias \u2013 Discreci\u00f3n y Profesionalismo<\/h2>\n<p data-start=\"5441\" data-end=\"5643\"><strong data-start=\"5441\" data-end=\"5475\">Discreci\u00f3n y profesionalidad<\/strong> Son los cimientos de One Kind Luxury Escort. Todas las acompa\u00f1antes universitarias comprenden la importancia de la confidencialidad y mantienen una conducta profesional en todo momento.<\/p>\n<p data-start=\"5645\" data-end=\"5858\">Los clientes de alto perfil pueden <strong data-start=\"5670\" data-end=\"5720\">Rel\u00e1jate y disfruta de la experiencia sin preocupaciones.<\/strong>, sabiendo que est\u00e1n en manos de compa\u00f1eros confiables, elegantes y emp\u00e1ticos capaces de crear <strong data-start=\"5820\" data-end=\"5855\">momentos aut\u00e9nticos y memorables<\/strong>.<\/p>\n<p data-start=\"5645\" data-end=\"5858\"><img loading=\"lazy\" decoding=\"async\" class=\"size-medium wp-image-90561 aligncenter\" src=\"https:\/\/onekind-escort.com\/wp-content\/uploads\/2025\/08\/SOFIA_LOGO_CENSORED_FULL_IMG_7282-200x300.jpg\" alt=\"\" width=\"200\" height=\"300\" srcset=\"https:\/\/onekind-escort.com\/wp-content\/uploads\/2025\/08\/SOFIA_LOGO_CENSORED_FULL_IMG_7282-200x300.jpg 200w, https:\/\/onekind-escort.com\/wp-content\/uploads\/2025\/08\/SOFIA_LOGO_CENSORED_FULL_IMG_7282-683x1024.jpg 683w, https:\/\/onekind-escort.com\/wp-content\/uploads\/2025\/08\/SOFIA_LOGO_CENSORED_FULL_IMG_7282-768x1151.jpg 768w, https:\/\/onekind-escort.com\/wp-content\/uploads\/2025\/08\/SOFIA_LOGO_CENSORED_FULL_IMG_7282-1025x1536.jpg 1025w, https:\/\/onekind-escort.com\/wp-content\/uploads\/2025\/08\/SOFIA_LOGO_CENSORED_FULL_IMG_7282-1366x2048.jpg 1366w, https:\/\/onekind-escort.com\/wp-content\/uploads\/2025\/08\/SOFIA_LOGO_CENSORED_FULL_IMG_7282-8x12.jpg 8w, https:\/\/onekind-escort.com\/wp-content\/uploads\/2025\/08\/SOFIA_LOGO_CENSORED_FULL_IMG_7282-scaled.jpg 1708w\" sizes=\"auto, (max-width: 200px) 100vw, 200px\" \/><\/p>\n<h2 data-start=\"5865\" data-end=\"5912\">C\u00f3mo reservar una escort universitaria en Espa\u00f1a<\/h2>\n<p data-start=\"5914\" data-end=\"6165\">Reservar una <strong data-start=\"5924\" data-end=\"5942\">acompa\u00f1ante estudiantil<\/strong> en Espa\u00f1a con One Kind Luxury Escort es <strong data-start=\"5983\" data-end=\"6014\">Simple, seguro y privado<\/strong>Nuestro equipo ofrece asesoramiento personalizado para ayudar a los clientes a encontrar la compa\u00f1\u00eda perfecta, ya sea para una cita breve, una velada elegante o una escapada de fin de semana.<\/p>\n<p data-start=\"6167\" data-end=\"6331\">Cada escort es cuidadosamente seleccionada para <strong data-start=\"6205\" data-end=\"6252\">elegancia, inteligencia y profesionalismo<\/strong>, garantizando experiencias de lujo, desde cenas sofisticadas hasta escapadas rom\u00e1nticas.<\/p>\n<h2 data-start=\"6338\" data-end=\"6408\">Excursus: \u00bfQuieres convertirte en una escort universitaria de alto nivel?<\/h2>\n<p data-start=\"6410\" data-end=\"6614\">One Kind Luxury Escort busca mujeres j\u00f3venes, talentosas y comprometidas interesadas en convertirse en <strong data-start=\"6499\" data-end=\"6518\">acompa\u00f1antes estudiantiles<\/strong>Los requisitos incluyen confianza, discreci\u00f3n, apertura y gusto por el lujo y la aventura.<\/p>\n<p data-start=\"6616\" data-end=\"6650\"><strong data-start=\"6616\" data-end=\"6648\">Beneficios de trabajar con nosotros:<\/strong><\/p>\n<ul data-start=\"6651\" data-end=\"6907\">\n<li data-start=\"6651\" data-end=\"6732\">\n<p data-start=\"6653\" data-end=\"6732\"><strong data-start=\"6653\" data-end=\"6675\">Horario flexible:<\/strong> Combinar estudios y vida personal con la profesi\u00f3n.<\/p>\n<\/li>\n<li data-start=\"6733\" data-end=\"6805\">\n<p data-start=\"6735\" data-end=\"6805\"><strong data-start=\"6735\" data-end=\"6762\">Independencia financiera:<\/strong> Acceda a un estilo de vida c\u00f3modo y elegante.<\/p>\n<\/li>\n<li data-start=\"6806\" data-end=\"6907\">\n<p data-start=\"6808\" data-end=\"6907\"><strong data-start=\"6808\" data-end=\"6833\">Desarrollo personal:<\/strong> Ampl\u00eda horizontes, conoce gente interesante y vive experiencias \u00fanicas.<\/p>\n<\/li>\n<\/ul>\n<p data-start=\"6909\" data-end=\"7069\">El proceso de selecci\u00f3n es sencillo y guiado. Ser acompa\u00f1ante estudiantil en One Kind Luxury Escort es m\u00e1s que un trabajo: es... <strong data-start=\"7027\" data-end=\"7066\">Un estilo de vida emocionante y enriquecedor<\/strong>.<\/p>\n<h2 data-start=\"7076\" data-end=\"7151\">Conclusi\u00f3n: La experiencia \u00fanica de una cita con una escort universitaria<\/h2>\n<p data-start=\"7153\" data-end=\"7382\">Una cita con una escort estudiantil es m\u00e1s que un encuentro: es <strong data-start=\"7211\" data-end=\"7254\">Fantas\u00eda, aventura y conexi\u00f3n profunda.<\/strong>Con una joven inteligente, sofisticada y encantadora a tu lado, cada momento se vuelve... <strong data-start=\"7352\" data-end=\"7379\">exclusivo y memorable<\/strong>.<\/p>\n<p data-start=\"7384\" data-end=\"7549\">Ya sea una conversaci\u00f3n estimulante, una experiencia cultural o una escapada rom\u00e1ntica, nuestras acompa\u00f1antes estudiantes est\u00e1n listas para brindar <strong data-start=\"7512\" data-end=\"7546\">Aut\u00e9ntico lujo y disfrute<\/strong>.<\/p>\n<p data-start=\"7551\" data-end=\"7760\">Con One Kind Luxury Escort, cada encuentro es <strong data-start=\"7599\" data-end=\"7661\">Especial, \u00fanico y adaptado a sus m\u00e1s altas expectativas.<\/strong>Reserva hoy y sum\u00e9rgete en un mundo de elegancia, pasi\u00f3n y experiencias inolvidables.<\/p>","protected":false},"excerpt":{"rendered":"<p>The Charm of a Student Escort or University Escort In the exclusive world of High Class Escorts, university escort\u00a0stand out as unique companions, full of youthful charm and sophistication. These women are not only attractive; they combine elegance, intelligence, and culture, making them ideal companions for men with refined tastes. What makes a student escort [&hellip;]<\/p>\n","protected":false},"author":1,"featured_media":88133,"parent":89474,"menu_order":0,"comment_status":"closed","ping_status":"closed","template":"","meta":{"_acf_changed":false,"footnotes":""},"class_list":["post-89996","page","type-page","status-publish","has-post-thumbnail","hentry"],"acf":[],"_links":{"self":[{"href":"https:\/\/onekind-escort.com\/es\/wp-json\/wp\/v2\/pages\/89996","targetHints":{"allow":["GET"]}}],"collection":[{"href":"https:\/\/onekind-escort.com\/es\/wp-json\/wp\/v2\/pages"}],"about":[{"href":"https:\/\/onekind-escort.com\/es\/wp-json\/wp\/v2\/types\/page"}],"author":[{"embeddable":true,"href":"https:\/\/onekind-escort.com\/es\/wp-json\/wp\/v2\/users\/1"}],"replies":[{"embeddable":true,"href":"https:\/\/onekind-escort.com\/es\/wp-json\/wp\/v2\/comments?post=89996"}],"version-history":[{"count":7,"href":"https:\/\/onekind-escort.com\/es\/wp-json\/wp\/v2\/pages\/89996\/revisions"}],"predecessor-version":[{"id":90838,"href":"https:\/\/onekind-escort.com\/es\/wp-json\/wp\/v2\/pages\/89996\/revisions\/90838"}],"up":[{"embeddable":true,"href":"https:\/\/onekind-escort.com\/es\/wp-json\/wp\/v2\/pages\/89474"}],"wp:featuredmedia":[{"embeddable":true,"href":"https:\/\/onekind-escort.com\/es\/wp-json\/wp\/v2\/media\/88133"}],"wp:attachment":[{"href":"https:\/\/onekind-escort.com\/es\/wp-json\/wp\/v2\/media?parent=89996"}],"curies":[{"name":"wp","href":"https:\/\/api.w.org\/{rel}","templated":true}]}}