{"id":89998,"date":"2025-09-11T17:21:48","date_gmt":"2025-09-11T17:21:48","guid":{"rendered":"https:\/\/onekind-escort.com\/?page_id=89998"},"modified":"2025-10-04T08:54:31","modified_gmt":"2025-10-04T08:54:31","slug":"duo-escort-dates","status":"publish","type":"page","link":"https:\/\/onekind-escort.com\/es\/perfect-match\/duo-escort-dates\/","title":{"rendered":"Escort D\u00fao \u2013 Doble Deseo, Doble Intimidad"},"content":{"rendered":"<p><span style=\"font-weight: 400;\">Imag\u00ednate esto: Dos mujeres deslumbrantes, sensuales e irresistiblemente atractivas, se entregan por completo a ti para disfrutar de una cita con una escort duo. Se turnan para acariciarte, provocarte y colmarte de atenciones. Al mismo tiempo, sus miradas se encuentran y una chispa innegable se enciende entre ellas. Lentamente, se inclinan la una hacia la otra, sus labios se unen en besos profundos y apasionados que aceleran tu pulso. Sus manos exploran las curvas de la otra, sus gemidos son suaves y embriagadores, pero a pesar de todo, <\/span><b>T\u00fa sigues siendo el centro de este emocionante encuentro.<\/b><span style=\"font-weight: 400;\">.<\/span><\/p>\n<p><span style=\"font-weight: 400;\">\u00c9sta es la esencia de una <\/span><b>cita de acompa\u00f1ante d\u00fao<\/b><span style=\"font-weight: 400;\">No se trata solo de estar con dos mujeres a la vez; se trata de estar rodeado del doble de cari\u00f1o, el doble de pasi\u00f3n y el doble de energ\u00eda sensual. No tienes que elegir entre verlas entregarse a sus juegos er\u00f3ticos o sentir sus cuerpos contra el tuyo. Con una acompa\u00f1ante d\u00fao, disfrutas de ambas cosas: la emoci\u00f3n del placer voyerista y el \u00e9xtasis de ser mimado activamente por dos mujeres que comparten la misma misi\u00f3n: hacerte el hombre m\u00e1s feliz del mundo.<\/span><\/p>\n<p><span style=\"font-weight: 400;\">En el diverso mundo de las citas y la compa\u00f1\u00eda, pocas experiencias son tan electrizantes como esta. Una cita con una acompa\u00f1ante en d\u00fao combina sofisticaci\u00f3n con una intimidad aventurera, lo que la convierte en uno de los servicios m\u00e1s solicitados en el mundo de las acompa\u00f1antes de lujo. Es el equilibrio perfecto entre elegancia y erotismo: una fantas\u00eda privada donde la pasi\u00f3n, la alegr\u00eda y la pura indulgencia se multiplican por dos.<\/span><\/p>\n<p>&nbsp;<\/p>\n<p><img loading=\"lazy\" decoding=\"async\" class=\"aligncenter wp-image-88119 size-medium\" src=\"https:\/\/onekind-escort.com\/wp-content\/uploads\/2025\/03\/MONICA_5_LOGO_CENSORED_B-200x300.jpg\" alt=\"\" width=\"200\" height=\"300\" srcset=\"https:\/\/onekind-escort.com\/wp-content\/uploads\/2025\/03\/MONICA_5_LOGO_CENSORED_B-200x300.jpg 200w, https:\/\/onekind-escort.com\/wp-content\/uploads\/2025\/03\/MONICA_5_LOGO_CENSORED_B-683x1024.jpg 683w, https:\/\/onekind-escort.com\/wp-content\/uploads\/2025\/03\/MONICA_5_LOGO_CENSORED_B-768x1152.jpg 768w, https:\/\/onekind-escort.com\/wp-content\/uploads\/2025\/03\/MONICA_5_LOGO_CENSORED_B-1024x1536.jpg 1024w, https:\/\/onekind-escort.com\/wp-content\/uploads\/2025\/03\/MONICA_5_LOGO_CENSORED_B-8x12.jpg 8w, https:\/\/onekind-escort.com\/wp-content\/uploads\/2025\/03\/MONICA_5_LOGO_CENSORED_B-1140x1710.jpg 1140w, https:\/\/onekind-escort.com\/wp-content\/uploads\/2025\/03\/MONICA_5_LOGO_CENSORED_B-920x1380.jpg 920w, https:\/\/onekind-escort.com\/wp-content\/uploads\/2025\/03\/MONICA_5_LOGO_CENSORED_B-575x863.jpg 575w, https:\/\/onekind-escort.com\/wp-content\/uploads\/2025\/03\/MONICA_5_LOGO_CENSORED_B-380x570.jpg 380w, https:\/\/onekind-escort.com\/wp-content\/uploads\/2025\/03\/MONICA_5_LOGO_CENSORED_B-420x630.jpg 420w, https:\/\/onekind-escort.com\/wp-content\/uploads\/2025\/03\/MONICA_5_LOGO_CENSORED_B-800x1200.jpg 800w, https:\/\/onekind-escort.com\/wp-content\/uploads\/2025\/03\/MONICA_5_LOGO_CENSORED_B.jpg 1280w\" sizes=\"auto, (max-width: 200px) 100vw, 200px\" \/><\/p>\n<p>&nbsp;<\/p>\n<h2><b>\u00bfQu\u00e9 es una cita con un acompa\u00f1ante d\u00fao?<\/b><\/h2>\n<p><span style=\"font-weight: 400;\">A <\/span><b>cita de acompa\u00f1ante d\u00fao<\/b><span style=\"font-weight: 400;\"> Significa disfrutar de la compa\u00f1\u00eda de dos mujeres simult\u00e1neamente. A diferencia de un tr\u00edo t\u00edpico, que suele centrarse \u00fanicamente en lo f\u00edsico, un encuentro con una acompa\u00f1ante puede adoptar diversas formas: desde una cena a la luz de las velas hasta una glamurosa noche de gala, o una velada divertida en la intimidad de la suite de tu hotel.<\/span><\/p>\n<p>Una cita con una escort dupla se trata de una doble tentaci\u00f3n: dos acompa\u00f1antes encantadoras que unen fuerzas para seducirte y consentirte juntas. Aunque su objetivo principal es satisfacer tus deseos, pueden compartir caricias tiernas y besos sensuales, pero la intimidad entre ellas se mantiene juguetona y cari\u00f1osa, sin llegar a la intimidad sexual. El resultado es una experiencia de elegancia, pasi\u00f3n y atenci\u00f3n irresistible, completamente dedicada a ti.<\/p>\n<p>A diferencia de una cita de acompa\u00f1antes bisexuales, donde ambas mujeres tambi\u00e9n comparten el cuerpo de la otra, una cita de acompa\u00f1antes d\u00fao mantiene al caballero en el centro de atenci\u00f3n: \u00e9l es el deseado, mimado y completamente consentido, mientras las dos damas lo encantan juntas con su elegancia y sensualidad.<\/p>\n<p><span style=\"font-weight: 400;\">La emoci\u00f3n est\u00e1 en la <\/span><b>din\u00e1mica entre tres personas<\/b><span style=\"font-weight: 400;\">Como caballero, tienes el placer \u2014y el reto\u2014 de equilibrar la atenci\u00f3n entre dos mujeres, creando armon\u00eda mientras disfrutas de la qu\u00edmica \u00fanica que surge. Para las damas, es igual de emocionante: no solo conectan contigo, sino tambi\u00e9n entre s\u00ed, lo que a menudo a\u00f1ade otra dimensi\u00f3n de intimidad y energ\u00eda l\u00fadica a la experiencia.<\/span><\/p>\n<h2><b>\u00bfPor qu\u00e9 los caballeros eligen una escort d\u00fao?<\/b><\/h2>\n<p><span style=\"font-weight: 400;\">La idea de una <\/span><b>cita de acompa\u00f1ante d\u00fao<\/b><span style=\"font-weight: 400;\"> Estimula la imaginaci\u00f3n como pocas experiencias en el mundo de la compa\u00f1\u00eda de lujo. Pero, \u00bfqu\u00e9 hace que este concepto sea tan atractivo y por qu\u00e9 es uno de los servicios m\u00e1s solicitados en el mundo de las escorts de lujo? Analicemos las razones m\u00e1s comunes por las que los hombres, y a menudo las parejas aventureras, se sienten atra\u00eddos por la emoci\u00f3n de reservar una... <\/span><b>cita de acompa\u00f1ante d\u00fao<\/b><span style=\"font-weight: 400;\">.<\/span><\/p>\n<p><img loading=\"lazy\" decoding=\"async\" class=\"size-medium wp-image-89694 aligncenter\" src=\"https:\/\/onekind-escort.com\/wp-content\/uploads\/2025\/07\/OK3_Logo_5_CENSORED_FULL-300x200.jpg\" alt=\"\" width=\"300\" height=\"200\" srcset=\"https:\/\/onekind-escort.com\/wp-content\/uploads\/2025\/07\/OK3_Logo_5_CENSORED_FULL-300x200.jpg 300w, https:\/\/onekind-escort.com\/wp-content\/uploads\/2025\/07\/OK3_Logo_5_CENSORED_FULL-1024x683.jpg 1024w, https:\/\/onekind-escort.com\/wp-content\/uploads\/2025\/07\/OK3_Logo_5_CENSORED_FULL-768x512.jpg 768w, https:\/\/onekind-escort.com\/wp-content\/uploads\/2025\/07\/OK3_Logo_5_CENSORED_FULL-1536x1024.jpg 1536w, https:\/\/onekind-escort.com\/wp-content\/uploads\/2025\/07\/OK3_Logo_5_CENSORED_FULL-18x12.jpg 18w, https:\/\/onekind-escort.com\/wp-content\/uploads\/2025\/07\/OK3_Logo_5_CENSORED_FULL.jpg 1920w\" sizes=\"auto, (max-width: 300px) 100vw, 300px\" \/><\/p>\n<h3><b>1. Variedad e intensidad<\/b><\/h3>\n<p><span style=\"font-weight: 400;\">A <\/span><b>cita de acompa\u00f1ante d\u00fao<\/b><span style=\"font-weight: 400;\"> Amplifica cada sensaci\u00f3n. Con dos mujeres a tu lado, cada sonrisa, cada mirada, cada beso se siente el doble de intenso. Una se acerca para susurrar algo provocativo, mientras la otra te acaricia el brazo; de repente, eres el centro de dos energ\u00edas femeninas que convergen en perfecta armon\u00eda. La intensidad es abrumadora, de la forma m\u00e1s deliciosa, convirtiendo cada caricia en un momento inolvidable.<\/span><\/p>\n<h3><b>2. Cumplir fantas\u00edas de larga data<\/b><\/h3>\n<p><span style=\"font-weight: 400;\">Para muchos hombres, la idea de estar con dos mujeres a la vez es la m\u00e1xima fantas\u00eda. <\/span><b>cita de acompa\u00f1ante d\u00fao<\/b><span style=\"font-weight: 400;\"> Hace realidad este sue\u00f1o en un ambiente elegante, discreto y sin presiones. Algunos hombres anhelan ser el centro de atenci\u00f3n, disfrutando de la atenci\u00f3n de dos mujeres sensuales a la vez. Otros prefieren el placer voyerista de ver a dos acompa\u00f1antes besarse, tocarse y explorarse mutuamente antes de invitarlas a unirse. Sea cual sea el rol que prefieras, esta cita con acompa\u00f1antes...<\/span><span style=\"font-weight: 400;\">\u00a0Est\u00e1 dise\u00f1ado para cumplir tus deseos con elegancia.<\/span><\/p>\n<h3><b>3. Flexibilidad y libertad<\/b><\/h3>\n<p><span style=\"font-weight: 400;\">La belleza de una <\/span><b>cita de acompa\u00f1ante d\u00fao<\/b><span style=\"font-weight: 400;\"> Es su versatilidad. Quiz\u00e1s imagines una cena rom\u00e1ntica para tres, con risas, vino y coqueteo que desemboca naturalmente en pasi\u00f3n. O tal vez desees la emoci\u00f3n de entrar en un evento con dos acompa\u00f1antes impresionantes a tu lado. Por supuesto, tambi\u00e9n puedes optar por disfrutar de una velada privada a puerta cerrada, donde toda la atenci\u00f3n se centre \u00fanicamente en ti. Dondequiera que se desarrolle tu fantas\u00eda, una <\/span><b>cita de acompa\u00f1ante d\u00fao<\/b><span style=\"font-weight: 400;\"> Se adapta a tu estilo de vida y a tus preferencias.<\/span><\/p>\n<p><img loading=\"lazy\" decoding=\"async\" class=\"size-medium wp-image-87340 aligncenter\" src=\"https:\/\/onekind-escort.com\/wp-content\/uploads\/2024\/11\/OK_DUO_Logo_1_CENSORED-200x300.jpg\" alt=\"\" width=\"200\" height=\"300\" srcset=\"https:\/\/onekind-escort.com\/wp-content\/uploads\/2024\/11\/OK_DUO_Logo_1_CENSORED-200x300.jpg 200w, https:\/\/onekind-escort.com\/wp-content\/uploads\/2024\/11\/OK_DUO_Logo_1_CENSORED-420x630.jpg 420w, https:\/\/onekind-escort.com\/wp-content\/uploads\/2024\/11\/OK_DUO_Logo_1_CENSORED-800x1200.jpg 800w, https:\/\/onekind-escort.com\/wp-content\/uploads\/2024\/11\/OK_DUO_Logo_1_CENSORED-683x1024.jpg 683w, https:\/\/onekind-escort.com\/wp-content\/uploads\/2024\/11\/OK_DUO_Logo_1_CENSORED-768x1152.jpg 768w, https:\/\/onekind-escort.com\/wp-content\/uploads\/2024\/11\/OK_DUO_Logo_1_CENSORED-1024x1536.jpg 1024w, https:\/\/onekind-escort.com\/wp-content\/uploads\/2024\/11\/OK_DUO_Logo_1_CENSORED-8x12.jpg 8w, https:\/\/onekind-escort.com\/wp-content\/uploads\/2024\/11\/OK_DUO_Logo_1_CENSORED-1140x1710.jpg 1140w, https:\/\/onekind-escort.com\/wp-content\/uploads\/2024\/11\/OK_DUO_Logo_1_CENSORED-920x1380.jpg 920w, https:\/\/onekind-escort.com\/wp-content\/uploads\/2024\/11\/OK_DUO_Logo_1_CENSORED-575x863.jpg 575w, https:\/\/onekind-escort.com\/wp-content\/uploads\/2024\/11\/OK_DUO_Logo_1_CENSORED-380x570.jpg 380w, https:\/\/onekind-escort.com\/wp-content\/uploads\/2024\/11\/OK_DUO_Logo_1_CENSORED.jpg 1280w\" sizes=\"auto, (max-width: 200px) 100vw, 200px\" \/><\/p>\n<h3><b>4. Sin presi\u00f3n, solo placer<\/b><\/h3>\n<p><span style=\"font-weight: 400;\">A diferencia de los encuentros inciertos de la vida real, un <\/span><b>cita de acompa\u00f1ante d\u00fao<\/b><span style=\"font-weight: 400;\"> Se adapta completamente a tu comodidad y ritmo. \u00bfQuieres ser el protagonista, tomar la iniciativa y complacer a dos mujeres a la vez? \u00bfO prefieres relajarte y observar c\u00f3mo se miman con besos apasionados y caricias tiernas? Con una cita con una acompa\u00f1ante en d\u00fao, puedes disfrutar de ambas cosas. Nos centramos siempre en el disfrute compartido, creando una experiencia emocionante, satisfactoria y sin presiones.<\/span><\/p>\n<h2><b>Tres fantas\u00edas populares sobre las citas con acompa\u00f1antes<\/b><\/h2>\n<p><span style=\"font-weight: 400;\">El llamamiento<\/span><span style=\"font-weight: 400;\">\u00a0No se trata solo de la pasi\u00f3n que comparten, sino tambi\u00e9n de los emocionantes escenarios que les permite experimentar. Imag\u00ednense en estas tres fantas\u00edas comunes:<\/span><\/p>\n<h3><b>1. T\u00fa como el caballero en el centro<\/b><\/h3>\n<p><span style=\"font-weight: 400;\">Imag\u00ednate como la pieza central carism\u00e1tica, admirada y deseada por dos mujeres a la vez. En un <\/span><b>cita de acompa\u00f1ante d\u00fao<\/b><span style=\"font-weight: 400;\">, esta fantas\u00eda se convierte en realidad: ambas damas centran su encanto, afecto y atenci\u00f3n enteramente en ti, creando la embriagadora sensaci\u00f3n de ser el centro absoluto del deseo.<\/span><\/p>\n<h3><b>2. El desaf\u00edo del equilibrio<\/b><\/h3>\n<p><span style=\"font-weight: 400;\">Una fantas\u00eda diferente reside en el arte del equilibrio: brindar a ambas mujeres la misma atenci\u00f3n mientras disfrutan de la armon\u00eda de una din\u00e1mica de tr\u00edo perfectamente afinada. <\/span><b>cita de acompa\u00f1ante d\u00fao<\/b><span style=\"font-weight: 400;\">Podr\u00e1s poner a prueba tu encanto y delicadeza, haciendo que cada mujer se sienta igualmente valorada. \u00bfLa recompensa? Una noche de pasi\u00f3n que te conectar\u00e1 profundamente y te llenar\u00e1 de satisfacci\u00f3n.<\/span><\/p>\n<h3><b>3. Jugando con los celos<\/b><\/h3>\n<p><span style=\"font-weight: 400;\">Quiz\u00e1s te fascine la sutil tensi\u00f3n que surge cuando dos mujeres interact\u00faan. \u00bfQui\u00e9n recibe m\u00e1s besos? \u00bfQui\u00e9n lleva la delantera? Estos celos juguetones y desenfadados intensifican la carga er\u00f3tica de tu... <\/span><b>cita de acompa\u00f1ante d\u00fao<\/b><span style=\"font-weight: 400;\">, intensificando el deseo y haciendo la velada a\u00fan m\u00e1s emocionante.<\/span><\/p>\n<p>&nbsp;<\/p>\n<h2><b>Citas con acompa\u00f1antes en d\u00fao: como voyeur o participante<\/b><\/h2>\n<p><span style=\"font-weight: 400;\">No todos los hombres se acercan a una acompa\u00f1ante con el mismo deseo. Algunos prefieren involucrarse activamente, seduciendo y complaciendo a dos mujeres a la vez. Otros prefieren tomar distancia, adoptando el rol de voyeur, simplemente observando.<a href=\"http:\/\/www.grazia-escort.com\" rel=\"noopener\"> las dos damas<\/a> explorar los cuerpos del otro con pasi\u00f3n.<\/span><\/p>\n<p><span style=\"font-weight: 400;\">La belleza de una cita con una acompa\u00f1ante dupla es que <\/span><b>Ambas opciones son posibles<\/b><span style=\"font-weight: 400;\">Pueden empezar despacio, quiz\u00e1s con unas copas y una conversaci\u00f3n amena, antes de decidir si quieren sumergirse por completo en la acci\u00f3n o simplemente disfrutar de las vistas. La flexibilidad es fundamental en cada cita en pareja.<\/span><\/p>\n<h2><b>\u00bfD\u00f3nde puede tener lugar una cita con una escort duo?<\/b><\/h2>\n<p><span style=\"font-weight: 400;\">Nuestro <\/span><b>servicio de acompa\u00f1antes en d\u00fao<\/b><span style=\"font-weight: 400;\"> Es tan vers\u00e1til como tus deseos:<\/span><\/p>\n<ul>\n<li style=\"font-weight: 400;\" aria-level=\"1\"><a href=\"https:\/\/www.marriott.com\/\" rel=\"noopener\"><b>Hoteles<\/b><\/a><span style=\"font-weight: 400;\">Ideal para viajeros de negocios que desean endulzar sus noches de soledad lejos de casa. Nuestros d\u00faos de acompa\u00f1antes llegan con discreci\u00f3n, garantizando elegancia y absoluta confidencialidad.<\/span><\/li>\n<li style=\"font-weight: 400;\" aria-level=\"1\"><b>Residencias privadas<\/b><span style=\"font-weight: 400;\">Invita a tus acompa\u00f1antes a la comodidad de tu hogar. Tu dormitorio se convierte en un espacio de intimidad, transformando una noche normal en un recuerdo extraordinario.<\/span><\/li>\n<li style=\"font-weight: 400;\" aria-level=\"1\"><b>Eventos y ocasiones sociales<\/b><span style=\"font-weight: 400;\"><span style=\"font-weight: 400;\">Las acompa\u00f1antes d\u00fao tambi\u00e9n brillan en p\u00fablico. Ya sea en una cena de negocios, un c\u00f3ctel o una gala, dos damas cautivadoras a tu lado garantizan atenci\u00f3n, admiraci\u00f3n e intriga. Y al caer la noche, puedes decidir si la velada contin\u00faa en privado.<\/span><\/span><img loading=\"lazy\" decoding=\"async\" class=\"size-medium wp-image-89147\" src=\"https:\/\/onekind-escort.com\/wp-content\/uploads\/2025\/08\/ALEXIA_17_LOGO_CENSORED_B-200x300.jpg\" alt=\"Bisexual escort\" width=\"200\" height=\"300\" srcset=\"https:\/\/onekind-escort.com\/wp-content\/uploads\/2025\/08\/ALEXIA_17_LOGO_CENSORED_B-200x300.jpg 200w, https:\/\/onekind-escort.com\/wp-content\/uploads\/2025\/08\/ALEXIA_17_LOGO_CENSORED_B-683x1024.jpg 683w, https:\/\/onekind-escort.com\/wp-content\/uploads\/2025\/08\/ALEXIA_17_LOGO_CENSORED_B-768x1152.jpg 768w, https:\/\/onekind-escort.com\/wp-content\/uploads\/2025\/08\/ALEXIA_17_LOGO_CENSORED_B-1024x1536.jpg 1024w, https:\/\/onekind-escort.com\/wp-content\/uploads\/2025\/08\/ALEXIA_17_LOGO_CENSORED_B-8x12.jpg 8w, https:\/\/onekind-escort.com\/wp-content\/uploads\/2025\/08\/ALEXIA_17_LOGO_CENSORED_B.jpg 1280w\" sizes=\"auto, (max-width: 200px) 100vw, 200px\" \/><\/li>\n<\/ul>\n<h2><b>Beyond Three \u2013 Escorts d\u00fao para parejas o grupos<\/b><\/h2>\n<p><span style=\"font-weight: 400;\">Si bien la mayor\u00eda de las citas con acompa\u00f1antes en pareja son con un hombre y dos mujeres, las posibilidades son a\u00fan mayores. Las parejas suelen reservar una acompa\u00f1ante en pareja para explorar sus fantas\u00edas juntos, lo que a\u00f1ade un toque de emoci\u00f3n a su relaci\u00f3n. Socios o amigos tambi\u00e9n pueden disfrutar de la experiencia de reservar con dos mujeres para una aventura compartida. Independientemente de si desean disfrutar de su cita con una...<a href=\"https:\/\/onekind-escort.com\/es\/perfect-match\/mature-milf-escortservice\/\"> Escort MILF<\/a> o un joven <a href=\"https:\/\/onekind-escort.com\/es\/perfect-match\/university-student-escortservice\/\">Acompa\u00f1ante universitaria<\/a>.<\/span><\/p>\n<p><span style=\"font-weight: 400;\">Cualquiera sea la forma que adopte, el servicio de acompa\u00f1ante d\u00fao se trata de satisfacer deseos de una manera que resulte elegante e intensamente placentera.<\/span><\/p>\n<h2><b>Conclusi\u00f3n: Doble pasi\u00f3n, doble memoria<\/b><\/h2>\n<p><span style=\"font-weight: 400;\">A <\/span><b>cita de acompa\u00f1ante d\u00fao<\/b><span style=\"font-weight: 400;\"> Es una de las experiencias m\u00e1s emocionantes que ofrece el mundo de las escorts de lujo. Combina elegancia, sofisticaci\u00f3n y juegos er\u00f3ticos en un encuentro tan vers\u00e1til como inolvidable. Ya sea que te imagines siendo el centro de atenci\u00f3n, un mir\u00f3n de la pasi\u00f3n femenina o un caballero disfrutando de la emoci\u00f3n del equilibrio, un encuentro con una escort duo ofrece el entorno perfecto para tu fantas\u00eda.<\/span><\/p>\n<p><span style=\"font-weight: 400;\">Con dos damas de compa\u00f1\u00eda de lujo a tu lado, cada momento se intensifica: cada beso, cada sonrisa, cada caricia se vuelve el doble de intenso. No es solo una cita, sino un recuerdo que perdura mucho despu\u00e9s de que termina la noche.<\/span><\/p>\n<p><span style=\"font-weight: 400;\">Entonces, si alguna vez has so\u00f1ado con experimentar el encanto y el fuego de dos mujeres a la vez, ahora es el momento de hacer realidad esa fantas\u00eda. <\/span><b>Experiencia de acompa\u00f1ante en d\u00fao<\/b><span style=\"font-weight: 400;\"> Promete el doble de pasi\u00f3n y el doble de placer.<\/span><\/p>\n<p>Sea cual sea tu d\u00fao de acompa\u00f1antes, ya sea una cita privada corta o un largo viaje de fin de semana, nuestras modelos de acompa\u00f1antes de lujo One Kind son la opci\u00f3n perfecta para tu fantas\u00eda. Planifica, imagina, sue\u00f1a y disfruta de la realidad.<\/p>","protected":false},"excerpt":{"rendered":"<p>Imagine this: Two stunning women, both sensual and irresistibly attractive, are entirely devoted to you to enjoy a Duo Escort Date with you. They take turns caressing you, teasing you, and showering you with attention. At the same time, their eyes meet, and an undeniable spark ignites between them. Slowly, they lean toward each other, [&hellip;]<\/p>\n","protected":false},"author":1,"featured_media":87696,"parent":89474,"menu_order":0,"comment_status":"closed","ping_status":"closed","template":"","meta":{"_acf_changed":false,"footnotes":""},"class_list":["post-89998","page","type-page","status-publish","has-post-thumbnail","hentry"],"acf":[],"_links":{"self":[{"href":"https:\/\/onekind-escort.com\/es\/wp-json\/wp\/v2\/pages\/89998","targetHints":{"allow":["GET"]}}],"collection":[{"href":"https:\/\/onekind-escort.com\/es\/wp-json\/wp\/v2\/pages"}],"about":[{"href":"https:\/\/onekind-escort.com\/es\/wp-json\/wp\/v2\/types\/page"}],"author":[{"embeddable":true,"href":"https:\/\/onekind-escort.com\/es\/wp-json\/wp\/v2\/users\/1"}],"replies":[{"embeddable":true,"href":"https:\/\/onekind-escort.com\/es\/wp-json\/wp\/v2\/comments?post=89998"}],"version-history":[{"count":15,"href":"https:\/\/onekind-escort.com\/es\/wp-json\/wp\/v2\/pages\/89998\/revisions"}],"predecessor-version":[{"id":90826,"href":"https:\/\/onekind-escort.com\/es\/wp-json\/wp\/v2\/pages\/89998\/revisions\/90826"}],"up":[{"embeddable":true,"href":"https:\/\/onekind-escort.com\/es\/wp-json\/wp\/v2\/pages\/89474"}],"wp:featuredmedia":[{"embeddable":true,"href":"https:\/\/onekind-escort.com\/es\/wp-json\/wp\/v2\/media\/87696"}],"wp:attachment":[{"href":"https:\/\/onekind-escort.com\/es\/wp-json\/wp\/v2\/media?parent=89998"}],"curies":[{"name":"wp","href":"https:\/\/api.w.org\/{rel}","templated":true}]}}