{"id":90002,"date":"2025-09-11T17:22:04","date_gmt":"2025-09-11T17:22:04","guid":{"rendered":"https:\/\/onekind-escort.com\/?page_id=90002"},"modified":"2025-10-04T13:36:41","modified_gmt":"2025-10-04T13:36:41","slug":"elite-escort-spain-europa","status":"publish","type":"page","link":"https:\/\/onekind-escort.com\/es\/perfect-match\/elite-escort-spain-europa\/","title":{"rendered":"Escorts de \u00e9lite en Espa\u00f1a: Elegancia, inteligencia y sensualidad"},"content":{"rendered":"<h2><b>1. El mundo de las escorts de \u00e9lite<\/b><\/h2>\n<p><span style=\"font-weight: 400;\">Para el caballero consumado, el tiempo es el lujo m\u00e1s preciado. Y cuando decide disfrutarlo en compa\u00f1\u00eda, solo lo mejor merece su atenci\u00f3n. El t\u00e9rmino <\/span><b>escolta de \u00e9lite<\/b><span style=\"font-weight: 400;\">\u00a0No describe simplemente la belleza; define a las mujeres de sustancia: mujeres que encarnan la elegancia, el intelecto y la sensualidad en perfecta armon\u00eda.<\/span><\/p>\n<p><span style=\"font-weight: 400;\">Una escort de \u00e9lite es m\u00e1s que una modelo deslumbrante. Es una acompa\u00f1ante culta con un... <\/span><b>formaci\u00f3n acad\u00e9mica<\/b><span style=\"font-weight: 400;\">, modales refinados y una perspectiva cosmopolita. Habla varios idiomas con facilidad, puede hablar de negocios y asuntos globales con confianza, y se desenvuelve con la misma soltura en conversaciones sobre... <\/span><b>arte, literatura o m\u00fasica<\/b><span style=\"font-weight: 400;\">Es una mujer que comprende las sutilezas de la alta sociedad y sabe desenvolverse en ellas con naturalidad. Ya sea a tu lado en una conferencia internacional, una cena con estrellas Michelin o una velada cultural, realza tu presencia y te asegura que brilles a\u00fan m\u00e1s.<\/span><\/p>\n<p><span style=\"font-weight: 400;\">En <\/span><b>Agencia de acompa\u00f1antes de \u00e9lite OneKind<\/b><span style=\"font-weight: 400;\">Nuestros modelos son cuidadosamente seleccionados para satisfacer las m\u00e1s altas expectativas del caballero moderno. No solo son admirados por su belleza, sino tambi\u00e9n por su... <\/span><b>intelecto, educaci\u00f3n e inteligencia emocional<\/b><span style=\"font-weight: 400;\">Dominan la etiqueta de la vida p\u00fablica, creando la impresi\u00f3n perfecta en cada escenario: desde la refinada formalidad de una cena de gala hasta la sutil intimidad de un encuentro privado.<\/span><\/p>\n<p><span style=\"font-weight: 400;\">Y cuando el foco se desvanece y el mundo queda afuera, ella revela su segunda naturaleza: una mujer de mente abierta, apasionada y profundamente sensual. Esta es la esencia de una <\/span><b>escolta de \u00e9lite<\/b><span style=\"font-weight: 400;\">:la rara combinaci\u00f3n de brillantez en p\u00fablico y pasi\u00f3n embriagadora en privado: la experiencia completa para el caballero que exige nada menos que la excelencia.<\/span><\/p>\n<p>&nbsp;<\/p>\n<h2><b>2. El atractivo \u00fanico de las escorts de \u00e9lite<\/b><\/h2>\n<p><span style=\"font-weight: 400;\">\u00bfPor qu\u00e9 los caballeros y las parejas exigentes eligen <\/span><b>escolta de \u00e9lite<\/b><span style=\"font-weight: 400;\">\u00a0\u00bfPor encima de las compa\u00f1eras est\u00e1ndar? Porque estas mujeres representan la <\/span><b>equilibrio perfecto<\/b><span style=\"font-weight: 400;\"> de sofisticaci\u00f3n y libertad er\u00f3tica.<\/span><\/p>\n<ul>\n<li style=\"font-weight: 400;\" aria-level=\"1\"><b>Antecedentes acad\u00e9micos<\/b><span style=\"font-weight: 400;\">Muchas de nuestras escorts de \u00e9lite son graduadas universitarias o est\u00e1n cursando estudios superiores, desde econom\u00eda hasta arte, derecho o relaciones internacionales.<\/span><\/li>\n<li style=\"font-weight: 400;\" aria-level=\"1\"><b>Idiomas<\/b><span style=\"font-weight: 400;\">:A menudo son multiling\u00fces (hablan con fluidez ingl\u00e9s, espa\u00f1ol, alem\u00e1n o franc\u00e9s) y son capaces de adaptarse sin esfuerzo a empresas internacionales.<\/span><\/li>\n<li style=\"font-weight: 400;\" aria-level=\"1\"><b>Aparici\u00f3n p\u00fablica<\/b><span style=\"font-weight: 400;\">:Ellos dominan el <\/span><i><span style=\"font-weight: 400;\">Knigge 1\u00d71<\/span><\/i><span style=\"font-weight: 400;\"> de etiqueta, vestirse siempre apropiadamente y comportarse con elegancia, discreci\u00f3n y encanto.<\/span><\/li>\n<li style=\"font-weight: 400;\" aria-level=\"1\"><b>Pasi\u00f3n privada<\/b><span style=\"font-weight: 400;\">Tras puertas cerradas, revelan su lado sensual: juguet\u00f3n, sucio y aventurero, siempre dispuesto a explorar nuevas fantas\u00edas.<\/span><\/li>\n<\/ul>\n<p>&nbsp;<\/p>\n<h2><b>3. Qu\u00e9 esperar de una experiencia con escorts de \u00e9lite<\/b><\/h2>\n<p><span style=\"font-weight: 400;\">Reservar una <\/span><b>Cita con una escort de \u00e9lite<\/b><span style=\"font-weight: 400;\"> Significa mucho m\u00e1s que pasar tiempo con una mujer hermosa. Es una experiencia donde cada detalle se realza:<\/span><\/p>\n<ul>\n<li style=\"font-weight: 400;\" aria-level=\"1\"><b>En p\u00fablico<\/b><span style=\"font-weight: 400;\">Ella es tu sofisticada compa\u00f1era de cena, tu cautivadora acompa\u00f1ante de negocios o la mujer encantadora que te acompa\u00f1ar\u00e1 en eventos culturales. Sabe conversar con estilo, entiende la etiqueta y se integra a la perfecci\u00f3n en cualquier c\u00edrculo social.<\/span><\/li>\n<li style=\"font-weight: 400;\" aria-level=\"1\"><b>En privado<\/b><span style=\"font-weight: 400;\">Su elegancia se transforma en pasi\u00f3n. Ya sea que busques un romance tierno, juegos er\u00f3ticos, exploraci\u00f3n fetichista o pasi\u00f3n intensa, ella crea el ambiente perfecto para tus deseos.<\/span><\/li>\n<li style=\"font-weight: 400;\" aria-level=\"1\"><b>La experiencia completa<\/b><span style=\"font-weight: 400;\">Disfrutas de lo mejor de ambos mundos: el encanto de una dama refinada en p\u00fablico y el fuego de un amante de mente sucia en privado.<\/span><\/li>\n<\/ul>\n<p>&nbsp;<\/p>\n<h2><b>4. Escorts de \u00e9lite en Espa\u00f1a: Gu\u00eda de la ciudad<\/b><\/h2>\n<p><span style=\"font-weight: 400;\">Espa\u00f1a ofrece el escenario perfecto para encuentros inolvidables. Desde una vibrante vida nocturna hasta una cultura refinada, cada ciudad aporta un ambiente \u00fanico a tu... <\/span><b>Cita con una escort de \u00e9lite<\/b><span style=\"font-weight: 400;\">Espa\u00f1a ofrece el escenario perfecto para encuentros inolvidables. Desde una vibrante vida nocturna hasta una cultura refinada, cada ciudad aporta un ambiente \u00fanico a tu cita con una escort de \u00e9lite. Para disfrutar de la aut\u00e9ntica exclusividad, descubre <a href=\"https:\/\/guide.michelin.com\/en\/es\/restaurants?showMap=&amp;q=Spain\" rel=\"noopener\">Restaurante con estrella Michelin de Espa\u00f1a<\/a><a class=\"decorated-link cursor-pointer\" target=\"_new\" rel=\"noopener\" data-start=\"341\" data-end=\"417\"> restaurantes<\/a> y eleva tu velada a una obra maestra culinaria. Y para completar la experiencia, explora <a href=\"https:\/\/www.fivestaralliance.com\/find-luxury-hotels\/spain\" rel=\"noopener\">Los mejores hoteles de 5 estrellas en Espa\u00f1a<\/a> y disfrute del entorno perfecto para la elegancia y la intimidad.<\/span><\/p>\n<h2><b>4.1 Escort de \u00e9lite Barcelona<\/b><\/h2>\n<p><span style=\"font-weight: 400;\">Barcelona es una ciudad donde el encanto mediterr\u00e1neo se fusiona con el estilo de vida cosmopolita. Con una <\/span><a href=\"https:\/\/onekind-escort.com\/es\/luxury-escort-barcelona-spain-europa\/\"><b>Escort \u00c9lite OneKind en Barcelona<\/b><\/a><span style=\"font-weight: 400;\">Podr\u00e1s sumergirte en el arte, la arquitectura y el lujo. Imagina pasear de la mano por... <\/span><b>Paseo de Gracia<\/b><span style=\"font-weight: 400;\">, disfrutando de c\u00f3cteles en la azotea con vistas a la Sagrada Familia o cenando en uno de los restaurantes m\u00e1s exclusivos de la ciudad.<\/span><\/p>\n<p><span style=\"font-weight: 400;\">En p\u00fablico, tu acompa\u00f1ante es elegante, estilosa y discreta: la acompa\u00f1ante perfecta para salidas culturales o eventos de la alta sociedad. En privado, revela su otra faceta: apasionada, juguetona y aventurera, convirtiendo Barcelona en el escenario de tu fantas\u00eda er\u00f3tica.<\/span><\/p>\n<p><b>Hoteles de 5 estrellas recomendados para citas con escorts de \u00e9lite en Barcelona:<\/b><\/p>\n<ul>\n<li style=\"font-weight: 400;\" aria-level=\"1\"><b>Hotel Arts Barcelona<\/b><span style=\"font-weight: 400;\"> \u2013 Un icono de lujo con vistas al Mediterr\u00e1neo, perfecto para fines de semana rom\u00e1nticos con vistas panor\u00e1micas al mar.<\/span><\/li>\n<li style=\"font-weight: 400;\" aria-level=\"1\"><b>Mandar\u00edn Oriental Barcelona<\/b><span style=\"font-weight: 400;\"> \u2013 Elegancia refinada en el Passeig de Gr\u00e0cia con una \u00edntima terraza en la azotea para tomar champ\u00e1n bajo las estrellas.<\/span><\/li>\n<\/ul>\n<p><b>Los mejores restaurantes con estrellas Michelin en Barcelona:<\/b><\/p>\n<ul>\n<li style=\"font-weight: 400;\" aria-level=\"1\"><b>Lasarte (3 estrellas Michelin)<\/b><span style=\"font-weight: 400;\"> \u2013 Alta cocina sofisticada y creativa, ideal para una cena inolvidable con tu escort de \u00e9lite.<\/span><\/li>\n<li style=\"font-weight: 400;\" aria-level=\"1\"><b>ABaC (3 estrellas Michelin)<\/b><span style=\"font-weight: 400;\"> \u2013 Un elegante templo de la gastronom\u00eda donde la intimidad y el placer van de la mano.<\/span><\/li>\n<\/ul>\n<h2><b>4.2 Escort de \u00e9lite Madrid<\/b><\/h2>\n<p><span style=\"font-weight: 400;\">Madrid es el coraz\u00f3n palpitante de Espa\u00f1a: cultural, elegante y vibrante. Con una <\/span><a href=\"https:\/\/onekind-escort.com\/es\/vip-escort-madrid-spain-europa\/\"><b>Escort \u00c9lite OneKind en Madrid<\/b><\/a><span style=\"font-weight: 400;\">, podr\u00e1s asistir a la \u00f3pera, pasear por el Parque del Retiro o impresionar en una gala empresarial con un sofisticado acompa\u00f1ante a tu lado.<\/span><\/p>\n<p><span style=\"font-weight: 400;\">Ella sabe c\u00f3mo brillar en c\u00edrculos cosmopolitas: pol\u00edglota, culta y con una etiqueta impecable. M\u00e1s tarde, cuando las luces de la ciudad se aten\u00faan y cierras la puerta de tu suite, se transforma en tu amante apasionada, revelando su lado aventurero y travieso.<\/span><\/p>\n<p><b>Hoteles de 5 estrellas recomendados para citas con acompa\u00f1antes de \u00e9lite en Madrid:<\/b><\/p>\n<ul>\n<li style=\"font-weight: 400;\" aria-level=\"1\"><b>El Westin Palace Madrid<\/b><span style=\"font-weight: 400;\"> \u2013 Lujo hist\u00f3rico cerca del Prado, un entorno perfecto tanto para la cultura como para la pasi\u00f3n.<\/span><\/li>\n<li style=\"font-weight: 400;\" aria-level=\"1\"><b>Hotel Four Seasons Madrid<\/b><span style=\"font-weight: 400;\"> \u2013 Refinamiento moderno, con un exclusivo bar en la azotea para veladas seductoras.<\/span><\/li>\n<\/ul>\n<p><b>Los mejores restaurantes con estrellas Michelin en Madrid:<\/b><\/p>\n<ul>\n<li style=\"font-weight: 400;\" aria-level=\"1\"><b>DiverXO (3 estrellas Michelin)<\/b><span style=\"font-weight: 400;\"> \u2013 Una gastronom\u00eda de vanguardia donde arte y gastronom\u00eda se fusionan creando el ambiente perfecto para una aventura er\u00f3tica.<\/span><\/li>\n<li style=\"font-weight: 400;\" aria-level=\"1\"><b>Santceloni (2 estrellas Michelin)<\/b><span style=\"font-weight: 400;\"> \u2013 Elegancia discreta y cocina refinada, ideal para cenas \u00edntimas con tu escort de \u00e9lite.<\/span><\/li>\n<\/ul>\n<h2><b>4.3 Escort de \u00e9lite Valencia<\/b><\/h2>\n<p><span style=\"font-weight: 400;\">Valencia es la mezcla perfecta de romance mediterr\u00e1neo y sofisticaci\u00f3n moderna. Con una <\/span><b>Escort \u00c9lite OneKind en Valencia<\/b><span style=\"font-weight: 400;\">Podr\u00e1s disfrutar de una cena en la playa, explorar el casco antiguo o escaparte para un fin de semana de lujo.<\/span><\/p>\n<p><span style=\"font-weight: 400;\">En p\u00fablico, es culta y encantadora, dominando la etiqueta y la conversaci\u00f3n con gracia. En privado, se vuelve juguetona, morbosa y apasionada, ofreci\u00e9ndote la emoci\u00f3n de la libertad er\u00f3tica en una de las ciudades m\u00e1s vibrantes de Espa\u00f1a.<\/span><\/p>\n<p><b>Hoteles de 5 estrellas recomendados para citas con acompa\u00f1antes de \u00e9lite en Valencia:<\/b><\/p>\n<ul>\n<li style=\"font-weight: 400;\" aria-level=\"1\"><b>Hotel Las Arenas Balneario Resort<\/b><span style=\"font-weight: 400;\"> \u2013 Un refugio de lujo frente al mar que combina la elegancia con el encanto mediterr\u00e1neo.<\/span><\/li>\n<li style=\"font-weight: 400;\" aria-level=\"1\"><b>Hotel Caro<\/b><span style=\"font-weight: 400;\"> \u2013 Un palacio boutique en el centro hist\u00f3rico, ideal para encuentros discretos y con estilo.<\/span><\/li>\n<\/ul>\n<p><b>Los mejores restaurantes con estrellas Michelin en Valencia:<\/b><\/p>\n<ul>\n<li style=\"font-weight: 400;\" aria-level=\"1\"><b>Ricard Camarena (2 estrellas Michelin)<\/b><span style=\"font-weight: 400;\"> \u2013 Cocina mediterr\u00e1nea innovadora en un entorno elegante.<\/span><\/li>\n<li style=\"font-weight: 400;\" aria-level=\"1\"><b>El Poblet (2 estrellas Michelin)<\/b><span style=\"font-weight: 400;\"> \u2013 Un espacio refinado donde la tradici\u00f3n se encuentra con la vanguardia, perfecto para la seducci\u00f3n durante una cena de lujo.<\/span><\/li>\n<\/ul>\n<h2><b>4.4 Escorts de \u00e9lite Zaragoza<\/b><\/h2>\n<p><span style=\"font-weight: 400;\">Zaragoza, a menudo considerada la joya escondida de Espa\u00f1a, ofrece entornos discretos pero lujosos para citas inolvidables. <\/span><b>Escort \u00c9lite OneKind en Zaragoza<\/b><span style=\"font-weight: 400;\"> Es el compa\u00f1ero ideal si valoras la privacidad sin comprometer la elegancia.<\/span><\/p>\n<p><span style=\"font-weight: 400;\">Ella combina la sofisticaci\u00f3n cultural con la pasi\u00f3n er\u00f3tica: una mujer que sabe c\u00f3mo encantar en compa\u00f1\u00eda refinada y disfrutar de una intimidad desinhibida en privado.<\/span><\/p>\n<p><b>Hoteles de 5 estrellas recomendados para citas con acompa\u00f1antes de \u00e9lite en Zaragoza:<\/b><\/p>\n<ul>\n<li style=\"font-weight: 400;\" aria-level=\"1\"><b>Hotel Palafox<\/b><span style=\"font-weight: 400;\"> \u2013 Elegancia cl\u00e1sica y lujo discreto en el centro de la ciudad.<\/span><\/li>\n<li style=\"font-weight: 400;\" aria-level=\"1\"><b>Hotel Reina Petronila<\/b><span style=\"font-weight: 400;\"> \u2013 Dise\u00f1o contempor\u00e1neo con suites exclusivas para privacidad y disfrute.<\/span><\/li>\n<\/ul>\n<p><b>Los mejores restaurantes con estrellas Michelin en Zaragoza:<\/b><\/p>\n<ul>\n<li style=\"font-weight: 400;\" aria-level=\"1\"><b>La Prensa (1 estrella Michelin)<\/b><span style=\"font-weight: 400;\"> \u2013 Conocido por su cocina refinada y ambiente \u00edntimo, perfecto para cenas rom\u00e1nticas.<\/span><\/li>\n<li style=\"font-weight: 400;\" aria-level=\"1\"><b>Cancook (1 estrella Michelin)<\/b><span style=\"font-weight: 400;\"> \u2013 Una joya culinaria creativa que sorprende y seduce a partes iguales.<\/span><\/li>\n<\/ul>\n<h2><b>5. Fantas\u00edas populares con escorts de \u00e9lite<\/b><\/h2>\n<p><span style=\"font-weight: 400;\">Las escorts de \u00e9lite son admiradas no solo por su sofisticaci\u00f3n sino tambi\u00e9n por su <\/span><b>sexualidad de mente abierta<\/b><span style=\"font-weight: 400;\">. Con un <\/span><b>Compa\u00f1ero OneKind<\/b><span style=\"font-weight: 400;\">, puedes explorar:<\/span><\/p>\n<ul>\n<li style=\"font-weight: 400;\" aria-level=\"1\"><b>Escapadas rom\u00e1nticas a la ciudad<\/b><span style=\"font-weight: 400;\"> \u2013 mezcla de cultura, buena comida e intimidad.<\/span><\/li>\n<li style=\"font-weight: 400;\" aria-level=\"1\"><b>Compa\u00f1eros de viaje de negocios<\/b><span style=\"font-weight: 400;\"> \u2013 Elegante en las reuniones, apasionado en la suite del hotel.<\/span><\/li>\n<li style=\"font-weight: 400;\" aria-level=\"1\"><b>Experiencias de pareja<\/b><span style=\"font-weight: 400;\"> \u2013 a\u00f1adiendo una chispa sensual a su relaci\u00f3n con un tercer compa\u00f1ero discreto y aventurero.<\/span><\/li>\n<\/ul>\n<h2><b>6. \u00bfPor qu\u00e9 elegir Escorts de \u00e9lite en lugar de otras?<\/b><\/h2>\n<p><span style=\"font-weight: 400;\">No todas las escorts merecen el t\u00edtulo de \u201c\u00e9lite\u201d. Lo que hace que nuestras acompa\u00f1antes en <\/span><b>Agencia de Escorts OneKind Elite<\/b><span style=\"font-weight: 400;\"> Lo especial es:<\/span><\/p>\n<ul>\n<li style=\"font-weight: 400;\" aria-level=\"1\"><b>Educaci\u00f3n e inteligencia<\/b><span style=\"font-weight: 400;\">:Antecedentes acad\u00e9micos que enriquecen cada conversaci\u00f3n.<\/span><\/li>\n<li style=\"font-weight: 400;\" aria-level=\"1\"><b>Idiomas y cultura<\/b><span style=\"font-weight: 400;\">:Perfecto para citas internacionales y compa\u00f1\u00edas refinadas.<\/span><\/li>\n<li style=\"font-weight: 400;\" aria-level=\"1\"><b>Etiqueta impecable<\/b><span style=\"font-weight: 400;\">Dominar la presencia p\u00fablica con estilo y discreci\u00f3n.<\/span><\/li>\n<li style=\"font-weight: 400;\" aria-level=\"1\"><b>Mente sucia en privado<\/b><span style=\"font-weight: 400;\">:Su apertura a las perversiones, fetiches y juegos aventureros.<\/span><\/li>\n<\/ul>\n<p><span style=\"font-weight: 400;\">Esta combinaci\u00f3n \u00fanica es la raz\u00f3n por la que los caballeros vuelven a <\/span><b>Un tipo<\/b><span style=\"font-weight: 400;\"> \u2013 para encuentros que sean tan estimulantes intelectualmente como er\u00f3ticamente inolvidables.<\/span><\/p>\n<ol start=\"7\">\n<li><a href=\"https:\/\/onekind-escort.com\/es\/contact-escort-agency\/\"><b> C\u00f3mo reservar una escort de \u00e9lite en Espa\u00f1a<\/b><\/a><\/li>\n<\/ol>\n<p><span style=\"font-weight: 400;\">Reserva a trav\u00e9s de <\/span><b>Agencia de Escorts OneKind Elite<\/b><span style=\"font-weight: 400;\"> Es simple, discreto y seguro:<\/span><\/p>\n<ol>\n<li style=\"font-weight: 400;\" aria-level=\"1\"><b>Explora nuestro portafolio<\/b><span style=\"font-weight: 400;\">:Selecciona la modelo de acompa\u00f1ante de \u00e9lite que coincida con tus deseos.<\/span><\/li>\n<li style=\"font-weight: 400;\" aria-level=\"1\"><b>Comparte tus preferencias<\/b><span style=\"font-weight: 400;\">Sea abierto acerca de cu\u00e1les son sus deseos, desde apariciones p\u00fablicas hasta fantas\u00edas privadas.<\/span><\/li>\n<li style=\"font-weight: 400;\" aria-level=\"1\"><b>Preparar el escenario<\/b><span style=\"font-weight: 400;\">:Ya sea una cena rom\u00e1ntica, una noche de gala o un viaje de fin de semana, nuestras escorts de \u00e9lite se adaptan a tus planes.<\/span><\/li>\n<li style=\"font-weight: 400;\" aria-level=\"1\"><b>Rel\u00e1jate y disfruta<\/b><span style=\"font-weight: 400;\">:Conf\u00ede en nuestra profesionalidad y en la elegancia de su escort de \u00e9lite elegida.<\/span><\/li>\n<\/ol>\n<h2><b>7. Preguntas frecuentes \u2013 Escorts de \u00e9lite en Espa\u00f1a y el mundo<\/b><\/h2>\n<h3><b>\u00bfQu\u00e9 hace que una escort sea \u201cde \u00e9lite\u201d?<\/b><\/h3>\n<p><span style=\"font-weight: 400;\">La palabra <\/span><i><span style=\"font-weight: 400;\">\u00e9lite<\/span><\/i><span style=\"font-weight: 400;\"> no se usa a la ligera. Un <\/span><b>escolta de \u00e9lite<\/b><span style=\"font-weight: 400;\"> Es una mujer que va mucho m\u00e1s all\u00e1 de la belleza f\u00edsica. Posee un alto nivel educativo, a menudo con formaci\u00f3n acad\u00e9mica, y la capacidad de mantener conversaciones estimulantes en varios idiomas. Sabe adaptarse con gracia a cualquier entorno social, ya sea una gala de etiqueta, una cena de negocios o una velada cultural \u00edntima. Su sentido del estilo, su dominio de la etiqueta y su impecable comportamiento en p\u00fablico la convierten en la compa\u00f1era perfecta de la alta sociedad. Al mismo tiempo, encarna la franqueza er\u00f3tica, la curiosidad y una mente juguetona y atrevida en privado, lo que permite explorar fantas\u00edas sin l\u00edmites. En resumen: una escort de \u00e9lite representa... <\/span><b>equilibrio perfecto entre sofisticaci\u00f3n y pasi\u00f3n<\/b><span style=\"font-weight: 400;\">.<\/span><\/p>\n<h3><b>\u00bfLas escorts de \u00e9lite viajan internacionalmente?<\/b><\/h3>\n<p><span style=\"font-weight: 400;\">S\u00ed. En <\/span><b>Agencia de Escorts OneKind Elite<\/b><span style=\"font-weight: 400;\">, nuestros modelos est\u00e1n disponibles no s\u00f3lo en Espa\u00f1a sino tambi\u00e9n para <\/span><b>fechas de viajes nacionales e internacionales<\/b><span style=\"font-weight: 400;\">Ya sea que busque una escort de \u00e9lite en Barcelona para un fin de semana rom\u00e1ntico en la ciudad, una acompa\u00f1ante para un viaje en yate de lujo por las Islas Baleares o una compa\u00f1era de viaje a Nueva York, Par\u00eds o Dub\u00e1i, nuestras damas se adaptan a la perfecci\u00f3n. Son multiling\u00fces, culturalmente sofisticadas y est\u00e1n acostumbradas a los viajes de lujo. Esto las convierte en las acompa\u00f1antes perfectas para caballeros con un estilo de vida global que buscan la comodidad de tener una pareja refinada y sensual a su lado dondequiera que vayan. <\/span>Para mejorar tus viajes, puedes reservar un<a href=\"https:\/\/onekind-escort.com\/es\/perfect-match\/travel-escort\/\"><strong data-start=\"762\" data-end=\"789\"> acompa\u00f1ante de viaje<\/strong><\/a> y transformar cada viaje en una mezcla inolvidable de elegancia, intimidad y pasi\u00f3n.<\/p>\n<h3><b>\u00bfCu\u00e1nto cuesta una cita con una escort de \u00e9lite?<\/b><\/h3>\n<p><span style=\"font-weight: 400;\">Las tarifas para un <\/span><b>Cita con una escort de \u00e9lite<\/b><span style=\"font-weight: 400;\"> Reflejan la exclusividad y la calidad de la experiencia. Los precios var\u00edan seg\u00fan la ciudad (Barcelona, Madrid, Valencia o Zaragoza), la duraci\u00f3n de la reserva y la acompa\u00f1ante elegida. Es posible reservar encuentros m\u00e1s cortos, pero muchos clientes prefieren estancias m\u00e1s largas (medio d\u00eda, d\u00eda completo o fin de semana) para disfrutar plenamente de la dualidad de una refinada acompa\u00f1ante p\u00fablica y una apasionada amante privada. La inversi\u00f3n no solo incluye intimidad, sino tambi\u00e9n elegancia, discreci\u00f3n y la garant\u00eda de disfrutar de un tiempo con una acompa\u00f1ante cuidadosamente seleccionada y altamente profesional.<\/span><\/p>\n<h3><b>\u00bfHay escorts de \u00e9lite disponibles para parejas?<\/b><\/h3>\n<p><span style=\"font-weight: 400;\">Por supuesto. Muchas parejas invitan <\/span><b>escorts de \u00e9lite<\/b><span style=\"font-weight: 400;\"> Entran en sus relaciones para explorar fantas\u00edas juntos, fortalecer su v\u00ednculo o simplemente disfrutar de una aventura er\u00f3tica. Una escort de \u00e9lite es sensible a la din\u00e1mica de la pareja y sabe c\u00f3mo equilibrar la atenci\u00f3n, la intimidad y la pasi\u00f3n entre ambos. Ya sea que la fantas\u00eda involucre un romance suave, juegos de rol l\u00fadicos o experiencias m\u00e1s atrevidas como la exploraci\u00f3n fetichista o BDSM, se adapta para crear una experiencia armoniosa e inolvidable. Las parejas suelen describir estas citas como liberadoras y de profunda conexi\u00f3n, ya que a\u00f1aden una chispa de emoci\u00f3n de forma segura, discreta y lujosa. Para quienes est\u00e9n listos para dar el paso, nuestra... <a href=\"https:\/\/onekind-escort.com\/es\/perfect-match\/escort-for-couples-spain-europe\/\"><strong data-start=\"805\" data-end=\"827\">acompa\u00f1ante para parejas<\/strong><\/a> Nuestro servicio est\u00e1 dise\u00f1ado para crear encuentros personalizados que combinan pasi\u00f3n, complicidad e intimidad inolvidable.<\/span><\/p>\n<p>&nbsp;<\/p>\n<h2><b>8. Conclusi\u00f3n: La esencia de las escorts de \u00e9lite<\/b><\/h2>\n<p><span style=\"font-weight: 400;\">Un <\/span><b>escolta de \u00e9lite<\/b><span style=\"font-weight: 400;\"> Es m\u00e1s que una acompa\u00f1ante. Es una mujer inteligente, educada y multiling\u00fce que sabe c\u00f3mo brillar en p\u00fablico mientras se entrega a la pasi\u00f3n en privado. Con una etiqueta perfecta y un estilo refinado, realzar\u00e1 tu velada. Y con su... <\/span><b>Mente sucia y esp\u00edritu aventurero<\/b><span style=\"font-weight: 400;\">Ella se asegura de que tu noche sea inolvidable.<\/span><\/p>\n<p><span style=\"font-weight: 400;\">Ya sea en <\/span><b>Barcelona, Madrid, Valencia o Zaragoza<\/b><span style=\"font-weight: 400;\">, <\/span><b>Agencia de Escorts OneKind Elite<\/b><span style=\"font-weight: 400;\"> Te conecta con las compa\u00f1eras m\u00e1s cautivadoras de Espa\u00f1a: mujeres que encarnan la uni\u00f3n perfecta de elegancia, sofisticaci\u00f3n y libertad sensual.<\/span><\/p>\n<p><span style=\"font-weight: 400;\">Disfrute del verdadero significado de <\/span><b>escorts de \u00e9lite en Espa\u00f1a<\/b><span style=\"font-weight: 400;\"> \u2013 y experimentar una compa\u00f1\u00eda que entusiasma tanto la mente como el cuerpo.<\/span><\/p>\n<p>&nbsp;<\/p>","protected":false},"excerpt":{"rendered":"<p>1. The World of Elite Escorts For the accomplished gentleman, time is the most precious luxury. And when he chooses to spend it in company, only the finest is worthy of his attention. The term elite escort\u00a0does not simply describe beauty; it defines women of substance \u2013 women who embody elegance, intellect, and sensuality in [&hellip;]<\/p>\n","protected":false},"author":1,"featured_media":89694,"parent":89474,"menu_order":0,"comment_status":"closed","ping_status":"closed","template":"","meta":{"_acf_changed":false,"footnotes":""},"class_list":["post-90002","page","type-page","status-publish","has-post-thumbnail","hentry"],"acf":[],"_links":{"self":[{"href":"https:\/\/onekind-escort.com\/es\/wp-json\/wp\/v2\/pages\/90002","targetHints":{"allow":["GET"]}}],"collection":[{"href":"https:\/\/onekind-escort.com\/es\/wp-json\/wp\/v2\/pages"}],"about":[{"href":"https:\/\/onekind-escort.com\/es\/wp-json\/wp\/v2\/types\/page"}],"author":[{"embeddable":true,"href":"https:\/\/onekind-escort.com\/es\/wp-json\/wp\/v2\/users\/1"}],"replies":[{"embeddable":true,"href":"https:\/\/onekind-escort.com\/es\/wp-json\/wp\/v2\/comments?post=90002"}],"version-history":[{"count":15,"href":"https:\/\/onekind-escort.com\/es\/wp-json\/wp\/v2\/pages\/90002\/revisions"}],"predecessor-version":[{"id":90841,"href":"https:\/\/onekind-escort.com\/es\/wp-json\/wp\/v2\/pages\/90002\/revisions\/90841"}],"up":[{"embeddable":true,"href":"https:\/\/onekind-escort.com\/es\/wp-json\/wp\/v2\/pages\/89474"}],"wp:featuredmedia":[{"embeddable":true,"href":"https:\/\/onekind-escort.com\/es\/wp-json\/wp\/v2\/media\/89694"}],"wp:attachment":[{"href":"https:\/\/onekind-escort.com\/es\/wp-json\/wp\/v2\/media?parent=90002"}],"curies":[{"name":"wp","href":"https:\/\/api.w.org\/{rel}","templated":true}]}}