{"id":90006,"date":"2025-09-11T17:22:21","date_gmt":"2025-09-11T17:22:21","guid":{"rendered":"https:\/\/onekind-escort.com\/?page_id=90006"},"modified":"2025-10-04T14:23:06","modified_gmt":"2025-10-04T14:23:06","slug":"travel-escort-luxury","status":"publish","type":"page","link":"https:\/\/onekind-escort.com\/es\/perfect-match\/travel-escort-luxury\/","title":{"rendered":"Acompa\u00f1ante de viaje: el arte de redefinir los viajes de lujo"},"content":{"rendered":"<h2><b>Introducci\u00f3n: Viajar solo vs. viajar con una musa<\/b><\/h2>\n<p><span style=\"font-weight: 400;\">Imag\u00ednese esto: un caballero exitoso subiendo a un avi\u00f3n para otro viaje internacional. La agenda es apretada, las reuniones exigentes y las tardes libres. Llega a su...<a href=\"https:\/\/www.fivestaralliance.com\/\" rel=\"noopener\"> Hotel de cinco estrellas en Madrid, Par\u00eds o Dub\u00e1i<\/a>La suite est\u00e1 impecable, el horizonte de la ciudad brilla a lo lejos y, sin embargo, mientras se sirve una copa de vino y cena solo, falta algo esencial: la calidez de una compa\u00f1era encantadora.<\/span><\/p>\n<p><span style=\"font-weight: 400;\">Aqu\u00ed es donde radica el atractivo de una <\/span><b>Acompa\u00f1ante de viaje<\/b><span style=\"font-weight: 400;\"> Comienza. Con su elegancia, inteligencia y sensualidad, transforma la soledad en conexi\u00f3n y la rutina en aventura. Imagina compartir no solo la comodidad de un hotel de lujo, sino tambi\u00e9n la alegr\u00eda de la risa, la conversaci\u00f3n y la pasi\u00f3n con una mujer que sabe c\u00f3mo hacer de cada momento algo inolvidable.<\/span><\/p>\n<p><span style=\"font-weight: 400;\">En <\/span><b>Escort de lujo de un solo tipo<\/b><span style=\"font-weight: 400;\">Dise\u00f1amos precisamente estas experiencias. Unimos a caballeros exigentes con mujeres excepcionales \u2014refinadas, multiling\u00fces y aut\u00e9nticas\u2014 que convierten cada viaje en una historia de elegancia y deseo.<\/span><\/p>\n<h3><b>Una acompa\u00f1ante de viaje: m\u00e1s que una simple compa\u00f1\u00eda<\/b><\/h3>\n<p><span style=\"font-weight: 400;\">A <\/span><b>Acompa\u00f1ante de viaje<\/b><span style=\"font-weight: 400;\"> Es una compa\u00f1\u00eda que va m\u00e1s all\u00e1 de lo com\u00fan. Es una musa, una confidente y una presencia sofisticada que hace que cada detalle del viaje sea memorable. Las cenas de negocios ya no son eventos silenciosos, sino momentos de conversaci\u00f3n estimulante y sutil seducci\u00f3n. Las escapadas de fin de semana se convierten en escapadas sensuales, y los viajes de larga distancia se transforman en aventuras compartidas que perduran en la memoria.<\/span><\/p>\n<p><span style=\"font-weight: 400;\">Viajando con un <\/span><b>acompa\u00f1ante para viajes<\/b><span style=\"font-weight: 400;\"> Va m\u00e1s all\u00e1 de evitar la soledad. Se trata de crear una atm\u00f3sfera donde la intimidad y el refinamiento coexisten con naturalidad. Es la mujer que se adapta con naturalidad a una cena de gala en Madrid, un yate privado en Marbella o un paseo al atardecer en Barcelona. Con ella, cada viaje no es solo un viaje, es una experiencia.<\/span><\/p>\n<h3><b>Tipos de experiencias de acompa\u00f1antes de viaje<\/b><\/h3>\n<h4><b>1. Escapadas de fin de semana en Europa<\/b><\/h4>\n<p><span style=\"font-weight: 400;\">A <\/span><b>Viajar <a href=\"https:\/\/onekind-escort.com\/es\/luxury-escort-barcelona-spain-europa\/\">Escort en Barcelona<\/a><\/b><span style=\"font-weight: 400;\"> transforma la ciudad en un para\u00edso de pasiones. Imagina pasear entre las obras maestras de Gaud\u00ed, compartir tapas en restaurantes escondidos y terminar la noche con champ\u00e1n en una terraza. O imagina... <\/span><b>Viajar <a href=\"https:\/\/onekind-escort.com\/es\/escort-de-lujo-madrid-encuentra-tu-compania-ideal-y-descubre-5-sitios-secretos-de-alto-nivel\/\">Escort en Madrid<\/a><\/b><span style=\"font-weight: 400;\">, donde se combinan visitas culturales con elegantes cenas y noches llenas de intimidad.<\/span><\/p>\n<h4><b>2. Viajes internacionales<\/b><\/h4>\n<p><span style=\"font-weight: 400;\">Para viajes de larga distancia (a Nueva York, Dub\u00e1i, Tokio o las Maldivas), un <\/span><b>compa\u00f1ero de viaje de lujo<\/b><span style=\"font-weight: 400;\"> Ofrece comodidad, elegancia y encanto. Ella es el equilibrio perfecto entre sofisticaci\u00f3n en p\u00fablico y sensualidad en privado. Mientras usted gestiona sus negocios durante el d\u00eda, ella se asegura de que las noches est\u00e9n llenas de calidez y emoci\u00f3n.<\/span><\/p>\n<h4><b>3. Viajes de negocios y sociales<\/b><\/h4>\n<p><span style=\"font-weight: 400;\">Las reuniones de alto nivel, las cenas corporativas o los eventos de networking requieren m\u00e1s que encanto: requieren presencia. <\/span><b>Acompa\u00f1ante de viaje<\/b><span style=\"font-weight: 400;\"> Se adapta a la perfecci\u00f3n, aportando elegancia a tu imagen y asegur\u00e1ndote de que te sientas seguro y apoyado. Se integra con gracia en entornos profesionales, a la vez que te ofrece intimidad y pasi\u00f3n en privado.<\/span><\/p>\n<h4><b>4. Escapadas ex\u00f3ticas y vacaciones de ensue\u00f1o<\/b><\/h4>\n<p><span style=\"font-weight: 400;\">Desde playas del Caribe hasta las laderas de los Alpes, o villas privadas en Bali, una <\/span><b>Acompa\u00f1ante de viaje<\/b><span style=\"font-weight: 400;\"> Transforma las vacaciones en aventuras sensuales. Ya sea esquiando de d\u00eda y disfrutando del calor de la noche, o navegando en un yate bajo las estrellas, convierte cada destino en un recuerdo inolvidable. <\/span>Para una experiencia a\u00fan m\u00e1s emocionante, los caballeros tambi\u00e9n pueden reservar un <a href=\"https:\/\/onekind-escort.com\/es\/perfect-match\/exotic-escort-spain-europe\/\">Escort ex\u00f3tica<\/a> para a\u00f1adir un toque de misterio y encanto a su viaje.<\/p>\n<h3><b>Cualidades de la acompa\u00f1ante de viaje perfecta<\/b><\/h3>\n<p><span style=\"font-weight: 400;\">\u00bfQu\u00e9 define a un verdadero? <\/span><b>Acompa\u00f1ante de viaje<\/b><span style=\"font-weight: 400;\">En One Kind Luxury Escort, nuestras acompa\u00f1antes comparten cualidades \u00fanicas que las elevan m\u00e1s all\u00e1 de las experiencias ordinarias:<\/span><\/p>\n<ul>\n<li style=\"font-weight: 400;\" aria-level=\"1\"><b>Belleza refinada<\/b><span style=\"font-weight: 400;\"> \u2013 Elegancia natural, presencia sofisticada y atractivo magn\u00e9tico.<\/span><\/li>\n<li style=\"font-weight: 400;\" aria-level=\"1\"><b>Educaci\u00f3n y cultura<\/b><span style=\"font-weight: 400;\"> \u2013 Antecedentes universitarios e intereses cultivados en el arte, la gastronom\u00eda y el estilo de vida.<\/span><\/li>\n<li style=\"font-weight: 400;\" aria-level=\"1\"><b>Habilidades multiling\u00fces<\/b><span style=\"font-weight: 400;\"> \u2013 Imprescindible para viajes internacionales, muchos hablan ingl\u00e9s, espa\u00f1ol, franc\u00e9s o alem\u00e1n.<\/span><\/li>\n<li style=\"font-weight: 400;\" aria-level=\"1\"><b>Adaptabilidad<\/b><span style=\"font-weight: 400;\"> \u2013 C\u00f3modo tanto en eventos de alto perfil como en entornos \u00edntimos y privados.<\/span><\/li>\n<li style=\"font-weight: 400;\" aria-level=\"1\"><b>Autenticidad y empat\u00eda<\/b><span style=\"font-weight: 400;\"> \u2013 Capaz de conectar profundamente, creando qu\u00edmica natural.<\/span><\/li>\n<li style=\"font-weight: 400;\" aria-level=\"1\"><b>Discreci\u00f3n y profesionalismo<\/b><span style=\"font-weight: 400;\"> \u2013 Protegiendo su privacidad y garantizando total confianza.<\/span><\/li>\n<\/ul>\n<p><span style=\"font-weight: 400;\">A <\/span><b>compa\u00f1ero de viaje de lujo<\/b><span style=\"font-weight: 400;\"> No es solo una mujer hermosa: es el raro equilibrio de encanto, intelecto y energ\u00eda sensual que hace que cada viaje sea \u00fanico.<\/span><\/p>\n<h3><b>\u00bfPor qu\u00e9 reservar una escort de viaje con One Kind Luxury Escort?<\/b><\/h3>\n<p><span style=\"font-weight: 400;\">Se\u00f1ores que eligen <\/span><b>Escort de lujo de un solo tipo<\/b><span style=\"font-weight: 400;\"> Sepan que no est\u00e1n reservando un servicio cualquiera. Est\u00e1n eligiendo una experiencia de estilo de vida definida por la exclusividad y la autenticidad.<\/span><\/p>\n<ul>\n<li style=\"font-weight: 400;\" aria-level=\"1\"><b>Experiencias personalizadas<\/b><span style=\"font-weight: 400;\"> \u2013 Cada viaje se personaliza seg\u00fan tus preferencias, ya sean culturales, rom\u00e1nticas o puramente sensuales.<\/span><\/li>\n<li style=\"font-weight: 400;\" aria-level=\"1\"><b>Discreci\u00f3n absoluta<\/b><span style=\"font-weight: 400;\"> \u2013 La privacidad est\u00e1 garantizada en cada paso, desde la reserva hasta la despedida final.<\/span><\/li>\n<li style=\"font-weight: 400;\" aria-level=\"1\"><b>Disponibilidad internacional<\/b><span style=\"font-weight: 400;\"> \u2013 Desde Barcelona y Madrid hasta Par\u00eds, Mil\u00e1n o Dubai, nuestras escorts est\u00e1n disponibles en todo el mundo.<\/span><\/li>\n<li style=\"font-weight: 400;\" aria-level=\"1\"><b>Modelos cuidadosamente seleccionados<\/b><span style=\"font-weight: 400;\"> \u2013 Cada musa es seleccionada por su belleza, elegancia, intelecto y autenticidad.<\/span><\/li>\n<\/ul>\n<p><span style=\"font-weight: 400;\">Eligiendo una <\/span><b>Acompa\u00f1ante de viaje<\/b><span style=\"font-weight: 400;\"> A trav\u00e9s de One Kind se trata de garantizar que su viaje sea m\u00e1s que un viaje: sea un recuerdo creado con pasi\u00f3n.<\/span><\/p>\n<h3><b>Destinos populares con acompa\u00f1ante de viaje<\/b><\/h3>\n<ul>\n<li style=\"font-weight: 400;\" aria-level=\"1\"><b>Barcelona<\/b><span style=\"font-weight: 400;\"> \u2013 Encanto mediterr\u00e1neo, terrazas en la azotea, yates y una vibrante vida nocturna.<\/span><\/li>\n<li style=\"font-weight: 400;\" aria-level=\"1\"><b>Madrid<\/b><span style=\"font-weight: 400;\"> \u2013 Cultura, restaurantes exclusivos, veladas elegantes y pasi\u00f3n ardiente.<\/span><\/li>\n<li style=\"font-weight: 400;\" aria-level=\"1\"><b>Marbella e Ibiza<\/b><span style=\"font-weight: 400;\"> \u2013 Escapadas glamurosas, playas, yates y noches de verano inolvidables.<\/span><\/li>\n<li style=\"font-weight: 400;\" aria-level=\"1\"><b>Par\u00eds y Mil\u00e1n<\/b><span style=\"font-weight: 400;\"> \u2013 Moda, romance y sofisticaci\u00f3n en las capitales del estilo de Europa.<\/span><\/li>\n<li style=\"font-weight: 400;\" aria-level=\"1\"><b>Dub\u00e1i y Nueva York<\/b><span style=\"font-weight: 400;\"> \u2013 Centros de negocios internacionales donde la elegancia se encuentra con el lujo.<\/span><\/li>\n<li style=\"font-weight: 400;\" aria-level=\"1\"><b>Alpes suizos y estaciones de esqu\u00ed<\/b><span style=\"font-weight: 400;\"> \u2013 Aventuras de esqu\u00ed durante el d\u00eda, intimidad y calidez por la noche.<\/span><\/li>\n<\/ul>\n<p><span style=\"font-weight: 400;\">Con un <\/span><b>Acompa\u00f1ante de viaje<\/b><span style=\"font-weight: 400;\">Cada destino se convierte en algo m\u00e1s que una ubicaci\u00f3n: se convierte en una historia \u00edntima que comparten juntos.<\/span><\/p>\n<h3><b>C\u00f3mo reservar tu experiencia como acompa\u00f1ante de viaje<\/b><\/h3>\n<p><span style=\"font-weight: 400;\">Reservar una <\/span><b>Acompa\u00f1ante de viaje<\/b><span style=\"font-weight: 400;\"> Con One Kind Luxury Escort estamos dise\u00f1ados para ser impecables y discretos:<\/span><\/p>\n<ol>\n<li style=\"font-weight: 400;\" aria-level=\"1\"><b>Selecciona tu musa<\/b><span style=\"font-weight: 400;\"> \u2013 Explore nuestro portafolio de acompa\u00f1antes refinados y elegantes.<\/span><\/li>\n<li style=\"font-weight: 400;\" aria-level=\"1\"><b>Planifique su viaje<\/b><span style=\"font-weight: 400;\"> \u2013 Comparte tu destino de viaje y fechas preferidas.<\/span><\/li>\n<li style=\"font-weight: 400;\" aria-level=\"1\"><b>Confirmar el arreglo<\/b><span style=\"font-weight: 400;\"> \u2013 Las duraciones m\u00ednimas var\u00edan: desde 8 a 12 horas en Europa hasta 24 horas en todo el mundo.<\/span><\/li>\n<li style=\"font-weight: 400;\" aria-level=\"1\"><b>Proceso discreto y transparente<\/b><span style=\"font-weight: 400;\"> \u2013 Los gastos de viaje (vuelos, traslados, alojamiento si es necesario) se gestionan con claridad y facilidad.<\/span><\/li>\n<\/ol>\n<p><span style=\"font-weight: 400;\">Desde el primer paso, nos centramos en la privacidad, la profesionalidad y la creaci\u00f3n del entorno perfecto para su viaje.<\/span><\/p>\n<h3><b>Conclusi\u00f3n: Redefiniendo los viajes con elegancia y deseo<\/b><\/h3>\n<p><span style=\"font-weight: 400;\">Un viaje no se define por los lugares que visitas, sino por la compa\u00f1\u00eda que tienes. Con un <\/span><b>Acompa\u00f1ante de viaje<\/b><span style=\"font-weight: 400;\"> de <\/span><b>Escort de lujo de un solo tipo<\/b><span style=\"font-weight: 400;\">Cada viaje se convierte en algo m\u00e1s que un viaje: se convierte en una historia \u00edntima, tejida con pasi\u00f3n, elegancia y una conexi\u00f3n inolvidable.<\/span><\/p>\n<p><span style=\"font-weight: 400;\">Ya sea que est\u00e9s en Barcelona, Madrid, Par\u00eds o m\u00e1s all\u00e1, nuestro <\/span><b>compa\u00f1eros de viaje de lujo<\/b><span style=\"font-weight: 400;\"> Aseg\u00farese de que la soledad sea reemplazada por la intimidad, la rutina por la aventura y los momentos fugaces por recuerdos que duren toda la vida.<\/span><\/p>\n<p><span style=\"font-weight: 400;\">Descubre el mundo no solo a trav\u00e9s de los destinos, sino tambi\u00e9n a trav\u00e9s de la mirada, el tacto y el encanto de la mujer ideal. Con One Kind, cada viaje se convierte en una historia inolvidable.<\/span><\/p>\n<p>&nbsp;<\/p>","protected":false},"excerpt":{"rendered":"<p>Introduction: Traveling Alone vs. Traveling with a Muse Picture this: a successful gentleman boarding a plane for yet another international trip. The schedule is tight, the meetings are demanding, and the evenings are free. He arrives at his five-star hotel in Madrid, Paris, or Dubai. The suite is immaculate, the city skyline sparkles in the [&hellip;]<\/p>\n","protected":false},"author":1,"featured_media":89305,"parent":89474,"menu_order":0,"comment_status":"closed","ping_status":"closed","template":"","meta":{"_acf_changed":false,"footnotes":""},"class_list":["post-90006","page","type-page","status-publish","has-post-thumbnail","hentry"],"acf":[],"_links":{"self":[{"href":"https:\/\/onekind-escort.com\/es\/wp-json\/wp\/v2\/pages\/90006","targetHints":{"allow":["GET"]}}],"collection":[{"href":"https:\/\/onekind-escort.com\/es\/wp-json\/wp\/v2\/pages"}],"about":[{"href":"https:\/\/onekind-escort.com\/es\/wp-json\/wp\/v2\/types\/page"}],"author":[{"embeddable":true,"href":"https:\/\/onekind-escort.com\/es\/wp-json\/wp\/v2\/users\/1"}],"replies":[{"embeddable":true,"href":"https:\/\/onekind-escort.com\/es\/wp-json\/wp\/v2\/comments?post=90006"}],"version-history":[{"count":8,"href":"https:\/\/onekind-escort.com\/es\/wp-json\/wp\/v2\/pages\/90006\/revisions"}],"predecessor-version":[{"id":90852,"href":"https:\/\/onekind-escort.com\/es\/wp-json\/wp\/v2\/pages\/90006\/revisions\/90852"}],"up":[{"embeddable":true,"href":"https:\/\/onekind-escort.com\/es\/wp-json\/wp\/v2\/pages\/89474"}],"wp:featuredmedia":[{"embeddable":true,"href":"https:\/\/onekind-escort.com\/es\/wp-json\/wp\/v2\/media\/89305"}],"wp:attachment":[{"href":"https:\/\/onekind-escort.com\/es\/wp-json\/wp\/v2\/media?parent=90006"}],"curies":[{"name":"wp","href":"https:\/\/api.w.org\/{rel}","templated":true}]}}