{"id":90010,"date":"2025-09-11T17:22:37","date_gmt":"2025-09-11T17:22:37","guid":{"rendered":"https:\/\/onekind-escort.com\/?page_id=90010"},"modified":"2025-10-04T13:53:49","modified_gmt":"2025-10-04T13:53:49","slug":"sporty-escort-spain-europe","status":"publish","type":"page","link":"https:\/\/onekind-escort.com\/es\/perfect-match\/sporty-escort-spain-europe\/","title":{"rendered":"Escort Deportiva \u2013 Donde la Pasi\u00f3n se Encuentra con la Vitalidad"},"content":{"rendered":"<h3><b>Introducci\u00f3n: La energ\u00eda magn\u00e9tica de una escort deportiva<\/b><\/h3>\n<p><span style=\"font-weight: 400;\">El sol sale sobre el Mediterr\u00e1neo, ti\u00f1endo el cielo de tonos naranjas y rosas. No est\u00e1s solo; a tu lado, una mujer deslumbrante corre con gracia por la playa, con su risa transportada por la brisa. Sus movimientos son fluidos, seguros y llenos de vida. Despu\u00e9s de correr, baja el ritmo, recupera el aliento y te mira con ojos llenos de energ\u00eda juguetona. No es una compa\u00f1era cualquiera. Es una... <\/span><b>Escort deportiva<\/b><span style=\"font-weight: 400;\">, una mujer cuya belleza se corresponde con su vitalidad, cuya elegancia est\u00e1 impregnada de fuerza y cuya sensualidad se siente tan natural como su respiraci\u00f3n.<\/span><\/p>\n<p><span style=\"font-weight: 400;\">A <\/span><b>Escort deportiva<\/b><span style=\"font-weight: 400;\"> No se define por los m\u00fasculos ni la rutina, sino por la chispa de vida que lleva dentro. Encarna la pasi\u00f3n, la disciplina y la alegr\u00eda, lo que la convierte en la musa perfecta para los caballeros que anhelan autenticidad, energ\u00eda y una conexi\u00f3n inolvidable.<\/span><\/p>\n<h3><b>\u00bfQu\u00e9 define a una escort deportiva?<\/b><\/h3>\n<p><span style=\"font-weight: 400;\">A <\/span><b>Escort deportiva<\/b><span style=\"font-weight: 400;\"> Vive del movimiento. El fitness, el yoga, correr, esquiar o surfear no son solo actividades que disfruta, sino expresiones de su personalidad. Su f\u00edsico tonificado no se basa en la perfecci\u00f3n, sino en el equilibrio: la combinaci\u00f3n perfecta de salud, fuerza y elegancia femenina.<\/span><\/p>\n<p><span style=\"font-weight: 400;\">Pero m\u00e1s all\u00e1 de su estilo de vida atl\u00e9tico, posee una sensualidad natural. La misma determinaci\u00f3n que la impulsa a desafiarse en las pistas o en el gimnasio tambi\u00e9n se traduce en intensidad en la intimidad. Su esp\u00edritu aventurero hace que cada momento sea emocionante, ya sea explorando una ciudad, haciendo senderismo por las monta\u00f1as o bailando hasta el amanecer.<\/span><\/p>\n<p><span style=\"font-weight: 400;\">Lo que la define no es s\u00f3lo su cuerpo, sino la armon\u00eda que crea entre disciplina y espontaneidad, entre elegancia y alegr\u00eda.<\/span><\/p>\n<h3><b>El atractivo sensual de un compa\u00f1ero activo<\/b><\/h3>\n<p><span style=\"font-weight: 400;\">\u00bfPor qu\u00e9 las mujeres deportistas son tan irresistibles? Parte de la respuesta reside en su energ\u00eda. <\/span><b>Escort deportiva<\/b><span style=\"font-weight: 400;\"> irradia frescura: el brillo de quien cuida su cuerpo, el brillo en sus ojos cuando habla de sus pasiones, la calidez de su sonrisa despu\u00e9s de un momento de aventura compartida.<\/span><\/p>\n<p><span style=\"font-weight: 400;\">Con una acompa\u00f1ante deportiva, la vitalidad se vuelve magn\u00e9tica en la intimidad. La energ\u00eda f\u00edsica se traduce en sensualidad; la confianza en su cuerpo le da seguridad en la seducci\u00f3n. Sabe c\u00f3mo jugar, c\u00f3mo provocar y c\u00f3mo convertir la tensi\u00f3n en pasi\u00f3n. Estar con ella es como una descarga de adrenalina, ya sea escalando monta\u00f1as o simplemente abraz\u00e1ndola en la cama. <\/span>Y si tu coraz\u00f3n anhela autenticidad pura, nuestra <a href=\"https:\/\/onekind-escort.com\/es\/perfect-match\/natural-escort\/\">acompa\u00f1antes naturales<\/a> Encarna la belleza de la simplicidad, ofreciendo encuentros donde el deseo fluye sin esfuerzo y la intimidad se siente eterna.<\/p>\n<p><span style=\"font-weight: 400;\">Lo que la hace a\u00fan m\u00e1s atractiva es su espontaneidad. Nunca es aburrida ni rutinaria. Vive el momento, y eso hace que cada encuentro se sienta fresco, impredecible y lleno de vida.<\/span><\/p>\n<h3><b>Imaginando una cita con una escort deportista<\/b><\/h3>\n<p><b>Ma\u00f1ana \u2013 Energ\u00eda y alegr\u00eda<\/b><b><br \/>\n<\/b><span style=\"font-weight: 400;\"> El d\u00eda comienza con una sesi\u00f3n de yoga en una terraza, mientras el sol te calienta la piel mientras te gu\u00eda por las posturas con gracia y soltura. Su risa rompe el silencio, y pronto el yoga se convierte en una broma juguetona. O quiz\u00e1s salgas a correr por la playa, con su cuerpo atl\u00e9tico movi\u00e9ndose con naturalidad a tu lado, cada mirada llena de chispas de anticipaci\u00f3n.<\/span><\/p>\n<p><b>Tarde \u2013 Aventura Juntos<\/b><b><br \/>\n<\/b><span style=\"font-weight: 400;\"> M\u00e1s tarde, la aventura contin\u00faa. Quiz\u00e1s caminen hacia las monta\u00f1as, donde ella los gu\u00eda con confianza, con su energ\u00eda contagiosa mientras los anima a explorar m\u00e1s. O quiz\u00e1s pasen la tarde navegando por la costa, con el viento enred\u00e1ndole el pelo, la emoci\u00f3n en sus ojos al ritmo de las olas. En invierno, imag\u00ednense esquiando juntos, compartiendo la adrenalina de la velocidad y la intimidad de calentarse junto al fuego despu\u00e9s.<\/span><\/p>\n<p><b>Noche \u2013 Elegancia y Sensualidad<\/b><b><br \/>\n<\/b><span style=\"font-weight: 400;\"> Al atardecer, ella se transforma de musa deportiva en dama elegante. Ataviada con un sofisticado vestido, te acompa\u00f1a a cenar en un restaurante con estrella Michelin. La conversaci\u00f3n fluye con naturalidad: esta acompa\u00f1ante deportiva no solo est\u00e1 en forma, sino que tambi\u00e9n es culta, inteligente y encantadora. La qu\u00edmica entre ustedes se intensifica con cada copa de vino, cada roce bajo la mesa, cada mirada que se prolonga demasiado.<\/span><\/p>\n<p><b>Noche \u2013 Pasi\u00f3n y Energ\u00eda<\/b><b><br \/>\n<\/b><span style=\"font-weight: 400;\"> Al caer la noche, su energ\u00eda atl\u00e9tica se convierte en pura pasi\u00f3n. La misma vitalidad que la impulsaba durante el d\u00eda ahora alimenta la intimidad. Juguetona, intensa y profundamente conectada, hace que la noche sea inolvidable. Con... <\/span><b>Escort deportiva<\/b><span style=\"font-weight: 400;\">, el juego previo se siente como un baile y cada momento est\u00e1 impregnado del ritmo del deseo.<\/span><\/p>\n<h3><b>Cualidades que hacen que una escort deportiva sea inolvidable<\/b><\/h3>\n<p><span style=\"font-weight: 400;\">A <\/span><b>Escort deportiva<\/b><span style=\"font-weight: 400;\"> Es inolvidable no s\u00f3lo por su f\u00edsico sino por la forma en que encarna la vitalidad en todos los sentidos:<\/span><\/p>\n<ul>\n<li style=\"font-weight: 400;\" aria-level=\"1\"><b>F\u00edsico tonificado y femenino<\/b><span style=\"font-weight: 400;\"> \u2013 Su cuerpo es el resultado del equilibrio, la salud y la pasi\u00f3n.<\/span><\/li>\n<li style=\"font-weight: 400;\" aria-level=\"1\"><b>Confianza y seguridad en uno mismo<\/b><span style=\"font-weight: 400;\"> \u2013 Su comodidad en su propia piel la hace magn\u00e9tica.<\/span><\/li>\n<li style=\"font-weight: 400;\" aria-level=\"1\"><b>Disciplina y ambici\u00f3n<\/b><span style=\"font-weight: 400;\"> \u2013 Ella sabe lo que quiere y lo vive con intensidad.<\/span><\/li>\n<li style=\"font-weight: 400;\" aria-level=\"1\"><b>Esp\u00edritu juguet\u00f3n<\/b><span style=\"font-weight: 400;\"> \u2013 Ella nunca pierde su sentido del humor, haciendo que cada momento sea fresco.<\/span><\/li>\n<li style=\"font-weight: 400;\" aria-level=\"1\"><b>Estilo de vida aventurero<\/b><span style=\"font-weight: 400;\"> \u2013 Desde el yoga hasta el surf, desde el esqu\u00ed hasta la vela, ella disfruta del descubrimiento.<\/span><\/li>\n<li style=\"font-weight: 400;\" aria-level=\"1\"><b>Sensualidad natural<\/b><span style=\"font-weight: 400;\"> \u2013 Su energ\u00eda se traslada a la intimidad, donde es tan apasionada como refinada.<\/span><\/li>\n<\/ul>\n<p><span style=\"font-weight: 400;\">Ella es una mujer que inspira, que te recuerda que debes vivir plenamente, abrazar cada momento, entregarte a la pasi\u00f3n.<\/span><\/p>\n<h3><b>Destinos para encuentros deportivos<\/b><\/h3>\n<ul>\n<li style=\"font-weight: 400;\" aria-level=\"1\"><b>Barcelona y Marbella<\/b><span style=\"font-weight: 400;\"> \u2013 Perfecto para carreras junto al mar, paseos en velero y deportes acu\u00e1ticos, seguidos de veladas sensuales junto al mar.<\/span><\/li>\n<li style=\"font-weight: 400;\" aria-level=\"1\"><b>Madrid<\/b><span style=\"font-weight: 400;\"> \u2013 Energ\u00eda cosmopolita equilibrada con escapadas de bienestar, desde yoga en la azotea hasta retiros ocultos.<\/span><\/li>\n<li style=\"font-weight: 400;\" aria-level=\"1\"><b>Ibiza<\/b><span style=\"font-weight: 400;\"> La isla de la libertad, donde los d\u00edas deportivos de paddleboard o senderismo se convierten en noches de baile e intimidad. Nuestras acompa\u00f1antes deportivas son las acompa\u00f1antes perfectas para fiestas exclusivas en Ibiza. Descubre los mejores eventos aqu\u00ed: <a class=\"decorated-link\" href=\"https:\/\/www.ibiza-spotlight.de\/night\/events\" target=\"_new\" rel=\"noopener\" data-start=\"637\" data-end=\"699\">Foco de Ibiza<\/a>.<\/span><\/li>\n<li style=\"font-weight: 400;\" aria-level=\"1\"><b>Los Alpes y los Pirineos<\/b><span style=\"font-weight: 400;\"> \u2013 Aventuras de esqu\u00ed durante el d\u00eda, c\u00e1lidas chimeneas e intimidad apasionada por la noche.<\/span><\/li>\n<li style=\"font-weight: 400;\" aria-level=\"1\"><b>Escapadas ex\u00f3ticas<\/b><span style=\"font-weight: 400;\"> \u2013 Surf en Bali, retiros de yoga en Costa Rica o buceo en Maldivas, donde deporte y sensualidad se fusionan a la perfecci\u00f3n.<\/span><\/li>\n<\/ul>\n<p><span style=\"font-weight: 400;\">A <\/span><b>Escort deportiva<\/b><span style=\"font-weight: 400;\"> Hace de cada destino algo m\u00e1s que un lugar: lo convierte en una experiencia llena de vitalidad, elegancia y deseo. Y para los caballeros que desean el doble de emoci\u00f3n, nuestro exclusivo... <a href=\"https:\/\/onekind-escort.com\/es\/perfect-match\/duo-escort-dates\/\">servicio de acompa\u00f1antes en d\u00fao<\/a> ofrece la combinaci\u00f3n perfecta de pasi\u00f3n, conexi\u00f3n y qu\u00edmica inolvidable.<\/span><\/p>\n<h3><b>Conclusi\u00f3n: Deporte, seducci\u00f3n y energ\u00eda sensual<\/b><\/h3>\n<p><span style=\"font-weight: 400;\">Estar con una <\/span><b>Escort deportiva<\/b><span style=\"font-weight: 400;\"> No se trata solo de belleza o bienestar f\u00edsico; se trata de c\u00f3mo te hace sentir. Aporta energ\u00eda, pasi\u00f3n y autenticidad a cada momento. Con ella, no solo compartes una cena o un fin de semana: compartes aventuras, risas e intimidad que dejan recuerdos imborrables.<\/span><\/p>\n<p><span style=\"font-weight: 400;\">Ella es elegancia en movimiento, deseo envuelto en vitalidad y la chispa que transforma un d\u00eda cualquiera en una historia extraordinaria. Para el caballero que busca frescura, autenticidad y pasi\u00f3n, una <\/span><b>Escort deportiva<\/b><span style=\"font-weight: 400;\"> No es simplemente una cita: es la musa inolvidable del cuerpo y del alma.<\/span><\/p>\n<p>&nbsp;<\/p>","protected":false},"excerpt":{"rendered":"<p>Introduction: The Magnetic Energy of a Sporty Escort The sun is rising over the Mediterranean, painting the sky in shades of orange and pink. You are not alone; beside you, a stunning woman runs gracefully along the beach, her laughter carried by the breeze. Her movements are fluid, confident, and full of life. After the [&hellip;]<\/p>\n","protected":false},"author":1,"featured_media":90256,"parent":89474,"menu_order":0,"comment_status":"closed","ping_status":"closed","template":"","meta":{"_acf_changed":false,"footnotes":""},"class_list":["post-90010","page","type-page","status-publish","has-post-thumbnail","hentry"],"acf":[],"_links":{"self":[{"href":"https:\/\/onekind-escort.com\/es\/wp-json\/wp\/v2\/pages\/90010","targetHints":{"allow":["GET"]}}],"collection":[{"href":"https:\/\/onekind-escort.com\/es\/wp-json\/wp\/v2\/pages"}],"about":[{"href":"https:\/\/onekind-escort.com\/es\/wp-json\/wp\/v2\/types\/page"}],"author":[{"embeddable":true,"href":"https:\/\/onekind-escort.com\/es\/wp-json\/wp\/v2\/users\/1"}],"replies":[{"embeddable":true,"href":"https:\/\/onekind-escort.com\/es\/wp-json\/wp\/v2\/comments?post=90010"}],"version-history":[{"count":10,"href":"https:\/\/onekind-escort.com\/es\/wp-json\/wp\/v2\/pages\/90010\/revisions"}],"predecessor-version":[{"id":90849,"href":"https:\/\/onekind-escort.com\/es\/wp-json\/wp\/v2\/pages\/90010\/revisions\/90849"}],"up":[{"embeddable":true,"href":"https:\/\/onekind-escort.com\/es\/wp-json\/wp\/v2\/pages\/89474"}],"wp:featuredmedia":[{"embeddable":true,"href":"https:\/\/onekind-escort.com\/es\/wp-json\/wp\/v2\/media\/90256"}],"wp:attachment":[{"href":"https:\/\/onekind-escort.com\/es\/wp-json\/wp\/v2\/media?parent=90010"}],"curies":[{"name":"wp","href":"https:\/\/api.w.org\/{rel}","templated":true}]}}