{"id":90014,"date":"2025-09-11T17:22:51","date_gmt":"2025-09-11T17:22:51","guid":{"rendered":"https:\/\/onekind-escort.com\/?page_id=90014"},"modified":"2025-10-04T08:54:09","modified_gmt":"2025-10-04T08:54:09","slug":"blonde-escort-spain-europa","status":"publish","type":"page","link":"https:\/\/onekind-escort.com\/es\/perfect-match\/blonde-escort-spain-europa\/","title":{"rendered":"Escort Rubia \u2013 El Eterno Encanto de la Elegancia y el Deseo"},"content":{"rendered":"<h3><b>El encanto eterno de una escort rubia<\/b><\/h3>\n<p><span style=\"font-weight: 400;\">Un bar en una azotea tenuemente iluminada en Barcelona. El cielo nocturno brilla arriba, la ciudad vibra suavemente abajo, y al otro lado de la mesa se sienta una mujer cuyo cabello dorado refleja la luz como la seda. Se inclina hacia adelante con una sonrisa radiante, su mirada traviesa, su presencia magn\u00e9tica. Cada movimiento es elegante, cada mirada una invitaci\u00f3n a sumergirse en el misterio de su encanto.<\/span><\/p>\n<p><span style=\"font-weight: 400;\">Esta es la experiencia de conocer a un <\/span><b>Escort rubia<\/b><span style=\"font-weight: 400;\">Una mujer que encarna la sofisticaci\u00f3n y la tentaci\u00f3n. Durante generaciones, las rubias han cautivado la imaginaci\u00f3n de los caballeros, representando una belleza radiante, juguetona e irresistiblemente seductora. Sin embargo, m\u00e1s all\u00e1 de las apariencias, una acompa\u00f1ante rubia ofrece m\u00e1s que fantas\u00eda: ofrece conexi\u00f3n, elegancia y la emoci\u00f3n de una intimidad entrelazada con luz y fuego.<\/span><\/p>\n<p><img loading=\"lazy\" decoding=\"async\" class=\"size-medium wp-image-89616 aligncenter\" src=\"https:\/\/onekind-escort.com\/wp-content\/uploads\/2025\/08\/OK6_Logo_1_CENSORED-200x300.jpg\" alt=\"\" width=\"200\" height=\"300\" srcset=\"https:\/\/onekind-escort.com\/wp-content\/uploads\/2025\/08\/OK6_Logo_1_CENSORED-200x300.jpg 200w, https:\/\/onekind-escort.com\/wp-content\/uploads\/2025\/08\/OK6_Logo_1_CENSORED-683x1024.jpg 683w, https:\/\/onekind-escort.com\/wp-content\/uploads\/2025\/08\/OK6_Logo_1_CENSORED-768x1152.jpg 768w, https:\/\/onekind-escort.com\/wp-content\/uploads\/2025\/08\/OK6_Logo_1_CENSORED-1024x1536.jpg 1024w, https:\/\/onekind-escort.com\/wp-content\/uploads\/2025\/08\/OK6_Logo_1_CENSORED-8x12.jpg 8w, https:\/\/onekind-escort.com\/wp-content\/uploads\/2025\/08\/OK6_Logo_1_CENSORED.jpg 1280w\" sizes=\"auto, (max-width: 200px) 100vw, 200px\" \/><\/p>\n<h3><b>\u00bfQu\u00e9 define a una escort rubia?<\/b><\/h3>\n<p><span style=\"font-weight: 400;\">A <\/span><b>Escort rubia<\/b><span style=\"font-weight: 400;\"> Es m\u00e1s que solo el color de su cabello. S\u00ed, sus mechones dorados brillan como la luz del sol, pero lo que la define es la energ\u00eda que transmite a cada momento. Es la elegancia, el carisma y la sensualidad personificados.<\/span><\/p>\n<p><span style=\"font-weight: 400;\">Las rubias suelen tener un doble atractivo: por un lado, un aire de inocencia, dulzura y encanto angelical; por el otro, una chispa de travesura atrevida y fuego sensual. Este contraste es lo que las hace tan cautivadoras: su capacidad de parecer delicadas a la vez que poseen una fuerza interior y una pasi\u00f3n que te sorprenden.<\/span><\/p>\n<p><span style=\"font-weight: 400;\">Su encanto es universal. En una cena de gala, irradia sofisticaci\u00f3n; en la pista de baile, revela su lado juguet\u00f3n; en la intimidad, se convierte en una musa de irresistible intimidad.<\/span><\/p>\n<h3><b>El poder femenino de las compa\u00f1eras rubias<\/b><\/h3>\n<p><span style=\"font-weight: 400;\">Hay una raz\u00f3n por la que la imagen de la musa rubia es ic\u00f3nica en la cultura, la moda y el cine. <\/span><b>Escort rubia<\/b><span style=\"font-weight: 400;\"> Encarna la luminosidad, llamando la atenci\u00f3n no solo por su belleza, sino tambi\u00e9n por la seguridad que transmite. Su sonrisa ilumina cualquier espacio y su presencia inspira admiraci\u00f3n.<\/span><\/p>\n<p><span style=\"font-weight: 400;\">Pero m\u00e1s all\u00e1 del glamour, las rubias suelen tener una chispa juguetona. Aportan risa, espontaneidad y ligereza a cada encuentro. Ese equilibrio entre la elegancia en p\u00fablico y la sensualidad en privado las convierte en compa\u00f1eras inolvidables.<\/span><\/p>\n<ul>\n<li style=\"font-weight: 400;\" aria-level=\"1\"><b>Resplandor y elegancia<\/b><span style=\"font-weight: 400;\"> \u2013 El brillo dorado del cabello rubio se ha asociado desde hace mucho tiempo con el glamour, la sofisticaci\u00f3n y el encanto.<\/span><\/li>\n<li style=\"font-weight: 400;\" aria-level=\"1\"><b>Alegr\u00eda y travesuras<\/b><span style=\"font-weight: 400;\"> \u2013Debajo de la elegancia se esconde una chispa de travesuras que convierte las cenas en aventuras y las conversaciones en juegos previos.<\/span><\/li>\n<li style=\"font-weight: 400;\" aria-level=\"1\"><b>Confianza y sensualidad<\/b><span style=\"font-weight: 400;\"> \u2013 Una acompa\u00f1ante rubia conoce su encanto, pero lo utiliza con gracia, mezclando seducci\u00f3n con autenticidad.<\/span><\/li>\n<\/ul>\n<p><span style=\"font-weight: 400;\">Los caballeros de todo el mundo se sienten atra\u00eddos por las rubias no s\u00f3lo por su belleza, sino por la energ\u00eda, la confianza y el juego sensual que encarnan.<\/span><\/p>\n<p><img loading=\"lazy\" decoding=\"async\" class=\"size-medium wp-image-89134 aligncenter\" src=\"https:\/\/onekind-escort.com\/wp-content\/uploads\/2025\/08\/ALEXIA_4_LOGO_CENSORED_B-200x300.jpg\" alt=\"\" width=\"200\" height=\"300\" srcset=\"https:\/\/onekind-escort.com\/wp-content\/uploads\/2025\/08\/ALEXIA_4_LOGO_CENSORED_B-200x300.jpg 200w, https:\/\/onekind-escort.com\/wp-content\/uploads\/2025\/08\/ALEXIA_4_LOGO_CENSORED_B-683x1024.jpg 683w, https:\/\/onekind-escort.com\/wp-content\/uploads\/2025\/08\/ALEXIA_4_LOGO_CENSORED_B-768x1152.jpg 768w, https:\/\/onekind-escort.com\/wp-content\/uploads\/2025\/08\/ALEXIA_4_LOGO_CENSORED_B-1024x1536.jpg 1024w, https:\/\/onekind-escort.com\/wp-content\/uploads\/2025\/08\/ALEXIA_4_LOGO_CENSORED_B-8x12.jpg 8w, https:\/\/onekind-escort.com\/wp-content\/uploads\/2025\/08\/ALEXIA_4_LOGO_CENSORED_B.jpg 1280w\" sizes=\"auto, (max-width: 200px) 100vw, 200px\" \/><\/p>\n<h3><b>Una cita sensual con una escort rubia: imagina la experiencia<\/b><\/h3>\n<p><b>El primer vistazo<\/b><b><br \/>\n<\/b><span style=\"font-weight: 400;\"> La velada comienza en un elegante restaurante de Madrid. Entra con elegancia, su cabello rubio fluye suavemente sobre sus hombros, su vestido capta la atenci\u00f3n de todos los comensales. Sin embargo, cuando te sonr\u00ede, sientes como si todo el sal\u00f3n desapareciera.<\/span><\/p>\n<p><b>Conversaci\u00f3n y qu\u00edmica<\/b><b><br \/>\n<\/b><span style=\"font-weight: 400;\"> Entre vino y risas, descubres que su encanto va mucho m\u00e1s all\u00e1 de las apariencias. Habla con inteligencia, humor y calidez. Cada roce de su mano, cada inclinaci\u00f3n de su cabeza, crea expectaci\u00f3n. La qu\u00edmica es innegable: no es forzada, sino natural, como un ritmo que ambos ya conocen.<\/span><\/p>\n<p><b>La aventura m\u00e1s all\u00e1 de la cena<\/b><b><br \/>\n<\/b><span style=\"font-weight: 400;\"> M\u00e1s tarde, subes a una terraza con vistas a la ciudad. El champ\u00e1n brilla, al igual que sus ojos. El aire nocturno es c\u00e1lido, y cuando se inclina, su cabello rubio te roza la mejilla. El mundo parece suspendido en ese instante: una mezcla de elegancia, risas y deseo creciente.<\/span><\/p>\n<p><b>Intimidad privada<\/b><b><br \/>\n<\/b><span style=\"font-weight: 400;\"> Tras puertas cerradas, su energ\u00eda se transforma. La inocencia juguetona que admirabas en la cena se transforma en sensualidad pura. Cada beso, cada caricia, lleva el mismo brillo que su belleza promet\u00eda. Con un <\/span><b>Escort rubia<\/b><span style=\"font-weight: 400;\">La intimidad se siente a la vez refinada y el\u00e9ctrica: una fusi\u00f3n inolvidable de luz y fuego.<\/span><\/p>\n<h3><b>Cualidades que hacen irresistibles a las escorts rubias<\/b><\/h3>\n<ul>\n<li style=\"font-weight: 400;\" aria-level=\"1\"><b>Belleza radiante<\/b><span style=\"font-weight: 400;\"> \u2013 Cabello rubio que capta la luz y la atenci\u00f3n sin esfuerzo.<\/span><\/li>\n<li style=\"font-weight: 400;\" aria-level=\"1\"><b>Presencia magn\u00e9tica<\/b><span style=\"font-weight: 400;\"> \u2013 Un aura que la convierte en el centro de cada habitaci\u00f3n.<\/span><\/li>\n<li style=\"font-weight: 400;\" aria-level=\"1\"><b>Inocencia juguetona<\/b><span style=\"font-weight: 400;\"> \u2013 La dulzura que encanta desde la primera mirada.<\/span><\/li>\n<li style=\"font-weight: 400;\" aria-level=\"1\"><b>Fuego seductor<\/b><span style=\"font-weight: 400;\"> \u2013 Pasi\u00f3n que sorprende y emociona a puerta cerrada.<\/span><\/li>\n<li style=\"font-weight: 400;\" aria-level=\"1\"><b>Encanto glamoroso<\/b><span style=\"font-weight: 400;\"> \u2013 La elegancia de una mujer que conoce su poder y aun as\u00ed permanece aut\u00e9ntica.<\/span><\/li>\n<li style=\"font-weight: 400;\" aria-level=\"1\"><b>Confianza y carisma<\/b><span style=\"font-weight: 400;\"> \u2013 Una rara mezcla de sofisticaci\u00f3n y naturalidad.<\/span><\/li>\n<\/ul>\n<p><span style=\"font-weight: 400;\">A <\/span><b>Escort rubia<\/b><span style=\"font-weight: 400;\"> Es inolvidable no s\u00f3lo por su apariencia, sino por la forma en que encarna los contrastes: inocencia y seducci\u00f3n, elegancia y travesura, sofisticaci\u00f3n y juego.<\/span><\/p>\n<h3><b>Fantas\u00edas de escort rubia<\/b><\/h3>\n<p><span style=\"font-weight: 400;\">Durante generaciones, el atractivo de la <\/span><b>Escort rubia<\/b><span style=\"font-weight: 400;\"> Se ha tejido en fantas\u00edas atemporales. Los caballeros imaginan la elegancia de compartir una cena \u00edntima con una rubia glamurosa, su risa llenando la habitaci\u00f3n mientras su cabello dorado refleja la luz de las velas. El simple hecho de que se acerque, con su perfume flotando en el aire, se siente como una fantas\u00eda hecha realidad. <\/span>Y para aquellos que quieran llevar la experiencia a\u00fan m\u00e1s lejos, nuestro exclusivo <a href=\"https:\/\/onekind-escort.com\/es\/perfect-match\/fullservice-escort\/\">acompa\u00f1antes de servicio completo<\/a> est\u00e1n listos para transformar la pasi\u00f3n en una realidad inolvidable.<\/p>\n<p><span style=\"font-weight: 400;\">Las rubias encarnan una doble naturaleza que las hace inolvidables. Por un lado, pueden parecer angelicales, delicadas, casi inocentes. El tipo de belleza que evoca ternura y admiraci\u00f3n. Sin embargo, en privado, esta inocencia se transforma en algo completamente diferente: seducci\u00f3n pura, atrevimiento juguet\u00f3n y el fuego de una pasi\u00f3n desenfrenada.<\/span><\/p>\n<p><span style=\"font-weight: 400;\">Este contraste, inocencia de d\u00eda, tentaci\u00f3n de noche es lo que hace la fantas\u00eda de un <\/span><b>Escort rubia<\/b><span style=\"font-weight: 400;\"> Tan embriagadora. Ella es la mujer que te recuerda que el deseo es m\u00e1s poderoso cuando oscila entre la elegancia y la travesura, entre la dulzura y el fuego.<\/span><\/p>\n<p data-start=\"92\" data-end=\"281\">Y si tu deseo se inclina hacia una aventura m\u00e1s l\u00fadica, nuestra <a href=\"https:\/\/onekind-escort.com\/es\/perfect-match\/sporty-escort\/\">acompa\u00f1antes deportivas<\/a> Despierta la pasi\u00f3n con la mezcla perfecta de vitalidad, seducci\u00f3n y energ\u00eda irresistible.<\/p>\n<p><img loading=\"lazy\" decoding=\"async\" class=\"size-medium wp-image-87801 aligncenter\" src=\"https:\/\/onekind-escort.com\/wp-content\/uploads\/2024\/12\/CHLOE_14_LOGO_CENSORED_B-200x300.jpg\" alt=\"\" width=\"200\" height=\"300\" srcset=\"https:\/\/onekind-escort.com\/wp-content\/uploads\/2024\/12\/CHLOE_14_LOGO_CENSORED_B-200x300.jpg 200w, https:\/\/onekind-escort.com\/wp-content\/uploads\/2024\/12\/CHLOE_14_LOGO_CENSORED_B-683x1024.jpg 683w, https:\/\/onekind-escort.com\/wp-content\/uploads\/2024\/12\/CHLOE_14_LOGO_CENSORED_B-768x1152.jpg 768w, https:\/\/onekind-escort.com\/wp-content\/uploads\/2024\/12\/CHLOE_14_LOGO_CENSORED_B-1024x1536.jpg 1024w, https:\/\/onekind-escort.com\/wp-content\/uploads\/2024\/12\/CHLOE_14_LOGO_CENSORED_B-8x12.jpg 8w, https:\/\/onekind-escort.com\/wp-content\/uploads\/2024\/12\/CHLOE_14_LOGO_CENSORED_B-1140x1710.jpg 1140w, https:\/\/onekind-escort.com\/wp-content\/uploads\/2024\/12\/CHLOE_14_LOGO_CENSORED_B-920x1380.jpg 920w, https:\/\/onekind-escort.com\/wp-content\/uploads\/2024\/12\/CHLOE_14_LOGO_CENSORED_B-575x863.jpg 575w, https:\/\/onekind-escort.com\/wp-content\/uploads\/2024\/12\/CHLOE_14_LOGO_CENSORED_B-380x570.jpg 380w, https:\/\/onekind-escort.com\/wp-content\/uploads\/2024\/12\/CHLOE_14_LOGO_CENSORED_B-420x630.jpg 420w, https:\/\/onekind-escort.com\/wp-content\/uploads\/2024\/12\/CHLOE_14_LOGO_CENSORED_B-800x1200.jpg 800w, https:\/\/onekind-escort.com\/wp-content\/uploads\/2024\/12\/CHLOE_14_LOGO_CENSORED_B.jpg 1280w\" sizes=\"auto, (max-width: 200px) 100vw, 200px\" \/><\/p>\n<h3><b>Conclusi\u00f3n: La magia eterna de las escorts rubias<\/b><\/h3>\n<p><span style=\"font-weight: 400;\">Las escorts rubias no son simples acompa\u00f1antes, sino iconos del deseo. Su belleza es radiante, su presencia magn\u00e9tica y su sensualidad, un equilibrio perfecto entre inocencia y pasi\u00f3n. Para el caballero que busca elegancia combinada con pasi\u00f3n, sofisticaci\u00f3n y picard\u00eda, una... <\/span><b>Escort rubia<\/b><span style=\"font-weight: 400;\"> es la musa definitiva.<\/span><\/p>\n<p><span style=\"font-weight: 400;\">Desde cenas en Barcelona hasta azoteas en Par\u00eds, desde playas glamurosas en Marbella hasta noches a la luz de las velas en Madrid, transforma cada momento en una historia para recordar. Lo que la hace inolvidable no es solo su belleza dorada, sino c\u00f3mo te hace sentir vivo, deseado y encantado. \u00bfBuscas otro pa\u00eds? <a href=\"https:\/\/grazia-escort.com\/\" rel=\"noopener\">modelos<\/a>?<\/span><\/p>\n<p><span style=\"font-weight: 400;\">El encanto de las acompa\u00f1antes rubias siempre ha sido atemporal. En su risa, su resplandor y su sensualidad reside el eterno encanto de la elegancia y el deseo.<\/span><\/p>\n<p>&nbsp;<\/p>","protected":false},"excerpt":{"rendered":"<p>The Timeless Allure of a Blonde Escort A dimly lit rooftop bar in Barcelona. The night sky glimmers above, the city hums softly below, and across the table sits a woman whose golden hair catches the light like silk. She leans forward with a radiant smile, her eyes mischievous, her presence magnetic. Every movement is [&hellip;]<\/p>\n","protected":false},"author":1,"featured_media":89141,"parent":89474,"menu_order":0,"comment_status":"closed","ping_status":"closed","template":"","meta":{"_acf_changed":false,"footnotes":""},"class_list":["post-90014","page","type-page","status-publish","has-post-thumbnail","hentry"],"acf":[],"_links":{"self":[{"href":"https:\/\/onekind-escort.com\/es\/wp-json\/wp\/v2\/pages\/90014","targetHints":{"allow":["GET"]}}],"collection":[{"href":"https:\/\/onekind-escort.com\/es\/wp-json\/wp\/v2\/pages"}],"about":[{"href":"https:\/\/onekind-escort.com\/es\/wp-json\/wp\/v2\/types\/page"}],"author":[{"embeddable":true,"href":"https:\/\/onekind-escort.com\/es\/wp-json\/wp\/v2\/users\/1"}],"replies":[{"embeddable":true,"href":"https:\/\/onekind-escort.com\/es\/wp-json\/wp\/v2\/comments?post=90014"}],"version-history":[{"count":10,"href":"https:\/\/onekind-escort.com\/es\/wp-json\/wp\/v2\/pages\/90014\/revisions"}],"predecessor-version":[{"id":90825,"href":"https:\/\/onekind-escort.com\/es\/wp-json\/wp\/v2\/pages\/90014\/revisions\/90825"}],"up":[{"embeddable":true,"href":"https:\/\/onekind-escort.com\/es\/wp-json\/wp\/v2\/pages\/89474"}],"wp:featuredmedia":[{"embeddable":true,"href":"https:\/\/onekind-escort.com\/es\/wp-json\/wp\/v2\/media\/89141"}],"wp:attachment":[{"href":"https:\/\/onekind-escort.com\/es\/wp-json\/wp\/v2\/media?parent=90014"}],"curies":[{"name":"wp","href":"https:\/\/api.w.org\/{rel}","templated":true}]}}