{"id":3,"date":"2023-12-04T16:04:46","date_gmt":"2023-12-04T16:04:46","guid":{"rendered":"https:\/\/ok.easyandweb.com\/?page_id=3"},"modified":"2025-07-24T09:07:14","modified_gmt":"2025-07-24T09:07:14","slug":"privacy-policy","status":"publish","type":"page","link":"https:\/\/onekind-escort.com\/fr\/privacy-policy\/","title":{"rendered":"politique de confidentialit\u00e9"},"content":{"rendered":"<p>Cette page est utilis\u00e9e pour informer les visiteurs du site Web sur nos politiques concernant la compilation, l&#039;utilisation et la divulgation d&#039;informations personnelles si quelqu&#039;un d\u00e9cide d&#039;utiliser notre service, le site Web OKESCORTS.COM.<\/p>\r\n\r\n\r\n\r\n<p>Si vous souhaitez utiliser notre service, vous acceptez donc la compilation et l&#039;utilisation des informations relatives \u00e0 cette politique. Les informations personnelles que nous r\u00e9cup\u00e9rons seront utilis\u00e9es pour fournir et am\u00e9liorer le service.\u00a0<strong>Nous ne pouvons pas utiliser ni partager vos informations avec Nadie sans votre consentement.<\/strong><\/p>\r\n\r\n\r\n\r\n<h2 class=\"wp-block-heading\">Recopie et utilisation des informations<\/h2>\r\n\r\n\r\n\r\n<p>Pour une meilleure exp\u00e9rience d&#039;utilisation de notre service, il est possible que nous vous demandions de vous fournir certaines informations d&#039;identification personnelle, qui incluent, entre autres, votre num\u00e9ro, votre num\u00e9ro de t\u00e9l\u00e9phone et votre courrier \u00e9lectronique. Les informations que nous avons r\u00e9cup\u00e9r\u00e9es seront utilis\u00e9es pour contacter ou identifier.<\/p>\r\n\r\n\r\n\r\n<h2 class=\"wp-block-heading\">Datos de registro<\/h2>\r\n\r\n\r\n\r\n<p>Nous vous informons que chaque fois que vous visitez notre service, nous r\u00e9cup\u00e9rons les informations que votre navigateur nous envoie, qui lui demandent les donn\u00e9es d&#039;enregistrement. Ces donn\u00e9es d&#039;enregistrement peuvent inclure des informations sur la direction du protocole Internet (\u00ab\u00a0IP\u00a0\u00bb) de votre ordinateur, la version du navigateur, les pages de notre service de visite, la date et l&#039;heure de votre visite, le temps d\u00e9di\u00e9 \u00e0 ces pages et autres statistiques.<\/p>\r\n\r\n\r\n\r\n<h2 class=\"wp-block-heading\">Cookies<\/h2>\r\n\r\n\r\n\r\n<p>Les cookies sont des archives contenant une petite quantit\u00e9 de donn\u00e9es qui sont utilis\u00e9es comme un identifiant unique anonymis\u00e9. Ceci est envoy\u00e9 \u00e0 votre navigateur \u00e0 partir du site Web que vous visitez et se trouve dans la discoth\u00e8que duro de votre ordinateur.<\/p>\r\n\r\n\r\n\r\n<p>Notre site Web utilise ces \u00ab cookies \u00bb pour r\u00e9cup\u00e9rer des informations et am\u00e9liorer notre service. Vous avez la possibilit\u00e9 d&#039;accepter ou de stocker ces cookies. Si vous souhaitez utiliser nos cookies, il est possible que vous ne puissiez pas utiliser certaines parties de notre service.<\/p>\r\n\r\n\r\n\r\n<h2 class=\"wp-block-heading\">Proveedores de servicio<\/h2>\r\n\r\n\r\n\r\n<p>Il est possible que nous contractions avec des entreprises et des personnes tierces en raison des raisons suivantes\u00a0:<\/p>\r\n\r\n\r\n\r\n<p>Pour faciliter notre service\u00a0;<br \/>Pour fournir le service \u00e0 notre num\u00e9ro\u00a0;<br \/>Pour r\u00e9aliser des services li\u00e9s au service\u00a0; o<br \/>Pour vous aider \u00e0 analyser comment utiliser notre service.<\/p>\r\n\r\n\r\n\r\n<p><strong>Nous devons informer nos utilisateurs du service que ces tiers ont acc\u00e8s \u00e0 vos informations personnelles si vous \u00eates un mod\u00e8le mais aucun acc\u00e8s si vous \u00eates un client qui demande \u00e0 informer.<\/strong>. Le motif est de r\u00e9aliser les t\u00e2ches assign\u00e9es \u00e0 lui en notre nom. Sans embargo, nous sommes tenus de ne pas divulguer ou d&#039;utiliser les informations pour n&#039;importe quelle autre personne.<\/p>\r\n\r\n\r\n\r\n<h2 class=\"wp-block-heading\">S\u00e9curit\u00e9<\/h2>\r\n\r\n\r\n\r\n<p>Nous valorisons votre confiance en vos informations personnelles, car nous nous effor\u00e7ons d&#039;utiliser des moyens commerciaux acceptables pour la protection. Mais nous savons qu&#039;il n&#039;y a pas de m\u00e9thode de transmission via Internet ou un stockage \u00e9lectronique 100% s\u00e9curis\u00e9 et fiable, et nous ne pouvons garantir la s\u00e9curit\u00e9 absolue.<\/p>\r\n\r\n\r\n\r\n<h2 class=\"wp-block-heading\">Enlaces a otros sitios<\/h2>\r\n\r\n\r\n\r\n<p>Notre service peut contenir d&#039;autres sites. Si vous cliquez sur un lien de tiers, vous pourrez acc\u00e9der \u00e0 ce site. Tenga en cuenta que ces sites externes ne sont pas exploit\u00e9s par nosotros. Par cons\u00e9quent, nous recommandons vivement de r\u00e9viser la politique de confidentialit\u00e9 de ces sites Web. Nous ne contr\u00f4lons ni n&#039;assumons aucune responsabilit\u00e9 en ce qui concerne le contenu, les politiques de confidentialit\u00e9 ou les pratiques des sites ou des services tiers.<\/p>\r\n\r\n\r\n\r\n<h2 class=\"wp-block-heading\">+18 Confidentialit\u00e9<\/h2>\r\n\r\n\r\n\r\n<p>Nos services ne se dirigent pas vers des personnes de moins de 18 ans. Nous ne recopilamos, a sabiendas, information d\u2019identification personnelle de &lt; 18 ans. Dans le cas o\u00f9 nous d\u00e9couvrons qu&#039;une personne mineure de 18 ans n&#039;a pas fourni d&#039;informations personnelles, nous \u00e9liminons imm\u00e9diatement nos serviteurs.<\/p>\r\n\r\n\r\n\r\n<h2 class=\"wp-block-heading\">Modifications de cette politique de confidentialit\u00e9<\/h2>\r\n\r\n\r\n\r\n<p>Nous pouvons actualiser notre politique de confidentialit\u00e9 en temps r\u00e9el. Par cons\u00e9quent, nous recommandons de r\u00e9viser cette page p\u00e9riodiquement pour tout changement. Nous vous informerons de tout changement au milieu de la publication de la nouvelle politique de confidentialit\u00e9 sur cette page. Ces changements entrent en vigueur imm\u00e9diatement apr\u00e8s qu&#039;ils soient publics sur cette page.<\/p>\r\n\r\n\r\n\r\n<h2 class=\"wp-block-heading\">Contactez-nous<\/h2>\r\n\r\n\r\n\r\n<p>Si vous avez une question ou une suggestion concernant notre politique de confidentialit\u00e9, pas de mec en\u00a0<a href=\"https:\/\/onekind-escort.com\/fr\/contacto-agencia-escorts\/\">ponerse en contacto con nosotros.<\/a><\/p>","protected":false},"excerpt":{"rendered":"<p>Esta p\u00e1gina se utiliza para informar a los visitantes del sitio web sobre nuestras pol\u00edticas con la recopilaci\u00f3n, el uso y la divulgaci\u00f3n de informaci\u00f3n personal si alguien decide utilizar nuestro Servicio, el sitio web OKESCORTS.COM. Si elige usar nuestro Servicio, entonces acepta la recopilaci\u00f3n y el uso de la informaci\u00f3n relacionada con esta pol\u00edtica. [&hellip;]<\/p>\n","protected":false},"author":1,"featured_media":0,"parent":0,"menu_order":39,"comment_status":"closed","ping_status":"open","template":"","meta":{"_acf_changed":false,"footnotes":""},"class_list":["post-3","page","type-page","status-publish","hentry"],"acf":[],"_links":{"self":[{"href":"https:\/\/onekind-escort.com\/fr\/wp-json\/wp\/v2\/pages\/3","targetHints":{"allow":["GET"]}}],"collection":[{"href":"https:\/\/onekind-escort.com\/fr\/wp-json\/wp\/v2\/pages"}],"about":[{"href":"https:\/\/onekind-escort.com\/fr\/wp-json\/wp\/v2\/types\/page"}],"author":[{"embeddable":true,"href":"https:\/\/onekind-escort.com\/fr\/wp-json\/wp\/v2\/users\/1"}],"replies":[{"embeddable":true,"href":"https:\/\/onekind-escort.com\/fr\/wp-json\/wp\/v2\/comments?post=3"}],"version-history":[{"count":1,"href":"https:\/\/onekind-escort.com\/fr\/wp-json\/wp\/v2\/pages\/3\/revisions"}],"predecessor-version":[{"id":88552,"href":"https:\/\/onekind-escort.com\/fr\/wp-json\/wp\/v2\/pages\/3\/revisions\/88552"}],"wp:attachment":[{"href":"https:\/\/onekind-escort.com\/fr\/wp-json\/wp\/v2\/media?parent=3"}],"curies":[{"name":"wp","href":"https:\/\/api.w.org\/{rel}","templated":true}]}}