{"id":88553,"date":"2025-07-24T09:07:48","date_gmt":"2025-07-24T09:07:48","guid":{"rendered":"https:\/\/onekind-escort.com\/?page_id=88553"},"modified":"2025-07-24T09:07:48","modified_gmt":"2025-07-24T09:07:48","slug":"terms-of-use-and-notice","status":"publish","type":"page","link":"https:\/\/onekind-escort.com\/fr\/terms-of-use-and-notice\/","title":{"rendered":"Conditions d&#039;utilisation et avis"},"content":{"rendered":"<h2 class=\"wp-block-heading\">MENTIONS L\u00c9GALES<\/h2>\n<p>Op\u00e9rateur de ce site Web \u2013 One Kind Luxury Service<\/p>\n<p>Avenue de l&#039;Europe 26<\/p>\n<p>Pozuelo de Alarcon, Espagne<\/p>\n<p>Courriel : contact@onekind-agency.com<\/p>\n<p>T\u00e9l\u00e9phone : +34 613 618 595<\/p>\n<p>RESPONSABILIT\u00c9 DU CONTENU<\/p>\n<p>En tant que prestataire de services, nous sommes responsables du contenu de ces pages, conform\u00e9ment aux lois g\u00e9n\u00e9rales. Cependant, en tant que prestataire de services, nous ne sommes pas tenus de surveiller les informations tierces transmises ou stock\u00e9es, ni d&#039;enqu\u00eater sur les circonstances indiquant une activit\u00e9 ill\u00e9gale.<\/p>\n<p>Les obligations de supprimer ou de bloquer l&#039;utilisation d&#039;informations conform\u00e9ment aux lois g\u00e9n\u00e9rales restent inchang\u00e9es. Toutefois, notre responsabilit\u00e9 \u00e0 cet \u00e9gard n&#039;est engag\u00e9e qu&#039;\u00e0 partir du moment o\u00f9 nous avons connaissance d&#039;une infraction sp\u00e9cifique. Si nous avons connaissance d&#039;infractions correspondantes, nous supprimerons imm\u00e9diatement le contenu concern\u00e9.<\/p>\n<h2>RESPONSABILIT\u00c9 DES LIENS<\/h2>\n<p>Notre offre contient des liens vers des sites web externes de tiers, sur le contenu desquels nous n&#039;avons aucune influence. Nous d\u00e9clinons donc toute responsabilit\u00e9 quant \u00e0 ces contenus externes. Le fournisseur ou l&#039;exploitant des pages concern\u00e9es est toujours responsable du contenu des pages li\u00e9es. Au moment de la cr\u00e9ation du lien, les pages li\u00e9es ont \u00e9t\u00e9 v\u00e9rifi\u00e9es afin de d\u00e9tecter d&#039;\u00e9ventuelles infractions. Aucun contenu ill\u00e9gal n&#039;\u00e9tait d\u00e9cel\u00e9 au moment de la cr\u00e9ation du lien.<\/p>\n<p>Toutefois, un contr\u00f4le permanent du contenu des pages li\u00e9es n&#039;est pas raisonnable sans preuve concr\u00e8te d&#039;une violation de la loi. Si nous avons connaissance d&#039;une violation de la loi, nous supprimerons imm\u00e9diatement ces liens.<\/p>\n<p>\u200b<\/p>\n<h2>DROITS D&#039;AUTEUR<\/h2>\n<p>Le contenu et les \u0153uvres de ces pages, cr\u00e9\u00e9s par les exploitants du site, sont prot\u00e9g\u00e9s par le droit d&#039;auteur. La reproduction, le traitement, la diffusion et toute forme d&#039;exploitation en dehors des limites du droit d&#039;auteur n\u00e9cessitent l&#039;autorisation \u00e9crite de l&#039;auteur ou du cr\u00e9ateur concern\u00e9. Les t\u00e9l\u00e9chargements et copies de cette page sont uniquement autoris\u00e9s pour un usage priv\u00e9 et non commercial.<\/p>\n<p>Si le contenu de ce site n&#039;a pas \u00e9t\u00e9 cr\u00e9\u00e9 par l&#039;exploitant, les droits d&#039;auteur des tiers sont respect\u00e9s. Ces contenus tiers sont notamment signal\u00e9s comme tels. Cependant, si vous constatez une violation du droit d&#039;auteur, nous vous demandons de nous en informer. Si nous constatons une telle violation, nous supprimerons imm\u00e9diatement ce contenu.<\/p>\n<p>&nbsp;<\/p>\n<h3>DROITS \u00c0 L&#039;IMAGE<\/h3>\n<p>stock.adobe.com \/ Slava_Vladzimirska, Roman Babakin, paulaphot, Leonid Andronov, Maridav, Detkov D, kiuikson, neonshot, janifest, LIGHTFIELD STUDIOS, nico Sch\u00f6nberger\/EyeEm, JFL Photography, Simon, Sina Ettmer, Restyler,<\/p>\n<p>DROITS VID\u00c9O<\/p>\n<p>stock.adobe.com \/ Maridav, AILA_IMAGES<\/p>","protected":false},"excerpt":{"rendered":"<p>LEGAL NOTICE Operator of this website \u2013 One Kind Luxury Service Europe Avenue 26 Pozuelo de Alarcon, Spain Email: contact@onekind-agency.com Phone: +34 613 618 595 RESPONSIBILITY FOR CONTENT As a service provider, we are responsible for our own content on these pages in accordance with general laws. However, as a service provider, we are not [&hellip;]<\/p>\n","protected":false},"author":1,"featured_media":0,"parent":0,"menu_order":0,"comment_status":"closed","ping_status":"closed","template":"","meta":{"_acf_changed":false,"footnotes":""},"class_list":["post-88553","page","type-page","status-publish","hentry"],"acf":[],"_links":{"self":[{"href":"https:\/\/onekind-escort.com\/fr\/wp-json\/wp\/v2\/pages\/88553","targetHints":{"allow":["GET"]}}],"collection":[{"href":"https:\/\/onekind-escort.com\/fr\/wp-json\/wp\/v2\/pages"}],"about":[{"href":"https:\/\/onekind-escort.com\/fr\/wp-json\/wp\/v2\/types\/page"}],"author":[{"embeddable":true,"href":"https:\/\/onekind-escort.com\/fr\/wp-json\/wp\/v2\/users\/1"}],"replies":[{"embeddable":true,"href":"https:\/\/onekind-escort.com\/fr\/wp-json\/wp\/v2\/comments?post=88553"}],"version-history":[{"count":1,"href":"https:\/\/onekind-escort.com\/fr\/wp-json\/wp\/v2\/pages\/88553\/revisions"}],"predecessor-version":[{"id":88554,"href":"https:\/\/onekind-escort.com\/fr\/wp-json\/wp\/v2\/pages\/88553\/revisions\/88554"}],"wp:attachment":[{"href":"https:\/\/onekind-escort.com\/fr\/wp-json\/wp\/v2\/media?parent=88553"}],"curies":[{"name":"wp","href":"https:\/\/api.w.org\/{rel}","templated":true}]}}