{"id":89996,"date":"2025-09-11T17:21:33","date_gmt":"2025-09-11T17:21:33","guid":{"rendered":"https:\/\/onekind-escort.com\/?page_id=89996"},"modified":"2025-10-04T14:24:35","modified_gmt":"2025-10-04T14:24:35","slug":"university-student-escort","status":"publish","type":"page","link":"https:\/\/onekind-escort.com\/fr\/perfect-match\/university-student-escort\/","title":{"rendered":"Escorte \u00e9tudiante universitaire\u00a0: intelligente, jeune et discr\u00e8te"},"content":{"rendered":"<h2 data-start=\"97\" data-end=\"168\">Le charme d&#039;une escorte \u00e9tudiante ou universitaire<\/h2>\n<p data-start=\"170\" data-end=\"472\">Dans le monde exclusif de <strong data-start=\"196\" data-end=\"218\">Escortes de grande classe<\/strong>, <strong data-start=\"220\" data-end=\"242\">escorte universitaire<\/strong>\u00a0se d\u00e9marquer comme des compagnons uniques, pleins de <strong data-start=\"283\" data-end=\"320\">charme et sophistication de la jeunesse<\/strong>Ces femmes ne sont pas seulement attirantes ; elles combinent <strong data-start=\"372\" data-end=\"411\">\u00e9l\u00e9gance, intelligence et culture<\/strong>, ce qui en fait des compagnons id\u00e9aux pour les hommes aux go\u00fbts raffin\u00e9s.<\/p>\n<p data-start=\"474\" data-end=\"826\">Qu&#039;est-ce qui rend une escorte \u00e9tudiante si recherch\u00e9e dans le monde des rencontres de luxe\u00a0? Ces jeunes femmes allient une vie universitaire active \u00e0 l&#039;effervescence et au glamour du monde des escortes de luxe. Elles sont intelligentes, cosmopolites, polyglottes et ont souvent une exp\u00e9rience internationale. Leur jeunesse, leur dynamisme et leur curiosit\u00e9 naturelle en font des compagnes irr\u00e9sistibles.<\/p>\n<p data-start=\"828\" data-end=\"1225\"><strong data-start=\"828\" data-end=\"850\">Escortes universitaires<\/strong> offrir le m\u00e9lange parfait : <strong data-start=\"874\" data-end=\"896\">innocence juv\u00e9nile<\/strong> associ\u00e9 \u00e0 un <strong data-start=\"912\" data-end=\"957\">personnalit\u00e9 aventureuse et sophistiqu\u00e9e<\/strong>Leur charme va au-del\u00e0 de la beaut\u00e9 physique\u00a0: il r\u00e9side dans leur ouverture d&#039;esprit et leur d\u00e9sir sinc\u00e8re de cr\u00e9er des moments inoubliables. Un rendez-vous avec une escorte \u00e9tudiante vous permet de <strong data-start=\"1130\" data-end=\"1152\">\u00e9chapper \u00e0 la routine<\/strong> et profitez d&#039;exp\u00e9riences uniques remplies de fra\u00eecheur, d&#039;\u00e9nergie et de style.<\/p>\n<h2 data-start=\"1232\" data-end=\"1291\">Pourquoi les \u00e9tudiants choisissent-ils de devenir escortes universitaires ?<\/h2>\n<p data-start=\"1293\" data-end=\"1439\">Pour de nombreuses jeunes femmes, \u00eatre une <strong data-start=\"1323\" data-end=\"1341\">escorte \u00e9tudiante<\/strong> est une d\u00e9cision consciente et strat\u00e9gique, pleine d\u2019avantages que peu d\u2019emplois conventionnels peuvent offrir :<\/p>\n<ul data-start=\"1441\" data-end=\"2203\">\n<li data-start=\"1441\" data-end=\"1697\">\n<p data-start=\"1443\" data-end=\"1697\"><strong data-start=\"1443\" data-end=\"1486\">Ind\u00e9pendance financi\u00e8re et flexibilit\u00e9 :<\/strong> Ils peuvent organiser leurs horaires, conciliant \u00e9tudes et travail sans compromettre leurs r\u00e9sultats scolaires. Contrairement aux emplois \u00e0 temps partiel classiques, cette profession offre une plus grande autonomie financi\u00e8re.<\/p>\n<\/li>\n<li data-start=\"1699\" data-end=\"1965\">\n<p data-start=\"1701\" data-end=\"1965\"><strong data-start=\"1701\" data-end=\"1745\">Croissance personnelle et \u00e9largissement des horizons :<\/strong> Chaque rencontre est l&#039;occasion de rencontrer des personnes int\u00e9ressantes et influentes, d&#039;\u00e9largir son r\u00e9seau social et d&#039;acqu\u00e9rir de nouvelles perspectives de vie. La diversit\u00e9 des exp\u00e9riences propos\u00e9es permet un d\u00e9veloppement personnel continu.<\/p>\n<\/li>\n<li data-start=\"1967\" data-end=\"2203\">\n<p data-start=\"1969\" data-end=\"2203\"><strong data-start=\"1969\" data-end=\"1997\">Style de vie sophistiqu\u00e9 :<\/strong> L&#039;acc\u00e8s \u00e0 des d\u00eeners exclusifs, des voyages et des \u00e9v\u00e9nements sociaux fait partie du quotidien d&#039;un accompagnateur universitaire. Ce travail leur permet de vivre une exp\u00e9rience de luxe et de sophistication que peu d&#039;autres emplois offrent.<img loading=\"lazy\" decoding=\"async\" class=\"size-medium wp-image-90191 aligncenter\" src=\"https:\/\/onekind-escort.com\/wp-content\/uploads\/2025\/08\/Foto-07.08.25-13-15-52-16-200x300.jpg\" alt=\"\" width=\"200\" height=\"300\" srcset=\"https:\/\/onekind-escort.com\/wp-content\/uploads\/2025\/08\/Foto-07.08.25-13-15-52-16-200x300.jpg 200w, https:\/\/onekind-escort.com\/wp-content\/uploads\/2025\/08\/Foto-07.08.25-13-15-52-16-683x1024.jpg 683w, https:\/\/onekind-escort.com\/wp-content\/uploads\/2025\/08\/Foto-07.08.25-13-15-52-16-768x1151.jpg 768w, https:\/\/onekind-escort.com\/wp-content\/uploads\/2025\/08\/Foto-07.08.25-13-15-52-16-1025x1536.jpg 1025w, https:\/\/onekind-escort.com\/wp-content\/uploads\/2025\/08\/Foto-07.08.25-13-15-52-16-1366x2048.jpg 1366w, https:\/\/onekind-escort.com\/wp-content\/uploads\/2025\/08\/Foto-07.08.25-13-15-52-16-8x12.jpg 8w, https:\/\/onekind-escort.com\/wp-content\/uploads\/2025\/08\/Foto-07.08.25-13-15-52-16-scaled.jpg 1708w\" sizes=\"auto, (max-width: 200px) 100vw, 200px\" \/><\/p>\n<\/li>\n<\/ul>\n<p data-start=\"2205\" data-end=\"2401\">Pour ces jeunes femmes, \u00eatre une <strong data-start=\"2236\" data-end=\"2254\">escorte \u00e9tudiante<\/strong> ce n&#039;est pas seulement un travail, c&#039;est un <strong data-start=\"2281\" data-end=\"2323\">opportunit\u00e9 de vivre des exp\u00e9riences uniques<\/strong>, profiter du luxe et atteindre la stabilit\u00e9 financi\u00e8re tout en profitant de leur jeunesse.<\/p>\n<h2 data-start=\"2408\" data-end=\"2462\">Concilier \u00e9tudes et vie d&#039;escorte de luxe<\/h2>\n<p data-start=\"2464\" data-end=\"2731\">Travailler comme <strong data-start=\"2477\" data-end=\"2498\">escorte universitaire<\/strong> Ils offrent un \u00e9quilibre parfait entre responsabilit\u00e9s acad\u00e9miques et vie sociale stimulante. Le jour, ils suivent les cours et se concentrent sur leurs \u00e9tudes\u00a0; le soir, ils se transforment en compagnons raffin\u00e9s, pr\u00eats \u00e0 partager des moments privil\u00e9gi\u00e9s.<\/p>\n<p data-start=\"2733\" data-end=\"2998\">Une journ\u00e9e typique peut inclure des cours du matin, des s\u00e9ances d\u2019\u00e9tude l\u2019apr\u00e8s-midi et un <strong data-start=\"2809\" data-end=\"2850\">d\u00eener \u00e9l\u00e9gant dans un restaurant de luxe<\/strong> Le soir. Cet \u00e9quilibre permet aux accompagnateurs \u00e9tudiants de profiter pleinement de leurs deux facettes\u00a0: leur d\u00e9veloppement acad\u00e9mique et leurs exp\u00e9riences sociales de haut niveau.<\/p>\n<h2 data-start=\"3005\" data-end=\"3079\">Escorte universitaire \u2013 Trois fantasmes exclusifs avec une escorte \u00e9tudiante<\/h2>\n<p data-start=\"3081\" data-end=\"3297\">Un rendez-vous avec une escorte \u00e9tudiante va au-del\u00e0 d&#039;une simple rencontre : c&#039;est <strong data-start=\"3145\" data-end=\"3194\">immersion dans un monde de fantaisie et de romance<\/strong>Ces compagnons savent comment rendre chaque rendez-vous m\u00e9morable. Parmi les fantasmes les plus d\u00e9sir\u00e9s, on trouve\u00a0:<\/p>\n<p data-start=\"3299\" data-end=\"3607\"><strong data-start=\"3299\" data-end=\"3345\">Fantasme 1 : Le premier baiser au bar de l&#039;h\u00f4tel<\/strong><br data-start=\"3345\" data-end=\"3348\" \/>L&#039;escorte \u00e9tudiante arrive impeccablement habill\u00e9e, avec un sourire captivant et une pointe de myst\u00e8re. La conversation coule de source et l&#039;alchimie s&#039;installe. <strong data-start=\"3499\" data-end=\"3513\">premier baiser<\/strong> dans un \u00e9l\u00e9gant bar d&#039;h\u00f4tel marque le d\u00e9but d&#039;une soir\u00e9e inoubliable pleine de connexion.<\/p>\n<p data-start=\"3609\" data-end=\"3952\"><strong data-start=\"3609\" data-end=\"3658\">Fantasy 2 : Une soir\u00e9e \u00e0 l&#039;op\u00e9ra ou au th\u00e9\u00e2tre<\/strong><br data-start=\"3658\" data-end=\"3661\" \/>Une escorte universitaire en robe de gala accompagne son client \u00e0 l&#039;op\u00e9ra ou au th\u00e9\u00e2tre. Regards, gestes et conversations intimes pendant la repr\u00e9sentation cr\u00e9ent un lien particulier. Apr\u00e8s le spectacle, un <strong data-start=\"3861\" data-end=\"3881\">d\u00eener exclusif<\/strong> compl\u00e8te la nuit, alliant culture, sophistication et romantisme.<\/p>\n<p data-start=\"3954\" data-end=\"4253\"><strong data-start=\"3954\" data-end=\"4012\">Fantasy 3\u00a0: Un voyage romantique vers une destination exclusive<\/strong><br data-start=\"4012\" data-end=\"4015\" \/>Des villas priv\u00e9es en bord de mer aux charmantes escapades citadines, chaque instant devient une aventure partag\u00e9e. Petits-d\u00e9jeuners avec vue sur l&#039;oc\u00e9an, balades romantiques et d\u00eeners au coucher du soleil font de chaque voyage une exp\u00e9rience inoubliable. <strong data-start=\"4209\" data-end=\"4250\">d\u00e9tente totale et plaisir mutuel<\/strong>.<\/p>\n<h2 data-start=\"4260\" data-end=\"4309\">Offres sp\u00e9ciales\u00a0: Escortes universitaires en Espagne<\/h2>\n<p data-start=\"4311\" data-end=\"4388\">Chaque ville d&#039;Espagne offre des exp\u00e9riences uniques avec une <strong data-start=\"4364\" data-end=\"4385\">escorte universitaire<\/strong>.<\/p>\n<p data-start=\"4390\" data-end=\"4409\"><strong data-start=\"4390\" data-end=\"4407\">\u00a0 \u00a0 \u00a0Barcelone<\/strong><\/p>\n<ul data-start=\"4410\" data-end=\"4654\">\n<li data-start=\"4410\" data-end=\"4504\">\n<p data-start=\"4412\" data-end=\"4504\"><strong data-start=\"4412\" data-end=\"4429\">Universit\u00e9s:<\/strong> <a href=\"https:\/\/web.ub.edu\/es\/inicio\" rel=\"noopener\">Universit\u00e9 de Barcelone (UB)<\/a>, Universit\u00e9 Polytechnique de Catalogne (UPC).<\/p>\n<\/li>\n<li data-start=\"4505\" data-end=\"4654\">\n<p data-start=\"4507\" data-end=\"4654\"><strong data-start=\"4507\" data-end=\"4522\">Activit\u00e9s:<\/strong> Visites priv\u00e9es de la Sagrada Familia ou du mus\u00e9e Picasso, excursions en yacht le long de la M\u00e9diterran\u00e9e, s\u00e9ances de spa avec vue sur l&#039;oc\u00e9an.<\/p>\n<\/li>\n<\/ul>\n<p data-start=\"4656\" data-end=\"4672\"><strong data-start=\"4656\" data-end=\"4670\">\u00a0 \u00a0 \u00a0Madrid<\/strong><\/p>\n<ul data-start=\"4673\" data-end=\"4833\">\n<li data-start=\"4673\" data-end=\"4724\">\n<p data-start=\"4675\" data-end=\"4724\"><strong data-start=\"4675\" data-end=\"4692\">Universit\u00e9s:<\/strong> <a href=\"https:\/\/www.ucm.es\/\" rel=\"noopener\">Universit\u00e9 Complutense (UCM).<\/a><\/p>\n<\/li>\n<li data-start=\"4725\" data-end=\"4833\">\n<p data-start=\"4727\" data-end=\"4833\"><strong data-start=\"4727\" data-end=\"4742\">Activit\u00e9s:<\/strong> Mus\u00e9e du Prado, Th\u00e9\u00e2tre Royal, promenades dans le parc du Retiro, d\u00eeners sur les toits avec vue panoramique.<\/p>\n<\/li>\n<\/ul>\n<p data-start=\"4835\" data-end=\"4852\"><strong data-start=\"4835\" data-end=\"4850\">\u00a0 \u00a0 \u00a0S\u00e9ville<\/strong><\/p>\n<ul data-start=\"4853\" data-end=\"5024\">\n<li data-start=\"4853\" data-end=\"4897\">\n<p data-start=\"4855\" data-end=\"4897\"><strong data-start=\"4855\" data-end=\"4872\">Universit\u00e9s:<\/strong> <a href=\"https:\/\/www.us.es\/\" rel=\"noopener\">Universit\u00e9 de S\u00e9ville.<\/a><\/p>\n<\/li>\n<li data-start=\"4898\" data-end=\"5024\">\n<p data-start=\"4900\" data-end=\"5024\"><strong data-start=\"4900\" data-end=\"4915\">Activit\u00e9s:<\/strong> Spectacles de flamenco, promenades romantiques en cal\u00e8che dans la vieille ville, d\u00eeners aux chandelles au bord du fleuve Guadalquivir.<\/p>\n<\/li>\n<\/ul>\n<p data-start=\"5026\" data-end=\"5042\"><strong data-start=\"5026\" data-end=\"5040\">\u00a0 \u00a0 \u00a0Bilbao<\/strong><\/p>\n<ul data-start=\"5043\" data-end=\"5210\">\n<li data-start=\"5043\" data-end=\"5108\">\n<p data-start=\"5045\" data-end=\"5108\"><strong data-start=\"5045\" data-end=\"5062\">Universit\u00e9s:<\/strong><a href=\"https:\/\/www.ehu.eus\/en\/en-home\" rel=\"noopener\"> Universit\u00e9 du Pays Basque (UPV\/EHU).<\/a><\/p>\n<\/li>\n<li data-start=\"5109\" data-end=\"5210\">\n<p data-start=\"5111\" data-end=\"5210\"><strong data-start=\"5111\" data-end=\"5126\">Activit\u00e9s:<\/strong> Mus\u00e9e Guggenheim, t\u00e9l\u00e9ph\u00e9rique d&#039;Artxanda, d\u00eeners dans des restaurants traditionnels basques.<\/p>\n<\/li>\n<\/ul>\n<p data-start=\"5212\" data-end=\"5230\"><strong data-start=\"5212\" data-end=\"5228\">\u00a0 \u00a0 \u00a0Saragosse<\/strong><\/p>\n<ul data-start=\"5231\" data-end=\"5374\">\n<li data-start=\"5231\" data-end=\"5276\">\n<p data-start=\"5233\" data-end=\"5276\"><strong data-start=\"5233\" data-end=\"5250\">Universit\u00e9s:<\/strong> <a href=\"https:\/\/www.unizar.es\/\" rel=\"noopener\">Universit\u00e9 de Saragosse.<\/a><\/p>\n<\/li>\n<li data-start=\"5277\" data-end=\"5374\">\n<p data-start=\"5279\" data-end=\"5374\"><strong data-start=\"5279\" data-end=\"5294\">Activit\u00e9s:<\/strong> Basilique du Pilar, excursions en bateau sur l&#039;\u00c8bre, d\u00eeners dans la vieille ville.<\/p>\n<\/li>\n<\/ul>\n<h2 data-start=\"5381\" data-end=\"5439\">Escortes universitaires \u2013 Discr\u00e9tion et professionnalisme<\/h2>\n<p data-start=\"5441\" data-end=\"5643\"><strong data-start=\"5441\" data-end=\"5475\">Discr\u00e9tion et professionnalisme<\/strong> sont les fondements de One Kind Luxury Escort. Chaque escorte universitaire comprend l&#039;importance de la confidentialit\u00e9 et maintient une conduite professionnelle en toutes circonstances.<\/p>\n<p data-start=\"5645\" data-end=\"5858\">Les clients de haut niveau peuvent <strong data-start=\"5670\" data-end=\"5720\">d\u00e9tendez-vous et profitez de l&#039;exp\u00e9rience sans souci<\/strong>, sachant qu&#039;ils sont entre les mains de compagnons fiables, \u00e9l\u00e9gants et empathiques capables de cr\u00e9er <strong data-start=\"5820\" data-end=\"5855\">des moments authentiques et m\u00e9morables<\/strong>.<\/p>\n<p data-start=\"5645\" data-end=\"5858\"><img loading=\"lazy\" decoding=\"async\" class=\"size-medium wp-image-90561 aligncenter\" src=\"https:\/\/onekind-escort.com\/wp-content\/uploads\/2025\/08\/SOFIA_LOGO_CENSORED_FULL_IMG_7282-200x300.jpg\" alt=\"\" width=\"200\" height=\"300\" srcset=\"https:\/\/onekind-escort.com\/wp-content\/uploads\/2025\/08\/SOFIA_LOGO_CENSORED_FULL_IMG_7282-200x300.jpg 200w, https:\/\/onekind-escort.com\/wp-content\/uploads\/2025\/08\/SOFIA_LOGO_CENSORED_FULL_IMG_7282-683x1024.jpg 683w, https:\/\/onekind-escort.com\/wp-content\/uploads\/2025\/08\/SOFIA_LOGO_CENSORED_FULL_IMG_7282-768x1151.jpg 768w, https:\/\/onekind-escort.com\/wp-content\/uploads\/2025\/08\/SOFIA_LOGO_CENSORED_FULL_IMG_7282-1025x1536.jpg 1025w, https:\/\/onekind-escort.com\/wp-content\/uploads\/2025\/08\/SOFIA_LOGO_CENSORED_FULL_IMG_7282-1366x2048.jpg 1366w, https:\/\/onekind-escort.com\/wp-content\/uploads\/2025\/08\/SOFIA_LOGO_CENSORED_FULL_IMG_7282-8x12.jpg 8w, https:\/\/onekind-escort.com\/wp-content\/uploads\/2025\/08\/SOFIA_LOGO_CENSORED_FULL_IMG_7282-scaled.jpg 1708w\" sizes=\"auto, (max-width: 200px) 100vw, 200px\" \/><\/p>\n<h2 data-start=\"5865\" data-end=\"5912\">Comment r\u00e9server une escorte universitaire en Espagne<\/h2>\n<p data-start=\"5914\" data-end=\"6165\">R\u00e9servation d&#039;un <strong data-start=\"5924\" data-end=\"5942\">escorte \u00e9tudiante<\/strong> en Espagne avec One Kind Luxury Escort est <strong data-start=\"5983\" data-end=\"6014\">simple, s\u00e9curis\u00e9 et priv\u00e9<\/strong>Notre \u00e9quipe offre des conseils personnalis\u00e9s pour aider les clients \u00e0 trouver le compagnon id\u00e9al, que ce soit pour un bref rendez-vous, une soir\u00e9e \u00e9l\u00e9gante ou une escapade de week-end.<\/p>\n<p data-start=\"6167\" data-end=\"6331\">Chaque escorte est soigneusement s\u00e9lectionn\u00e9e pour <strong data-start=\"6205\" data-end=\"6252\">\u00e9l\u00e9gance, intelligence et professionnalisme<\/strong>, garantissant des exp\u00e9riences de luxe allant des d\u00eeners sophistiqu\u00e9s aux escapades romantiques.<\/p>\n<h2 data-start=\"6338\" data-end=\"6408\">Excursus : Voulez-vous devenir une escorte universitaire de grande classe ?<\/h2>\n<p data-start=\"6410\" data-end=\"6614\">One Kind Luxury Escort recherche des femmes jeunes, talentueuses et engag\u00e9es souhaitant devenir <strong data-start=\"6499\" data-end=\"6518\">escortes \u00e9tudiantes<\/strong>Les exigences comprennent la confiance, la discr\u00e9tion, l\u2019ouverture d\u2019esprit et le go\u00fbt du luxe et de l\u2019aventure.<\/p>\n<p data-start=\"6616\" data-end=\"6650\"><strong data-start=\"6616\" data-end=\"6648\">Avantages de travailler avec nous :<\/strong><\/p>\n<ul data-start=\"6651\" data-end=\"6907\">\n<li data-start=\"6651\" data-end=\"6732\">\n<p data-start=\"6653\" data-end=\"6732\"><strong data-start=\"6653\" data-end=\"6675\">Horaire flexible :<\/strong> Combiner \u00e9tudes et vie personnelle avec la profession.<\/p>\n<\/li>\n<li data-start=\"6733\" data-end=\"6805\">\n<p data-start=\"6735\" data-end=\"6805\"><strong data-start=\"6735\" data-end=\"6762\">Ind\u00e9pendance financi\u00e8re :<\/strong> Acc\u00e9dez \u00e0 un style de vie confortable et \u00e9l\u00e9gant.<\/p>\n<\/li>\n<li data-start=\"6806\" data-end=\"6907\">\n<p data-start=\"6808\" data-end=\"6907\"><strong data-start=\"6808\" data-end=\"6833\">D\u00e9veloppement personnel :<\/strong> \u00c9largissez vos horizons, rencontrez des personnes int\u00e9ressantes et vivez des exp\u00e9riences uniques.<\/p>\n<\/li>\n<\/ul>\n<p data-start=\"6909\" data-end=\"7069\">Le processus de s\u00e9lection est simple et guid\u00e9. \u00catre escorte \u00e9tudiante chez One Kind Luxury Escort, c&#039;est plus qu&#039;un travail\u00a0: c&#039;est <strong data-start=\"7027\" data-end=\"7066\">un style de vie passionnant et enrichissant<\/strong>.<\/p>\n<h2 data-start=\"7076\" data-end=\"7151\">Conclusion : L&#039;exp\u00e9rience unique d&#039;un rendez-vous avec une escorte universitaire<\/h2>\n<p data-start=\"7153\" data-end=\"7382\">Un rendez-vous avec une escorte \u00e9tudiante est plus qu&#039;une rencontre : c&#039;est <strong data-start=\"7211\" data-end=\"7254\">fantaisie, aventure et connexion profonde<\/strong>Avec une jeune femme intelligente, sophistiqu\u00e9e et charmante \u00e0 vos c\u00f4t\u00e9s, chaque instant devient <strong data-start=\"7352\" data-end=\"7379\">exclusif et m\u00e9morable<\/strong>.<\/p>\n<p data-start=\"7384\" data-end=\"7549\">Qu&#039;il s&#039;agisse d&#039;une conversation stimulante, d&#039;une exp\u00e9rience culturelle ou d&#039;une escapade romantique, nos escortes \u00e9tudiantes sont pr\u00eates \u00e0 vous fournir <strong data-start=\"7512\" data-end=\"7546\">luxe et plaisir authentiques<\/strong>.<\/p>\n<p data-start=\"7551\" data-end=\"7760\">Avec One Kind Luxury Escort, chaque rencontre est <strong data-start=\"7599\" data-end=\"7661\">sp\u00e9cial, unique et adapt\u00e9 \u00e0 vos attentes les plus \u00e9lev\u00e9es<\/strong>R\u00e9servez d\u00e8s aujourd&#039;hui et plongez dans un monde d&#039;\u00e9l\u00e9gance, de passion et d&#039;exp\u00e9riences inoubliables.<\/p>","protected":false},"excerpt":{"rendered":"<p>The Charm of a Student Escort or University Escort In the exclusive world of High Class Escorts, university escort\u00a0stand out as unique companions, full of youthful charm and sophistication. These women are not only attractive; they combine elegance, intelligence, and culture, making them ideal companions for men with refined tastes. What makes a student escort [&hellip;]<\/p>\n","protected":false},"author":1,"featured_media":88133,"parent":89474,"menu_order":0,"comment_status":"closed","ping_status":"closed","template":"","meta":{"_acf_changed":false,"footnotes":""},"class_list":["post-89996","page","type-page","status-publish","has-post-thumbnail","hentry"],"acf":[],"_links":{"self":[{"href":"https:\/\/onekind-escort.com\/fr\/wp-json\/wp\/v2\/pages\/89996","targetHints":{"allow":["GET"]}}],"collection":[{"href":"https:\/\/onekind-escort.com\/fr\/wp-json\/wp\/v2\/pages"}],"about":[{"href":"https:\/\/onekind-escort.com\/fr\/wp-json\/wp\/v2\/types\/page"}],"author":[{"embeddable":true,"href":"https:\/\/onekind-escort.com\/fr\/wp-json\/wp\/v2\/users\/1"}],"replies":[{"embeddable":true,"href":"https:\/\/onekind-escort.com\/fr\/wp-json\/wp\/v2\/comments?post=89996"}],"version-history":[{"count":7,"href":"https:\/\/onekind-escort.com\/fr\/wp-json\/wp\/v2\/pages\/89996\/revisions"}],"predecessor-version":[{"id":90838,"href":"https:\/\/onekind-escort.com\/fr\/wp-json\/wp\/v2\/pages\/89996\/revisions\/90838"}],"up":[{"embeddable":true,"href":"https:\/\/onekind-escort.com\/fr\/wp-json\/wp\/v2\/pages\/89474"}],"wp:featuredmedia":[{"embeddable":true,"href":"https:\/\/onekind-escort.com\/fr\/wp-json\/wp\/v2\/media\/88133"}],"wp:attachment":[{"href":"https:\/\/onekind-escort.com\/fr\/wp-json\/wp\/v2\/media?parent=89996"}],"curies":[{"name":"wp","href":"https:\/\/api.w.org\/{rel}","templated":true}]}}