{"id":89998,"date":"2025-09-11T17:21:48","date_gmt":"2025-09-11T17:21:48","guid":{"rendered":"https:\/\/onekind-escort.com\/?page_id=89998"},"modified":"2025-10-04T08:54:31","modified_gmt":"2025-10-04T08:54:31","slug":"duo-escort-dates","status":"publish","type":"page","link":"https:\/\/onekind-escort.com\/fr\/perfect-match\/duo-escort-dates\/","title":{"rendered":"Duo Escort \u2013 Doublez le d\u00e9sir, doublez l&#039;intimit\u00e9"},"content":{"rendered":"<p><span style=\"font-weight: 400;\">Imaginez : deux femmes magnifiques, \u00e0 la fois sensuelles et irr\u00e9sistiblement attirantes, vous sont enti\u00e8rement d\u00e9vou\u00e9es pour un rendez-vous en duo avec escorte. Elles se relaient pour vous caresser, vous taquiner et vous couvrir d&#039;attention. Au m\u00eame moment, leurs regards se croisent et une \u00e9tincelle ind\u00e9niable na\u00eet entre elles. Lentement, elles se penchent l&#039;une vers l&#039;autre, leurs l\u00e8vres se joignant pour un baiser profond et passionn\u00e9 qui vous emporte. Leurs mains explorent leurs courbes, leurs g\u00e9missements doux et enivrants \u2013 et pourtant, malgr\u00e9 tout\u2026 <\/span><b>vous restez au centre de cette rencontre palpitante<\/b><span style=\"font-weight: 400;\">.<\/span><\/p>\n<p><span style=\"font-weight: 400;\">C&#039;est l&#039;essence d&#039;un <\/span><b>rendez-vous d&#039;escorte en duo<\/b><span style=\"font-weight: 400;\">Il ne s&#039;agit pas seulement d&#039;\u00eatre avec deux femmes \u00e0 la fois, mais d&#039;\u00eatre entour\u00e9 de deux fois plus d&#039;affection, de deux fois plus de passion et de deux fois plus d&#039;\u00e9nergie sensuelle. Vous n&#039;avez pas \u00e0 choisir entre les regarder se livrer aux jeux \u00e9rotiques de l&#039;autre ou sentir leur corps contre le v\u00f4tre. Avec une escorte duo, vous obtenez les deux\u00a0: le frisson du plaisir voyeur et l&#039;extase d&#039;\u00eatre activement choy\u00e9 par deux femmes qui partagent la m\u00eame mission\u00a0: faire de vous l&#039;homme le plus heureux du monde.<\/span><\/p>\n<p><span style=\"font-weight: 400;\">Dans le monde diversifi\u00e9 des rencontres et de la compagnie, peu d&#039;exp\u00e9riences sont aussi \u00e9lectrisantes. Un rendez-vous en duo d&#039;escortes allie sophistication et intimit\u00e9 aventureuse, ce qui en fait l&#039;un des services les plus demand\u00e9s dans le monde de l&#039;escorte de luxe. C&#039;est l&#039;\u00e9quilibre parfait entre \u00e9l\u00e9gance et \u00e9rotisme \u2013 un fantasme intime o\u00f9 passion, espi\u00e8glerie et pur plaisir sont multipli\u00e9s par deux.<\/span><\/p>\n<p>&nbsp;<\/p>\n<p><img loading=\"lazy\" decoding=\"async\" class=\"aligncenter wp-image-88119 size-medium\" src=\"https:\/\/onekind-escort.com\/wp-content\/uploads\/2025\/03\/MONICA_5_LOGO_CENSORED_B-200x300.jpg\" alt=\"\" width=\"200\" height=\"300\" srcset=\"https:\/\/onekind-escort.com\/wp-content\/uploads\/2025\/03\/MONICA_5_LOGO_CENSORED_B-200x300.jpg 200w, https:\/\/onekind-escort.com\/wp-content\/uploads\/2025\/03\/MONICA_5_LOGO_CENSORED_B-683x1024.jpg 683w, https:\/\/onekind-escort.com\/wp-content\/uploads\/2025\/03\/MONICA_5_LOGO_CENSORED_B-768x1152.jpg 768w, https:\/\/onekind-escort.com\/wp-content\/uploads\/2025\/03\/MONICA_5_LOGO_CENSORED_B-1024x1536.jpg 1024w, https:\/\/onekind-escort.com\/wp-content\/uploads\/2025\/03\/MONICA_5_LOGO_CENSORED_B-8x12.jpg 8w, https:\/\/onekind-escort.com\/wp-content\/uploads\/2025\/03\/MONICA_5_LOGO_CENSORED_B-1140x1710.jpg 1140w, https:\/\/onekind-escort.com\/wp-content\/uploads\/2025\/03\/MONICA_5_LOGO_CENSORED_B-920x1380.jpg 920w, https:\/\/onekind-escort.com\/wp-content\/uploads\/2025\/03\/MONICA_5_LOGO_CENSORED_B-575x863.jpg 575w, https:\/\/onekind-escort.com\/wp-content\/uploads\/2025\/03\/MONICA_5_LOGO_CENSORED_B-380x570.jpg 380w, https:\/\/onekind-escort.com\/wp-content\/uploads\/2025\/03\/MONICA_5_LOGO_CENSORED_B-420x630.jpg 420w, https:\/\/onekind-escort.com\/wp-content\/uploads\/2025\/03\/MONICA_5_LOGO_CENSORED_B-800x1200.jpg 800w, https:\/\/onekind-escort.com\/wp-content\/uploads\/2025\/03\/MONICA_5_LOGO_CENSORED_B.jpg 1280w\" sizes=\"auto, (max-width: 200px) 100vw, 200px\" \/><\/p>\n<p>&nbsp;<\/p>\n<h2><b>Qu&#039;est-ce qu&#039;un rendez-vous d&#039;escorte en duo ?<\/b><\/h2>\n<p><span style=\"font-weight: 400;\">Une <\/span><b>rendez-vous d&#039;escorte en duo<\/b><span style=\"font-weight: 400;\"> C&#039;est profiter de la compagnie de deux femmes simultan\u00e9ment. Contrairement \u00e0 un plan \u00e0 trois classique, souvent ax\u00e9 uniquement sur le physique, une rencontre en duo d&#039;escortes peut prendre de nombreuses formes\u00a0: d&#039;un d\u00eener aux chandelles \u00e0 une soir\u00e9e glamour lors d&#039;un gala, en passant par une soir\u00e9e coquine dans l&#039;intimit\u00e9 de votre suite d&#039;h\u00f4tel.<\/span><\/p>\n<p>Un rendez-vous en duo avec une escorte, c&#039;est la double tentation : deux charmantes compagnes unissent leurs forces pour vous s\u00e9duire et vous chouchouter ensemble. Tout en se concentrant sur vos d\u00e9sirs, elles peuvent partager des caresses tendres et des baisers sensuels, mais l&#039;intimit\u00e9 entre elles reste ludique et affectueuse, sans rapports sexuels. R\u00e9sultat : une exp\u00e9rience d&#039;\u00e9l\u00e9gance, de passion et d&#039;attention irr\u00e9sistible, enti\u00e8rement d\u00e9di\u00e9e \u00e0 vous.<\/p>\n<p>Contrairement \u00e0 un rendez-vous d&#039;escorte bisexuelle - o\u00f9 les deux femmes partagent \u00e9galement le corps de l&#039;autre - un rendez-vous d&#039;escorte en duo garde l&#039;homme au centre de l&#039;attention : c&#039;est lui qui est d\u00e9sir\u00e9, choy\u00e9 et pleinement g\u00e2t\u00e9, tandis que les deux dames l&#039;enchantent ensemble par leur \u00e9l\u00e9gance et leur sensualit\u00e9.<\/p>\n<p><span style=\"font-weight: 400;\">Le frisson r\u00e9side dans le <\/span><b>dynamique entre trois personnes<\/b><span style=\"font-weight: 400;\">En tant que gentleman, vous avez le plaisir \u2013 et le d\u00e9fi \u2013 d&#039;\u00e9quilibrer l&#039;attention entre deux femmes, de cr\u00e9er une harmonie tout en profitant de l&#039;alchimie unique qui se cr\u00e9e. Pour les dames, c&#039;est tout aussi excitant\u00a0: elles cr\u00e9ent une connexion non seulement avec vous, mais aussi entre elles, ce qui ajoute souvent une dimension d&#039;intimit\u00e9 et une \u00e9nergie ludique \u00e0 l&#039;exp\u00e9rience.<\/span><\/p>\n<h2><b>Pourquoi les gentlemen choisissent-ils une escorte Duo ?<\/b><\/h2>\n<p><span style=\"font-weight: 400;\">L&#039;id\u00e9e d&#039;un <\/span><b>rendez-vous d&#039;escorte en duo<\/b><span style=\"font-weight: 400;\"> Excite l&#039;imagination comme peu d&#039;autres exp\u00e9riences dans le monde de l&#039;escorte de luxe. Mais qu&#039;est-ce qui rend ce concept si attrayant et pourquoi est-il l&#039;un des services les plus demand\u00e9s dans le monde de l&#039;escorte de luxe\u00a0? Examinons les raisons les plus courantes qui poussent les hommes \u2013 et souvent les couples aventureux \u2013 \u00e0 se laisser s\u00e9duire par le plaisir de r\u00e9server une escorte. <\/span><b>rendez-vous d&#039;escorte en duo<\/b><span style=\"font-weight: 400;\">.<\/span><\/p>\n<p><img loading=\"lazy\" decoding=\"async\" class=\"size-medium wp-image-89694 aligncenter\" src=\"https:\/\/onekind-escort.com\/wp-content\/uploads\/2025\/07\/OK3_Logo_5_CENSORED_FULL-300x200.jpg\" alt=\"\" width=\"300\" height=\"200\" srcset=\"https:\/\/onekind-escort.com\/wp-content\/uploads\/2025\/07\/OK3_Logo_5_CENSORED_FULL-300x200.jpg 300w, https:\/\/onekind-escort.com\/wp-content\/uploads\/2025\/07\/OK3_Logo_5_CENSORED_FULL-1024x683.jpg 1024w, https:\/\/onekind-escort.com\/wp-content\/uploads\/2025\/07\/OK3_Logo_5_CENSORED_FULL-768x512.jpg 768w, https:\/\/onekind-escort.com\/wp-content\/uploads\/2025\/07\/OK3_Logo_5_CENSORED_FULL-1536x1024.jpg 1536w, https:\/\/onekind-escort.com\/wp-content\/uploads\/2025\/07\/OK3_Logo_5_CENSORED_FULL-18x12.jpg 18w, https:\/\/onekind-escort.com\/wp-content\/uploads\/2025\/07\/OK3_Logo_5_CENSORED_FULL.jpg 1920w\" sizes=\"auto, (max-width: 300px) 100vw, 300px\" \/><\/p>\n<h3><b>1. Vari\u00e9t\u00e9 et intensit\u00e9<\/b><\/h3>\n<p><span style=\"font-weight: 400;\">Une <\/span><b>rendez-vous d&#039;escorte en duo<\/b><span style=\"font-weight: 400;\"> Amplifie chaque sensation. Avec deux femmes \u00e0 vos c\u00f4t\u00e9s, chaque sourire, chaque regard, chaque baiser sont deux fois plus intenses. L&#039;une se penche pour murmurer une plaisanterie, tandis que l&#039;autre vous caresse le bras \u2013 soudain, vous \u00eates au centre de deux \u00e9nergies f\u00e9minines convergeant en parfaite harmonie. L&#039;intensit\u00e9 est submergeante et d\u00e9licieuse, transformant chaque contact en un moment inoubliable.<\/span><\/p>\n<h3><b>2. R\u00e9aliser des fantasmes de longue date<\/b><\/h3>\n<p><span style=\"font-weight: 400;\">Pour beaucoup d&#039;hommes, l&#039;id\u00e9e d&#039;\u00eatre avec deux femmes \u00e0 la fois est le fantasme ultime. <\/span><b>rendez-vous d&#039;escorte en duo<\/b><span style=\"font-weight: 400;\"> Ce r\u00eave devient r\u00e9alit\u00e9 dans un environnement \u00e9l\u00e9gant, discret et sans pression. Certains hommes recherchent la vedette et l&#039;attention de deux femmes sensuelles \u00e0 la fois. D&#039;autres pr\u00e9f\u00e8rent le plaisir voyeur de regarder deux escortes s&#039;embrasser, se toucher et explorer leurs corps avant de les inviter \u00e0 les rejoindre. Quel que soit votre r\u00f4le, ce rendez-vous avec une escorte est fait pour vous.<\/span><span style=\"font-weight: 400;\">\u00a0est con\u00e7u pour r\u00e9pondre \u00e0 vos d\u00e9sirs avec \u00e9l\u00e9gance.<\/span><\/p>\n<h3><b>3. Flexibilit\u00e9 et libert\u00e9<\/b><\/h3>\n<p><span style=\"font-weight: 400;\">La beaut\u00e9 d&#039;un <\/span><b>rendez-vous d&#039;escorte en duo<\/b><span style=\"font-weight: 400;\"> est sa polyvalence. Imaginez-vous un d\u00eener romantique \u00e0 trois, o\u00f9 rires, vin et flirt se transforment naturellement en passion\u00a0? Ou peut-\u00eatre r\u00eavez-vous du frisson de faire une entr\u00e9e remarqu\u00e9e \u00e0 un \u00e9v\u00e9nement, aux c\u00f4t\u00e9s de deux personnes \u00e0 couper le souffle. Bien s\u00fbr, vous pouvez aussi choisir de vous offrir une soir\u00e9e priv\u00e9e \u00e0 huis clos, o\u00f9 toute l&#039;attention est port\u00e9e sur vous. O\u00f9 que votre fantaisie se r\u00e9alise, un <\/span><b>rendez-vous d&#039;escorte en duo<\/b><span style=\"font-weight: 400;\"> s&#039;adapte \u00e0 votre style de vie et \u00e0 vos pr\u00e9f\u00e9rences.<\/span><\/p>\n<p><img loading=\"lazy\" decoding=\"async\" class=\"size-medium wp-image-87340 aligncenter\" src=\"https:\/\/onekind-escort.com\/wp-content\/uploads\/2024\/11\/OK_DUO_Logo_1_CENSORED-200x300.jpg\" alt=\"\" width=\"200\" height=\"300\" srcset=\"https:\/\/onekind-escort.com\/wp-content\/uploads\/2024\/11\/OK_DUO_Logo_1_CENSORED-200x300.jpg 200w, https:\/\/onekind-escort.com\/wp-content\/uploads\/2024\/11\/OK_DUO_Logo_1_CENSORED-420x630.jpg 420w, https:\/\/onekind-escort.com\/wp-content\/uploads\/2024\/11\/OK_DUO_Logo_1_CENSORED-800x1200.jpg 800w, https:\/\/onekind-escort.com\/wp-content\/uploads\/2024\/11\/OK_DUO_Logo_1_CENSORED-683x1024.jpg 683w, https:\/\/onekind-escort.com\/wp-content\/uploads\/2024\/11\/OK_DUO_Logo_1_CENSORED-768x1152.jpg 768w, https:\/\/onekind-escort.com\/wp-content\/uploads\/2024\/11\/OK_DUO_Logo_1_CENSORED-1024x1536.jpg 1024w, https:\/\/onekind-escort.com\/wp-content\/uploads\/2024\/11\/OK_DUO_Logo_1_CENSORED-8x12.jpg 8w, https:\/\/onekind-escort.com\/wp-content\/uploads\/2024\/11\/OK_DUO_Logo_1_CENSORED-1140x1710.jpg 1140w, https:\/\/onekind-escort.com\/wp-content\/uploads\/2024\/11\/OK_DUO_Logo_1_CENSORED-920x1380.jpg 920w, https:\/\/onekind-escort.com\/wp-content\/uploads\/2024\/11\/OK_DUO_Logo_1_CENSORED-575x863.jpg 575w, https:\/\/onekind-escort.com\/wp-content\/uploads\/2024\/11\/OK_DUO_Logo_1_CENSORED-380x570.jpg 380w, https:\/\/onekind-escort.com\/wp-content\/uploads\/2024\/11\/OK_DUO_Logo_1_CENSORED.jpg 1280w\" sizes=\"auto, (max-width: 200px) 100vw, 200px\" \/><\/p>\n<h3><b>4. Pas de pression \u2013 que du plaisir<\/b><\/h3>\n<p><span style=\"font-weight: 400;\">Contrairement aux rencontres incertaines de la vie r\u00e9elle, une <\/span><b>rendez-vous d&#039;escorte en duo<\/b><span style=\"font-weight: 400;\"> est enti\u00e8rement adapt\u00e9 \u00e0 votre confort et \u00e0 votre rythme. Envie d&#039;\u00eatre un acteur actif, de prendre les choses en main et de faire plaisir \u00e0 deux femmes \u00e0 la fois\u00a0? Ou pr\u00e9f\u00e9rez-vous vous d\u00e9tendre et les regarder se livrer mutuellement baisers passionn\u00e9s et caresses tendres\u00a0? Avec un rendez-vous en duo, vous pouvez faire les deux. L&#039;accent est toujours mis sur le plaisir partag\u00e9, cr\u00e9ant une exp\u00e9rience excitante, \u00e9panouissante et totalement d\u00e9nu\u00e9e de pression.<\/span><\/p>\n<h2><b>Trois fantasmes populaires sur les rendez-vous en duo avec une escorte<\/b><\/h2>\n<p><span style=\"font-weight: 400;\">L&#039;appel<\/span><span style=\"font-weight: 400;\">\u00a0Ce n&#039;est pas seulement dans la passion que vous partagez, mais aussi dans les sc\u00e9narios palpitants qu&#039;elle vous permet de vivre. Imaginez-vous dans ces trois fantasmes courants\u00a0:<\/span><\/p>\n<h3><b>1. Vous en tant que gentleman au centre<\/b><\/h3>\n<p><span style=\"font-weight: 400;\">Imaginez-vous comme la pi\u00e8ce ma\u00eetresse charismatique, admir\u00e9e et d\u00e9sir\u00e9e par deux femmes \u00e0 la fois. <\/span><b>rendez-vous d&#039;escorte en duo<\/b><span style=\"font-weight: 400;\">, ce fantasme devient r\u00e9alit\u00e9 : les deux dames concentrent enti\u00e8rement leur charme, leur affection et leur attention sur vous, cr\u00e9ant la sensation enivrante d&#039;\u00eatre le centre absolu du d\u00e9sir.<\/span><\/p>\n<h3><b>2. Le d\u00e9fi de l&#039;\u00e9quilibre<\/b><\/h3>\n<p><span style=\"font-weight: 400;\">Un autre fantasme r\u00e9side dans l&#039;art de l&#039;\u00e9quilibre : accorder une attention \u00e9gale aux deux femmes tout en savourant l&#039;harmonie d&#039;un trio dynamique parfaitement accord\u00e9. <\/span><b>rendez-vous d&#039;escorte en duo<\/b><span style=\"font-weight: 400;\">Vous pourrez mettre \u00e0 l&#039;\u00e9preuve votre charme et votre finesse, et donner \u00e0 chaque femme le sentiment d&#039;\u00eatre valoris\u00e9e \u00e0 \u00e9galit\u00e9. La r\u00e9compense\u00a0? Une nuit de passion, une connexion profonde et une satisfaction infinie.<\/span><\/p>\n<h3><b>3. Jouer avec la jalousie<\/b><\/h3>\n<p><span style=\"font-weight: 400;\">Peut-\u00eatre \u00eates-vous fascin\u00e9 par la tension subtile qui na\u00eet lorsque deux femmes interagissent. Qui re\u00e7oit le plus de baisers\u00a0? Qui prend l&#039;initiative\u00a0? Cette jalousie enjou\u00e9e et l\u00e9g\u00e8re accentue la charge \u00e9rotique de votre relation. <\/span><b>rendez-vous d&#039;escorte en duo<\/b><span style=\"font-weight: 400;\">, intensifiant le d\u00e9sir et rendant la soir\u00e9e encore plus palpitante.<\/span><\/p>\n<p>&nbsp;<\/p>\n<h2><b>Rencontres d&#039;escortes en duo \u2013 en tant que voyeur ou participant<\/b><\/h2>\n<p><span style=\"font-weight: 400;\">Tous les hommes n&#039;abordent pas une escorte en duo avec le m\u00eame d\u00e9sir. Certains pr\u00e9f\u00e8rent \u00eatre actifs, s\u00e9duire et satisfaire deux femmes simultan\u00e9ment. D&#039;autres pr\u00e9f\u00e8rent prendre du recul, se glisser dans le r\u00f4le du voyeur, simplement observer.<a href=\"http:\/\/www.grazia-escort.com\" rel=\"noopener\"> les deux dames<\/a> explorer le corps de l&#039;autre avec passion.<\/span><\/p>\n<p><span style=\"font-weight: 400;\">La beaut\u00e9 d&#039;un rendez-vous d&#039;escorte en duo est que <\/span><b>les deux options sont possibles<\/b><span style=\"font-weight: 400;\">Vous pouvez commencer doucement, peut-\u00eatre autour d&#039;un verre et d&#039;une conversation enjou\u00e9e, avant de d\u00e9cider si vous souhaitez vous immerger pleinement dans l&#039;action ou simplement profiter du paysage. La flexibilit\u00e9 est au c\u0153ur de tout rendez-vous en duo.<\/span><\/p>\n<h2><b>O\u00f9 peut avoir lieu un rendez-vous avec une escorte en duo ?<\/b><\/h2>\n<p><span style=\"font-weight: 400;\">Notre <\/span><b>service d&#039;escorte en duo<\/b><span style=\"font-weight: 400;\"> est aussi polyvalent que vos envies :<\/span><\/p>\n<ul>\n<li style=\"font-weight: 400;\" aria-level=\"1\"><a href=\"https:\/\/www.marriott.com\/\" rel=\"noopener\"><b>H\u00f4tels<\/b><\/a><span style=\"font-weight: 400;\">Id\u00e9al pour les voyageurs d'affaires souhaitant adoucir leurs nuits solitaires loin de chez eux. Nos duos d'escortes arrivent en toute discr\u00e9tion, garantissant \u00e9l\u00e9gance et confidentialit\u00e9 absolue.<\/span><\/li>\n<li style=\"font-weight: 400;\" aria-level=\"1\"><b>R\u00e9sidences priv\u00e9es<\/b><span style=\"font-weight: 400;\">Invitez vos duos d'escortes dans le confort de votre foyer. Votre chambre devient un espace d'intimit\u00e9, transformant une nuit ordinaire en un souvenir extraordinaire.<\/span><\/li>\n<li style=\"font-weight: 400;\" aria-level=\"1\"><b>\u00c9v\u00e9nements et occasions sociales<\/b><span style=\"font-weight: 400;\"><span style=\"font-weight: 400;\">Les escortes en duo brillent aussi en public. Que ce soit pour un d\u00eener d'affaires, un cocktail ou un gala, deux femmes captivantes \u00e0 vos c\u00f4t\u00e9s vous garantissent attention, admiration et intrigue. Et lorsque la soir\u00e9e tire \u00e0 sa fin, vous pouvez d\u00e9cider si la soir\u00e9e se poursuit en priv\u00e9.<\/span><\/span><img loading=\"lazy\" decoding=\"async\" class=\"size-medium wp-image-89147\" src=\"https:\/\/onekind-escort.com\/wp-content\/uploads\/2025\/08\/ALEXIA_17_LOGO_CENSORED_B-200x300.jpg\" alt=\"Bisexual escort\" width=\"200\" height=\"300\" srcset=\"https:\/\/onekind-escort.com\/wp-content\/uploads\/2025\/08\/ALEXIA_17_LOGO_CENSORED_B-200x300.jpg 200w, https:\/\/onekind-escort.com\/wp-content\/uploads\/2025\/08\/ALEXIA_17_LOGO_CENSORED_B-683x1024.jpg 683w, https:\/\/onekind-escort.com\/wp-content\/uploads\/2025\/08\/ALEXIA_17_LOGO_CENSORED_B-768x1152.jpg 768w, https:\/\/onekind-escort.com\/wp-content\/uploads\/2025\/08\/ALEXIA_17_LOGO_CENSORED_B-1024x1536.jpg 1024w, https:\/\/onekind-escort.com\/wp-content\/uploads\/2025\/08\/ALEXIA_17_LOGO_CENSORED_B-8x12.jpg 8w, https:\/\/onekind-escort.com\/wp-content\/uploads\/2025\/08\/ALEXIA_17_LOGO_CENSORED_B.jpg 1280w\" sizes=\"auto, (max-width: 200px) 100vw, 200px\" \/><\/li>\n<\/ul>\n<h2><b>Beyond Three \u2013 Escortes Duo pour couples ou groupes<\/b><\/h2>\n<p><span style=\"font-weight: 400;\">Si la plupart des rendez-vous en duo d&#039;escortes impliquent un homme et deux femmes, les possibilit\u00e9s sont encore plus vastes. Les couples r\u00e9servent souvent une escorte en duo pour explorer leurs fantasmes ensemble, ajoutant une touche d&#039;exaltation \u00e0 leur relation. Partenaires d&#039;affaires ou amis peuvent \u00e9galement profiter de l&#039;exp\u00e9rience de r\u00e9server deux femmes pour une aventure partag\u00e9e. Que vous souhaitiez profiter de votre rendez-vous avec une femme ou un homme,<a href=\"https:\/\/onekind-escort.com\/fr\/perfect-match\/mature-milf-escortservice\/\"> Escorte MILF<\/a> ou un jeune <a href=\"https:\/\/onekind-escort.com\/fr\/perfect-match\/university-student-escortservice\/\">Escorte universitaire<\/a>.<\/span><\/p>\n<p><span style=\"font-weight: 400;\">Quelle que soit sa forme, le service d&#039;escorte en duo vise \u00e0 satisfaire les d\u00e9sirs d&#039;une mani\u00e8re \u00e0 la fois \u00e9l\u00e9gante et intens\u00e9ment agr\u00e9able.<\/span><\/p>\n<h2><b>Conclusion \u2013 Doublez la passion, doublez la m\u00e9moire<\/b><\/h2>\n<p><span style=\"font-weight: 400;\">Une <\/span><b>rendez-vous d&#039;escorte en duo<\/b><span style=\"font-weight: 400;\"> est l&#039;une des exp\u00e9riences les plus excitantes du monde de l&#039;escorte de luxe. Elle allie \u00e9l\u00e9gance, sophistication et jeux \u00e9rotiques pour une rencontre aussi polyvalente qu&#039;inoubliable. Que vous vous imaginiez au centre de l&#039;attention, en voyeur de la passion f\u00e9minine ou en gentleman appr\u00e9ciant le frisson de l&#039;\u00e9quilibre, une rencontre en duo offre le cadre id\u00e9al pour r\u00e9aliser vos fantasmes.<\/span><\/p>\n<p><span style=\"font-weight: 400;\">Avec deux escortes de luxe \u00e0 vos c\u00f4t\u00e9s, chaque instant para\u00eet sublim\u00e9\u00a0: chaque baiser, chaque sourire, chaque contact sont deux fois plus intenses. Ce n&#039;est pas seulement un rendez-vous, mais un souvenir qui perdure bien apr\u00e8s la fin de la soir\u00e9e.<\/span><\/p>\n<p><span style=\"font-weight: 400;\">Alors, si vous avez toujours r\u00eav\u00e9 de vivre le charme et le feu de deux femmes \u00e0 la fois, il est temps de faire de ce fantasme une r\u00e9alit\u00e9. <\/span><b>exp\u00e9rience d&#039;escorte en duo<\/b><span style=\"font-weight: 400;\"> promet une passion double \u2013 et un plaisir double.<\/span><\/p>\n<p>Quel que soit votre choix d&#039;escorte duo, qu&#039;il s&#039;agisse d&#039;un court rendez-vous priv\u00e9 ou d&#039;un long week-end, nos mod\u00e8les d&#039;escorte de luxe sont la solution id\u00e9ale pour r\u00e9aliser vos fantasmes. Planifiez, imaginez, r\u00eavez et savourez la r\u00e9alit\u00e9.<\/p>","protected":false},"excerpt":{"rendered":"<p>Imagine this: Two stunning women, both sensual and irresistibly attractive, are entirely devoted to you to enjoy a Duo Escort Date with you. They take turns caressing you, teasing you, and showering you with attention. At the same time, their eyes meet, and an undeniable spark ignites between them. Slowly, they lean toward each other, [&hellip;]<\/p>\n","protected":false},"author":1,"featured_media":87696,"parent":89474,"menu_order":0,"comment_status":"closed","ping_status":"closed","template":"","meta":{"_acf_changed":false,"footnotes":""},"class_list":["post-89998","page","type-page","status-publish","has-post-thumbnail","hentry"],"acf":[],"_links":{"self":[{"href":"https:\/\/onekind-escort.com\/fr\/wp-json\/wp\/v2\/pages\/89998","targetHints":{"allow":["GET"]}}],"collection":[{"href":"https:\/\/onekind-escort.com\/fr\/wp-json\/wp\/v2\/pages"}],"about":[{"href":"https:\/\/onekind-escort.com\/fr\/wp-json\/wp\/v2\/types\/page"}],"author":[{"embeddable":true,"href":"https:\/\/onekind-escort.com\/fr\/wp-json\/wp\/v2\/users\/1"}],"replies":[{"embeddable":true,"href":"https:\/\/onekind-escort.com\/fr\/wp-json\/wp\/v2\/comments?post=89998"}],"version-history":[{"count":15,"href":"https:\/\/onekind-escort.com\/fr\/wp-json\/wp\/v2\/pages\/89998\/revisions"}],"predecessor-version":[{"id":90826,"href":"https:\/\/onekind-escort.com\/fr\/wp-json\/wp\/v2\/pages\/89998\/revisions\/90826"}],"up":[{"embeddable":true,"href":"https:\/\/onekind-escort.com\/fr\/wp-json\/wp\/v2\/pages\/89474"}],"wp:featuredmedia":[{"embeddable":true,"href":"https:\/\/onekind-escort.com\/fr\/wp-json\/wp\/v2\/media\/87696"}],"wp:attachment":[{"href":"https:\/\/onekind-escort.com\/fr\/wp-json\/wp\/v2\/media?parent=89998"}],"curies":[{"name":"wp","href":"https:\/\/api.w.org\/{rel}","templated":true}]}}