{"id":90004,"date":"2025-09-11T17:22:12","date_gmt":"2025-09-11T17:22:12","guid":{"rendered":"https:\/\/onekind-escort.com\/?page_id=90004"},"modified":"2025-10-04T13:52:20","modified_gmt":"2025-10-04T13:52:20","slug":"sexy-dessous-stockings-spain","status":"publish","type":"page","link":"https:\/\/onekind-escort.com\/fr\/perfect-match\/sexy-dessous-stockings-spain\/","title":{"rendered":"Lingerie et bas sexy\u00a0: le secret de s\u00e9duction des escortes de luxe"},"content":{"rendered":"<h2><b>Le pouvoir des dessous et bas sexy<\/b><\/h2>\n<p><span style=\"font-weight: 400;\">Imaginez ceci : vous \u00eates dans le calme d&#039;une suite d&#039;h\u00f4tel de luxe, les lumi\u00e8res de la ville brillent \u00e0 travers la fen\u00eatre. Votre <\/span><b>Mod\u00e8le d&#039;escorte de luxe OneKind<\/b><span style=\"font-weight: 400;\"> Elle s&#039;avance vers vous, ses talons claquant doucement sur le sol. Avec un sourire espi\u00e8gle, elle laisse glisser sa robe sur ses \u00e9paules, r\u00e9v\u00e9lant le secret qu&#039;elle vous cache : des dessous et des bas \u00e0 couper le souffle qui transforment son corps en un fantasme vivant. Des bonnets en dentelle encadrent ses courbes, de la soie transparente \u00e9pouse ses cuisses, et le scintillement d&#039;une jarreti\u00e8re invite \u00e0 votre contact. \u00c0 cet instant, les dessous deviennent plus qu&#039;un simple tissu : ils deviennent un langage de s\u00e9duction, une promesse de ce qui est sur le point de se d\u00e9voiler.<\/span><\/p>\n<p><img loading=\"lazy\" decoding=\"async\" class=\"size-medium wp-image-90572 aligncenter\" src=\"https:\/\/onekind-escort.com\/wp-content\/uploads\/2025\/08\/SOFIA_LOGO_CENSORED_FULL_IMG_7294-200x300.jpg\" alt=\"\" width=\"200\" height=\"300\" srcset=\"https:\/\/onekind-escort.com\/wp-content\/uploads\/2025\/08\/SOFIA_LOGO_CENSORED_FULL_IMG_7294-200x300.jpg 200w, https:\/\/onekind-escort.com\/wp-content\/uploads\/2025\/08\/SOFIA_LOGO_CENSORED_FULL_IMG_7294-683x1024.jpg 683w, https:\/\/onekind-escort.com\/wp-content\/uploads\/2025\/08\/SOFIA_LOGO_CENSORED_FULL_IMG_7294-768x1151.jpg 768w, https:\/\/onekind-escort.com\/wp-content\/uploads\/2025\/08\/SOFIA_LOGO_CENSORED_FULL_IMG_7294-1025x1536.jpg 1025w, https:\/\/onekind-escort.com\/wp-content\/uploads\/2025\/08\/SOFIA_LOGO_CENSORED_FULL_IMG_7294-1366x2048.jpg 1366w, https:\/\/onekind-escort.com\/wp-content\/uploads\/2025\/08\/SOFIA_LOGO_CENSORED_FULL_IMG_7294-8x12.jpg 8w, https:\/\/onekind-escort.com\/wp-content\/uploads\/2025\/08\/SOFIA_LOGO_CENSORED_FULL_IMG_7294-scaled.jpg 1708w\" sizes=\"auto, (max-width: 200px) 100vw, 200px\" \/><\/p>\n<p><span style=\"font-weight: 400;\">Peu de choses dans le monde de l\u2019\u00e9rotisme ont un tel pouvoir. <\/span><b>Dessous et bas sexy<\/b><span style=\"font-weight: 400;\"> Ce ne sont pas de simples v\u00eatements\u00a0; ce sont des symboles de tentation, soigneusement choisis pour brouiller les fronti\u00e8res entre \u00e9l\u00e9gance et d\u00e9sir. Un soutien-gorge en dentelle d\u00e9licate, une paire de bas retenue par une \u00e9l\u00e9gante jarreti\u00e8re ou un body provocateur\u00a0: chaque pi\u00e8ce \u00e9voque l&#039;impatience et sublime l&#039;art du d\u00e9shabillage.<\/span><\/p>\n<p><span style=\"font-weight: 400;\">Pour notre <\/span><b>Mod\u00e8les d&#039;escortes de luxe OneKind<\/b><span style=\"font-weight: 400;\">Le Dessous n&#039;est jamais un simple accessoire. Il est le prolongement de leur personnalit\u00e9 : raffin\u00e9, confiant et irr\u00e9sistiblement sensuel. Qu&#039;il s&#039;agisse de l&#039;\u00e9l\u00e9gance intemporelle de <\/span><b>La Perla<\/b><span style=\"font-weight: 400;\">, la s\u00e9duction audacieuse de <\/span><b>Agent Provocateur<\/b><span style=\"font-weight: 400;\">, ou l&#039;audace ludique de <\/span><b>Oiseau au miel<\/b><span style=\"font-weight: 400;\">, chaque choix refl\u00e8te non seulement leur beaut\u00e9 mais aussi leur \u00e9nergie \u00e9rotique.<\/span><\/p>\n<p><span style=\"font-weight: 400;\">C&#039;est le pouvoir secret de Dessous : il transforme un rendez-vous en exp\u00e9rience, un simple regard en s\u00e9duction, et un moment priv\u00e9 en souvenir inoubliable.<\/span><\/p>\n<h2><b>Pourquoi les dessous sont importants dans l&#039;escorte de luxe<\/b><\/h2>\n<p><span style=\"font-weight: 400;\">Imaginez ceci : vous et un <\/span><b>Mod\u00e8le d&#039;escorte de luxe OneKind<\/b><span style=\"font-weight: 400;\"> Vous \u00eates enfin seule dans votre suite d&#039;h\u00f4tel. Elle sourit d&#039;un air entendu, ses mouvements lents et pos\u00e9s, tandis qu&#039;elle s&#039;appr\u00eate \u00e0 retirer sa robe \u00e9l\u00e9gante. Sous le tissu, un secret \u00e9poustouflant se r\u00e9v\u00e8le\u00a0: un d\u00e9licat dessous et des bas transparents qui rendent son corps d\u00e9j\u00e0 irr\u00e9sistible encore plus d\u00e9sirable. La dentelle \u00e9pouse ses courbes, le porte-jarretelles l&#039;attire \u00e0 chaque mouvement subtil, et soudain, vous r\u00e9alisez\u00a0: le dessous n&#039;est pas seulement un v\u00eatement, il fait partie du jeu de la s\u00e9duction.<\/span><\/p>\n<p><span style=\"font-weight: 400;\">Pour une escorte de luxe, Dessous est un instrument de <\/span><b>illusion et anticipation<\/b><span style=\"font-weight: 400;\">. Il transforme l&#039;instant, transformant l&#039;intimit\u00e9 en th\u00e9\u00e2tre \u2013 une performance priv\u00e9e cr\u00e9\u00e9e sp\u00e9cialement pour vous. Le premier aper\u00e7u de la dentelle sur une peau douce est souvent plus puissant que la nudit\u00e9 elle-m\u00eame. C&#039;est le <\/span><i><span style=\"font-weight: 400;\">promesse<\/span><\/i><span style=\"font-weight: 400;\"> de ce qui se cache en dessous, la taquinerie avant le toucher.<\/span><\/p>\n<p><span style=\"font-weight: 400;\">Les escortes de luxe connaissent le pouvoir secret du Dessous. Il leur procure une sensation de confiance, de puissance et d&#039;une sensualit\u00e9 ind\u00e9niable. Pour le gentleman, il attise le d\u00e9sir et rythme la soir\u00e9e. Chaque bretelle, chaque bas, chaque pi\u00e8ce de soie d\u00e9licate est con\u00e7ue pour exacerber l&#039;excitation et transformer une simple rencontre en une exp\u00e9rience inoubliable.<\/span><\/p>\n<p><span style=\"font-weight: 400;\">Lorsque vous r\u00e9servez un <\/span><b>escorte de luxe<\/b><span style=\"font-weight: 400;\">, vous ne recherchez pas seulement l&#039;intimit\u00e9, mais aussi la <\/span><b>frisson d&#039;\u00eatre s\u00e9duit<\/b><span style=\"font-weight: 400;\">. Bas, jarreti\u00e8res et dessous en soie sont ses outils, chaque pi\u00e8ce \u00e9tant soigneusement choisie pour transformer un rendez-vous en un souvenir qui persiste longtemps apr\u00e8s la fin de la nuit.<\/span><\/p>\n<h2><b>Le monde des bas \u2013 Styles et s\u00e9ductions<\/b><\/h2>\n<p><span style=\"font-weight: 400;\">Les bas sont plus que de simples accessoires\u00a0: ils symbolisent la puissance f\u00e9minine et l&#039;\u00e9rotisme. Pour les escortes de luxe, ils font partie int\u00e9grante de l&#039;art de la s\u00e9duction. Chaque type de bas cr\u00e9e une ambiance diff\u00e9rente\u00a0:<\/span><\/p>\n<ul>\n<li style=\"font-weight: 400;\" aria-level=\"1\"><b>Bas transparents<\/b><span style=\"font-weight: 400;\">Classiques et \u00e9l\u00e9gants, g\u00e9n\u00e9ralement noirs ou nude, ils subliment la silhouette naturelle des jambes et sont parfaits pour les d\u00eeners raffin\u00e9s.<\/span><\/li>\n<li style=\"font-weight: 400;\" aria-level=\"1\"><b>Bas \u00e0 coutures<\/b><span style=\"font-weight: 400;\">Avec leur couture d\u00e9licate dans le dos, ces bas respirent le glamour vintage et une touche d&#039;Hollywood d&#039;antan. Ils sont les pr\u00e9f\u00e9r\u00e9s des hommes nostalgiques ou f\u00e9tichistes.<\/span><\/li>\n<li style=\"font-weight: 400;\" aria-level=\"1\"><b>Bas autofixants \u00e0 lacets<\/b><span style=\"font-weight: 400;\">:Sensuels et ludiques, ces bas restent en place gr\u00e2ce \u00e0 des bandes de silicone, laissant appara\u00eetre juste assez de dentelle pour susciter le d\u00e9sir.<\/span><\/li>\n<li style=\"font-weight: 400;\" aria-level=\"1\"><b>Bas r\u00e9sille<\/b><span style=\"font-weight: 400;\">Audacieux et audacieux, ils sont souvent choisis pour des rencontres coquines ou des jeux de r\u00f4le. Ils r\u00e9v\u00e8lent et taquinent \u00e0 la fois.<\/span><\/li>\n<li style=\"font-weight: 400;\" aria-level=\"1\"><b>Bas porte-jarretelles et porte-jarretelles<\/b><span style=\"font-weight: 400;\">:La forme la plus embl\u00e9matique, retenue par des porte-jarretelles. L&#039;acte lent de d\u00e9grafer les jarretelles devient partie int\u00e9grante du jeu \u00e9rotique, alimentant l&#039;anticipation et les fantasmes f\u00e9tichistes.<\/span><\/li>\n<\/ul>\n<p><span style=\"font-weight: 400;\">Les bas sont souvent combin\u00e9s avec <\/span><b>talons hauts<\/b><span style=\"font-weight: 400;\">, compl\u00e9tant le look de domination et d&#039;attrait f\u00e9minin irr\u00e9sistible.<\/span><\/p>\n<p><img loading=\"lazy\" decoding=\"async\" class=\"size-medium wp-image-88116 aligncenter\" src=\"https:\/\/onekind-escort.com\/wp-content\/uploads\/2025\/03\/MONICA_2_LOGO_CENSORED_B-200x300.jpg\" alt=\"\" width=\"200\" height=\"300\" srcset=\"https:\/\/onekind-escort.com\/wp-content\/uploads\/2025\/03\/MONICA_2_LOGO_CENSORED_B-200x300.jpg 200w, https:\/\/onekind-escort.com\/wp-content\/uploads\/2025\/03\/MONICA_2_LOGO_CENSORED_B-683x1024.jpg 683w, https:\/\/onekind-escort.com\/wp-content\/uploads\/2025\/03\/MONICA_2_LOGO_CENSORED_B-768x1152.jpg 768w, https:\/\/onekind-escort.com\/wp-content\/uploads\/2025\/03\/MONICA_2_LOGO_CENSORED_B-1024x1536.jpg 1024w, https:\/\/onekind-escort.com\/wp-content\/uploads\/2025\/03\/MONICA_2_LOGO_CENSORED_B-8x12.jpg 8w, https:\/\/onekind-escort.com\/wp-content\/uploads\/2025\/03\/MONICA_2_LOGO_CENSORED_B-1140x1710.jpg 1140w, https:\/\/onekind-escort.com\/wp-content\/uploads\/2025\/03\/MONICA_2_LOGO_CENSORED_B-920x1380.jpg 920w, https:\/\/onekind-escort.com\/wp-content\/uploads\/2025\/03\/MONICA_2_LOGO_CENSORED_B-575x863.jpg 575w, https:\/\/onekind-escort.com\/wp-content\/uploads\/2025\/03\/MONICA_2_LOGO_CENSORED_B-380x570.jpg 380w, https:\/\/onekind-escort.com\/wp-content\/uploads\/2025\/03\/MONICA_2_LOGO_CENSORED_B-420x630.jpg 420w, https:\/\/onekind-escort.com\/wp-content\/uploads\/2025\/03\/MONICA_2_LOGO_CENSORED_B-800x1200.jpg 800w, https:\/\/onekind-escort.com\/wp-content\/uploads\/2025\/03\/MONICA_2_LOGO_CENSORED_B.jpg 1280w\" sizes=\"auto, (max-width: 200px) 100vw, 200px\" \/><\/p>\n<h2><b>Types de lingerie \u2013 Du romantisme au f\u00e9tichisme<\/b><\/h2>\n<p><span style=\"font-weight: 400;\">Tout comme les bas, le Dessous varie du plus d\u00e9licat au plus audacieux. Les escortes de luxe utilisent le Dessous pour donner le ton \u00e0 la soir\u00e9e\u00a0:<\/span><\/p>\n<ul>\n<li style=\"font-weight: 400;\" aria-level=\"1\"><b>Soutiens-gorge et culottes en dentelle<\/b><span style=\"font-weight: 400;\">:Intemporel et romantique, mettant en valeur les courbes naturelles avec \u00e9l\u00e9gance f\u00e9minine.<\/span><\/li>\n<li style=\"font-weight: 400;\" aria-level=\"1\"><b>Corsets et bustiers<\/b><span style=\"font-weight: 400;\">:Parfait pour souligner la taille et cr\u00e9er une silhouette en sablier. Il allie charme vintage et sensualit\u00e9 dominante.<\/span><\/li>\n<li style=\"font-weight: 400;\" aria-level=\"1\"><b>Nuisettes et chemises<\/b><span style=\"font-weight: 400;\">:Ludique, doux et taquin \u2013 id\u00e9al pour le d\u00e9but d\u2019une nuit passionn\u00e9e.<\/span><\/li>\n<li style=\"font-weight: 400;\" aria-level=\"1\"><b>Nounours et bodies<\/b><span style=\"font-weight: 400;\">:Dessous une pi\u00e8ce \u00e9l\u00e9gant qui sculpte le corps, souvent transparent ou avec des d\u00e9coupes audacieuses.<\/span><\/li>\n<li style=\"font-weight: 400;\" aria-level=\"1\"><b>Dessous d&#039;inspiration f\u00e9tichiste<\/b><span style=\"font-weight: 400;\">:Harnais, soutiens-gorge \u00e0 bretelles ou pi\u00e8ces en latex, choisis pour le BDSM ou le jeu f\u00e9tichiste.<\/span><\/li>\n<\/ul>\n<p><span style=\"font-weight: 400;\">Chaque pi\u00e8ce de Dessous raconte une histoire \u2013 que ce soit l\u2019innocence de la dentelle ou la provocation du cuir<\/span><\/p>\n<p><img loading=\"lazy\" decoding=\"async\" class=\"size-medium wp-image-88076 aligncenter\" src=\"https:\/\/onekind-escort.com\/wp-content\/uploads\/2025\/02\/ALEXIA_2_LOGO_CENSORED_B-200x300.jpg\" alt=\"\" width=\"200\" height=\"300\" srcset=\"https:\/\/onekind-escort.com\/wp-content\/uploads\/2025\/02\/ALEXIA_2_LOGO_CENSORED_B-200x300.jpg 200w, https:\/\/onekind-escort.com\/wp-content\/uploads\/2025\/02\/ALEXIA_2_LOGO_CENSORED_B-683x1024.jpg 683w, https:\/\/onekind-escort.com\/wp-content\/uploads\/2025\/02\/ALEXIA_2_LOGO_CENSORED_B-768x1152.jpg 768w, https:\/\/onekind-escort.com\/wp-content\/uploads\/2025\/02\/ALEXIA_2_LOGO_CENSORED_B-1024x1536.jpg 1024w, https:\/\/onekind-escort.com\/wp-content\/uploads\/2025\/02\/ALEXIA_2_LOGO_CENSORED_B-8x12.jpg 8w, https:\/\/onekind-escort.com\/wp-content\/uploads\/2025\/02\/ALEXIA_2_LOGO_CENSORED_B-1140x1710.jpg 1140w, https:\/\/onekind-escort.com\/wp-content\/uploads\/2025\/02\/ALEXIA_2_LOGO_CENSORED_B-920x1380.jpg 920w, https:\/\/onekind-escort.com\/wp-content\/uploads\/2025\/02\/ALEXIA_2_LOGO_CENSORED_B-575x863.jpg 575w, https:\/\/onekind-escort.com\/wp-content\/uploads\/2025\/02\/ALEXIA_2_LOGO_CENSORED_B-380x570.jpg 380w, https:\/\/onekind-escort.com\/wp-content\/uploads\/2025\/02\/ALEXIA_2_LOGO_CENSORED_B-420x630.jpg 420w, https:\/\/onekind-escort.com\/wp-content\/uploads\/2025\/02\/ALEXIA_2_LOGO_CENSORED_B-800x1200.jpg 800w, https:\/\/onekind-escort.com\/wp-content\/uploads\/2025\/02\/ALEXIA_2_LOGO_CENSORED_B.jpg 1280w\" sizes=\"auto, (max-width: 200px) 100vw, 200px\" \/><\/p>\n<h2><b>Marques de luxe \u2013 Les ic\u00f4nes de la s\u00e9duction<\/b><\/h2>\n<h3><b>Oiseau au miel<\/b><\/h3>\n<p><span style=\"font-weight: 400;\">Connue pour ses cr\u00e9ations audacieuses, ludiques et provocantes, Honey Birdette est devenue une r\u00e9f\u00e9rence aupr\u00e8s des jeunes mannequins d&#039;escortes de luxe. Avec ses d\u00e9tails \u00e0 lani\u00e8res, ses couleurs audacieuses et ses looks d&#039;inspiration f\u00e9tichiste, la marque est parfaite pour les femmes au style affirm\u00e9. <\/span><b>esprit sale et esprit aventureux<\/b><span style=\"font-weight: 400;\">. C&#039;est Dessous qui dit : <\/span><i><span style=\"font-weight: 400;\">regarder, mais aussi toucher<\/span><\/i><span style=\"font-weight: 400;\">.<\/span><\/p>\n<h3><b>Agent Provocateur<\/b><\/h3>\n<p><span style=\"font-weight: 400;\">La marque culte britannique est synonyme de <\/span><b>\u00e9l\u00e9gance \u00e9rotique<\/b><span style=\"font-weight: 400;\">Agent Provocateur allie mati\u00e8res luxueuses et coupes provocantes, cr\u00e9ant des pi\u00e8ces \u00e0 la fois \u00e9l\u00e9gantes et audacieuses. Leurs dessous sont con\u00e7us pour s\u00e9duire\u00a0: parfaits pour un strip-tease, un jeu de r\u00f4le ou un rendez-vous d&#039;escorte inoubliable o\u00f9 l&#039;anticipation est primordiale.<\/span><\/p>\n<h3><b>La Perla<\/b><\/h3>\n<p><span style=\"font-weight: 400;\">La maison italienne de <a href=\"https:\/\/laperla.com\/\" rel=\"noopener\">La Perla<\/a> repr\u00e9sente <\/span><b>sophistication et romantisme intemporels<\/b><span style=\"font-weight: 400;\">Avec sa dentelle d\u00e9licate, ses soieries et ses coupes raffin\u00e9es, La Perla est le choix des escortes de luxe pour des d\u00eeners romantiques, des rendez-vous \u00e9l\u00e9gants \u00e0 l&#039;h\u00f4tel ou pour sublimer leur f\u00e9minit\u00e9. Moins provocante, elle est plus sensuelle\u00a0: le genre de lingerie qui murmure la s\u00e9duction plut\u00f4t que de la crier.<\/span><\/p>\n<h2><b>Dessous et bas dans les fantasmes d&#039;escorte<\/b><\/h2>\n<p><span style=\"font-weight: 400;\">Les dessous et les bas sexy sont plus que des accessoires : ils font partie int\u00e9grante des fantasmes \u00e9rotiques :<\/span><\/p>\n<ul>\n<li style=\"font-weight: 400;\" aria-level=\"1\"><b>Le fantasme du strip-tease<\/b><span style=\"font-weight: 400;\">:Votre escorte retire lentement ses Dessous, vous taquinant \u00e0 chaque mouvement, prolongeant le d\u00e9sir.<\/span><\/li>\n<li style=\"font-weight: 400;\" aria-level=\"1\"><b>Le jeu de r\u00f4le fantastique<\/b><span style=\"font-weight: 400;\">:Une secr\u00e9taire en bas, une ma\u00eetresse en dentelle ou une femme fatale sophistiqu\u00e9e. Dessous plante le d\u00e9cor.<\/span><\/li>\n<li style=\"font-weight: 400;\" aria-level=\"1\"><b>Le fantasme f\u00e9tichiste<\/b><span style=\"font-weight: 400;\">:Certains messieurs ont un v\u00e9ritable f\u00e9tichisme pour les bas : la texture de la soie, la vue des bretelles, l&#039;attrait des talons hauts compl\u00e9tant le look.<\/span><\/li>\n<\/ul>\n<p><span style=\"font-weight: 400;\">Avec <\/span><b>Mod\u00e8les d&#039;escortes de luxe OneKind<\/b><span style=\"font-weight: 400;\">Ces fantasmes deviennent r\u00e9alit\u00e9. Nos escortes savent allier \u00e9l\u00e9gance et sensualit\u00e9, sophistication et sensualit\u00e9.<\/span><\/p>\n<p><img loading=\"lazy\" decoding=\"async\" class=\"size-medium wp-image-87696 aligncenter\" src=\"https:\/\/onekind-escort.com\/wp-content\/uploads\/2024\/11\/OK_DUO_Logo_12_CENSORED_B-300x200.jpg\" alt=\"\" width=\"300\" height=\"200\" srcset=\"https:\/\/onekind-escort.com\/wp-content\/uploads\/2024\/11\/OK_DUO_Logo_12_CENSORED_B-300x200.jpg 300w, https:\/\/onekind-escort.com\/wp-content\/uploads\/2024\/11\/OK_DUO_Logo_12_CENSORED_B-1024x683.jpg 1024w, https:\/\/onekind-escort.com\/wp-content\/uploads\/2024\/11\/OK_DUO_Logo_12_CENSORED_B-768x512.jpg 768w, https:\/\/onekind-escort.com\/wp-content\/uploads\/2024\/11\/OK_DUO_Logo_12_CENSORED_B-1536x1024.jpg 1536w, https:\/\/onekind-escort.com\/wp-content\/uploads\/2024\/11\/OK_DUO_Logo_12_CENSORED_B-18x12.jpg 18w, https:\/\/onekind-escort.com\/wp-content\/uploads\/2024\/11\/OK_DUO_Logo_12_CENSORED_B-1140x760.jpg 1140w, https:\/\/onekind-escort.com\/wp-content\/uploads\/2024\/11\/OK_DUO_Logo_12_CENSORED_B-920x613.jpg 920w, https:\/\/onekind-escort.com\/wp-content\/uploads\/2024\/11\/OK_DUO_Logo_12_CENSORED_B-575x383.jpg 575w, https:\/\/onekind-escort.com\/wp-content\/uploads\/2024\/11\/OK_DUO_Logo_12_CENSORED_B-380x253.jpg 380w, https:\/\/onekind-escort.com\/wp-content\/uploads\/2024\/11\/OK_DUO_Logo_12_CENSORED_B-800x533.jpg 800w, https:\/\/onekind-escort.com\/wp-content\/uploads\/2024\/11\/OK_DUO_Logo_12_CENSORED_B.jpg 1920w\" sizes=\"auto, (max-width: 300px) 100vw, 300px\" \/><\/p>\n<p>&nbsp;<\/p>\n<h2><b>Comment les gentlemen r\u00e9agissent au dessous<\/b><\/h2>\n<p><span style=\"font-weight: 400;\">Imaginez ceci : vous \u00eates assis au bord du lit d&#039;h\u00f4tel, une coupe de champagne \u00e0 la main. Votre <\/span><b>Mod\u00e8le d&#039;escorte de luxe OneKind<\/b><span style=\"font-weight: 400;\"> Elle se tient devant vous, sa robe glissant jusqu&#039;au sol d&#039;un mouvement fluide. Il ne reste qu&#039;une vision enivrante : un Dessous en dentelle d\u00e9licate et sexy et des bas transparents encadrent son corps jeune et tonique. Elle soutient votre regard, souriant d&#039;un air entendu, consciente de l&#039;effet qu&#039;elle produit sur vous. \u00c0 cet instant, vous r\u00e9alisez que le Dessous est bien plus qu&#039;un plaisir visuel : c&#039;est un symbole d&#039;exclusivit\u00e9, un privil\u00e8ge priv\u00e9 qu&#039;elle partage avec vous seul.<\/span><\/p>\n<p><span style=\"font-weight: 400;\">Pour l&#039;homme accompli, le Sexy Dessous est bien plus qu&#039;une question d&#039;apparence. Il est porteur de sens et de sensations\u00a0:<\/span><\/p>\n<ul>\n<li style=\"font-weight: 400;\" aria-level=\"1\"><b>S\u00e9duction psychologique<\/b><span style=\"font-weight: 400;\">L&#039;anticipation est le v\u00e9ritable carburant du d\u00e9sir. La voir d\u00e9voiler lentement dentelle et soie \u00e9veille une soif plus profonde que la nudit\u00e9 instantan\u00e9e.<\/span><\/li>\n<li style=\"font-weight: 400;\" aria-level=\"1\"><b>L&#039;autonomisation \u00e9rotique<\/b><span style=\"font-weight: 400;\">Voir une femme s\u00fbre d&#039;elle et sensuelle s&#039;exhiber en Dessous excite d&#039;autant plus. Ce n&#039;est pas seulement ce qu&#039;elle montre, mais aussi la fa\u00e7on dont elle assume sa sexualit\u00e9.<\/span><\/li>\n<li style=\"font-weight: 400;\" aria-level=\"1\"><b>Connexion sensuelle<\/b><span style=\"font-weight: 400;\">Les dessous ne sont pas seulement un plaisir pour les yeux : ils invitent au toucher. La texture de la dentelle, le glissement de la soie, la douceur des bas sur la peau cr\u00e9ent une exp\u00e9rience multisensorielle qui reste grav\u00e9e dans les m\u00e9moires.<\/span><\/li>\n<\/ul>\n<p><span style=\"font-weight: 400;\">La r\u00e9action est universelle : Sexy Dessous transforme un moment intime en quelque chose <\/span><b>\u00e9rotique, exclusif et inoubliable<\/b><span style=\"font-weight: 400;\">C&#039;est l&#039;art de la s\u00e9duction tiss\u00e9 dans la trame \u2013 le murmure avant le baiser, la taquinerie avant l&#039;orgasme. Et pour les gentlemen d\u00e9sireux d&#039;explorer de nouveaux plaisirs, nous vous invitons \u00e9galement \u00e0 d\u00e9couvrir nos escortes MILF sensuelles et nos offres exclusives. <a href=\"https:\/\/onekind-escort.com\/fr\/perfect-match\/escort-for-couples-spain-europe\/\">Escortes pour couples<\/a><\/span><\/p>\n<h2><b>Mod\u00e8les d&#039;escortes de luxe OneKind \u2013 Ma\u00eetres de la s\u00e9duction en bas et lingerie sexy<\/b><\/h2>\n<p><span style=\"font-weight: 400;\">\u00c0 <\/span><b>Agence d&#039;escortes d&#039;\u00e9lite OneKind<\/b><span style=\"font-weight: 400;\">Nos escortes de luxe sont non seulement belles, mais aussi expertes en pr\u00e9sentation \u00e9rotique. Elles savent utiliser des dessous et des bas sexy pour cr\u00e9er des moments inoubliables.<\/span><\/p>\n<ul>\n<li style=\"font-weight: 400;\" aria-level=\"1\"><span style=\"font-weight: 400;\">En public : \u00e9l\u00e9gance raffin\u00e9e, \u00e9tiquette parfaite, conversation multilingue.<\/span><\/li>\n<li style=\"font-weight: 400;\" aria-level=\"1\"><span style=\"font-weight: 400;\">En priv\u00e9 : de la dentelle, de la soie, des bas \u2013 et un esprit sale qui aime explorer.<\/span><\/li>\n<\/ul>\n<p><span style=\"font-weight: 400;\">Chaque escorte de notre agence apporte son propre style \u00e0 Dessous \u2013 du classique La Perla \u00e0 l&#039;audacieuse Honey Birdette \u2013 garantissant que votre exp\u00e9rience soit aussi unique que vos d\u00e9sirs.<\/span><\/p>\n<p><img loading=\"lazy\" decoding=\"async\" class=\"size-medium wp-image-87610 aligncenter\" src=\"https:\/\/onekind-escort.com\/wp-content\/uploads\/2024\/10\/OK9_Logo_4_CENSORED_B-200x300.jpg\" alt=\"\" width=\"200\" height=\"300\" srcset=\"https:\/\/onekind-escort.com\/wp-content\/uploads\/2024\/10\/OK9_Logo_4_CENSORED_B-200x300.jpg 200w, https:\/\/onekind-escort.com\/wp-content\/uploads\/2024\/10\/OK9_Logo_4_CENSORED_B-683x1024.jpg 683w, https:\/\/onekind-escort.com\/wp-content\/uploads\/2024\/10\/OK9_Logo_4_CENSORED_B-768x1152.jpg 768w, https:\/\/onekind-escort.com\/wp-content\/uploads\/2024\/10\/OK9_Logo_4_CENSORED_B-1024x1536.jpg 1024w, https:\/\/onekind-escort.com\/wp-content\/uploads\/2024\/10\/OK9_Logo_4_CENSORED_B-8x12.jpg 8w, https:\/\/onekind-escort.com\/wp-content\/uploads\/2024\/10\/OK9_Logo_4_CENSORED_B-1140x1710.jpg 1140w, https:\/\/onekind-escort.com\/wp-content\/uploads\/2024\/10\/OK9_Logo_4_CENSORED_B-920x1380.jpg 920w, https:\/\/onekind-escort.com\/wp-content\/uploads\/2024\/10\/OK9_Logo_4_CENSORED_B-575x863.jpg 575w, https:\/\/onekind-escort.com\/wp-content\/uploads\/2024\/10\/OK9_Logo_4_CENSORED_B-380x570.jpg 380w, https:\/\/onekind-escort.com\/wp-content\/uploads\/2024\/10\/OK9_Logo_4_CENSORED_B-420x630.jpg 420w, https:\/\/onekind-escort.com\/wp-content\/uploads\/2024\/10\/OK9_Logo_4_CENSORED_B-800x1200.jpg 800w, https:\/\/onekind-escort.com\/wp-content\/uploads\/2024\/10\/OK9_Logo_4_CENSORED_B.jpg 1280w\" sizes=\"auto, (max-width: 200px) 100vw, 200px\" \/><\/p>\n<h2><b>Conclusion \u2013 Le secret des dessous et bas sexy<\/b><\/h2>\n<p><span style=\"font-weight: 400;\">Les dessous et les bas sexy sont bien plus que de simples v\u00eatements\u00a0: ils symbolisent le pouvoir, la s\u00e9duction et l&#039;intimit\u00e9. Ils transforment un rendez-vous en performance, une nuit en souvenir \u00e9rotique.<\/span><\/p>\n<p><span style=\"font-weight: 400;\">Avec un <\/span><b>Mod\u00e8le d&#039;escorte de luxe OneKind<\/b><span style=\"font-weight: 400;\">Les dessous sexy ne se portent pas, ils se vivent. Elle sait s\u00e9duire avec \u00e9l\u00e9gance, exciter avec des bas et \u00e9veiller vos fantasmes les plus profonds.<\/span><\/p>\n<p><span style=\"font-weight: 400;\">Pour le gentleman qui d\u00e9sire plus que la beaut\u00e9, pour l&#039;homme qui aspire \u00e0 l&#039;\u00e9l\u00e9gance, \u00e0 la sophistication et \u00e0 une touche de passion coquine, les dessous et les bas sont la porte d&#039;entr\u00e9e vers un souvenir inoubliable. <\/span><b>exp\u00e9rience d&#039;escorte de luxe<\/b><span style=\"font-weight: 400;\">.<\/span><\/p>\n<p>&nbsp;<\/p>","protected":false},"excerpt":{"rendered":"<p>The Power of Sexy Dessous &amp; Stockings Imagine this: You\u2019re in the quiet of a luxury hotel suite, the city lights glowing through the window. Your OneKind Luxury Escort Model steps toward you, her heels clicking softly against the floor. With a playful smile, she lets her dress slide down her shoulders, revealing the secret [&hellip;]<\/p>\n","protected":false},"author":1,"featured_media":89314,"parent":89474,"menu_order":0,"comment_status":"closed","ping_status":"closed","template":"","meta":{"_acf_changed":false,"footnotes":""},"class_list":["post-90004","page","type-page","status-publish","has-post-thumbnail","hentry"],"acf":[],"_links":{"self":[{"href":"https:\/\/onekind-escort.com\/fr\/wp-json\/wp\/v2\/pages\/90004","targetHints":{"allow":["GET"]}}],"collection":[{"href":"https:\/\/onekind-escort.com\/fr\/wp-json\/wp\/v2\/pages"}],"about":[{"href":"https:\/\/onekind-escort.com\/fr\/wp-json\/wp\/v2\/types\/page"}],"author":[{"embeddable":true,"href":"https:\/\/onekind-escort.com\/fr\/wp-json\/wp\/v2\/users\/1"}],"replies":[{"embeddable":true,"href":"https:\/\/onekind-escort.com\/fr\/wp-json\/wp\/v2\/comments?post=90004"}],"version-history":[{"count":11,"href":"https:\/\/onekind-escort.com\/fr\/wp-json\/wp\/v2\/pages\/90004\/revisions"}],"predecessor-version":[{"id":90848,"href":"https:\/\/onekind-escort.com\/fr\/wp-json\/wp\/v2\/pages\/90004\/revisions\/90848"}],"up":[{"embeddable":true,"href":"https:\/\/onekind-escort.com\/fr\/wp-json\/wp\/v2\/pages\/89474"}],"wp:featuredmedia":[{"embeddable":true,"href":"https:\/\/onekind-escort.com\/fr\/wp-json\/wp\/v2\/media\/89314"}],"wp:attachment":[{"href":"https:\/\/onekind-escort.com\/fr\/wp-json\/wp\/v2\/media?parent=90004"}],"curies":[{"name":"wp","href":"https:\/\/api.w.org\/{rel}","templated":true}]}}