{"id":90006,"date":"2025-09-11T17:22:21","date_gmt":"2025-09-11T17:22:21","guid":{"rendered":"https:\/\/onekind-escort.com\/?page_id=90006"},"modified":"2025-10-04T14:23:06","modified_gmt":"2025-10-04T14:23:06","slug":"travel-escort-luxury","status":"publish","type":"page","link":"https:\/\/onekind-escort.com\/fr\/perfect-match\/travel-escort-luxury\/","title":{"rendered":"Travel Escort \u2013 L&#039;art de red\u00e9finir les voyages de luxe"},"content":{"rendered":"<h2><b>Introduction : Voyager seul ou avec une muse<\/b><\/h2>\n<p><span style=\"font-weight: 400;\">Imaginez : un homme prosp\u00e8re embarque pour un \u00e9ni\u00e8me voyage international. L&#039;emploi du temps est charg\u00e9, les r\u00e9unions exigeantes et les soir\u00e9es libres. Il arrive \u00e0 son<a href=\"https:\/\/www.fivestaralliance.com\/\" rel=\"noopener\"> h\u00f4tel cinq \u00e9toiles \u00e0 Madrid, Paris ou Duba\u00ef<\/a>La suite est impeccable, le panorama de la ville scintille au loin, et pourtant, alors qu\u2019il se verse un verre de vin et d\u00eene seul, il manque quelque chose d\u2019essentiel : la chaleur d\u2019un compagnon enchanteur.<\/span><\/p>\n<p><span style=\"font-weight: 400;\">C&#039;est l\u00e0 que r\u00e9side l&#039;attrait d&#039;un <\/span><b>Escorte de voyage<\/b><span style=\"font-weight: 400;\"> commence. Avec son \u00e9l\u00e9gance, son intelligence et sa sensualit\u00e9, elle transforme la solitude en lien et la routine en aventure. Imaginez partager non seulement le confort d&#039;un h\u00f4tel de luxe, mais aussi la joie du rire, de la conversation et de la passion avec une femme qui sait rendre chaque instant inoubliable.<\/span><\/p>\n<p><span style=\"font-weight: 400;\">\u00c0 <\/span><b>Escorte de luxe unique<\/b><span style=\"font-weight: 400;\">Nous concevons pr\u00e9cis\u00e9ment ces exp\u00e9riences. Nous associons des gentlemen exigeants \u00e0 des femmes d&#039;exception, raffin\u00e9es, polyglottes et authentiques, qui font de chaque voyage une histoire d&#039;\u00e9l\u00e9gance et de d\u00e9sir.<\/span><\/p>\n<h3><b>Une accompagnatrice de voyage \u2013 Plus qu\u2019une simple compagnie<\/b><\/h3>\n<p><span style=\"font-weight: 400;\">Une <\/span><b>Escorte de voyage<\/b><span style=\"font-weight: 400;\"> Loin d&#039;\u00eatre une compagne ordinaire, elle est une muse, une confidente et une pr\u00e9sence raffin\u00e9e qui rend chaque d\u00e9tail du voyage m\u00e9morable. Les d\u00eeners d&#039;affaires ne sont plus des moments silencieux, mais des moments de conversation stimulante et de s\u00e9duction subtile. Les escapades de week-end deviennent des escapades sensuelles, et les voyages au long cours se transforment en aventures partag\u00e9es qui restent grav\u00e9es dans les m\u00e9moires.<\/span><\/p>\n<p><span style=\"font-weight: 400;\">Voyager avec un <\/span><b>escorte de voyage<\/b><span style=\"font-weight: 400;\"> Il ne s&#039;agit pas seulement d&#039;\u00e9viter la solitude. Il s&#039;agit de cr\u00e9er une atmosph\u00e8re o\u00f9 intimit\u00e9 et raffinement cohabitent naturellement. Elle s&#039;adapte sans effort \u00e0 un d\u00eener de gala \u00e0 Madrid, un yacht priv\u00e9 \u00e0 Marbella ou une promenade au coucher du soleil \u00e0 Barcelone. Avec elle, chaque voyage n&#039;est pas un simple voyage, c&#039;est une exp\u00e9rience.<\/span><\/p>\n<h3><b>Types d&#039;exp\u00e9riences d&#039;accompagnement de voyage<\/b><\/h3>\n<h4><b>1. Escapades de week-end en Europe<\/b><\/h4>\n<p><span style=\"font-weight: 400;\">Une <\/span><b>Voyage <a href=\"https:\/\/onekind-escort.com\/fr\/luxury-escort-barcelona-spain-europa\/\">Escorte \u00e0 Barcelone<\/a><\/b><span style=\"font-weight: 400;\"> transforme la ville en un terrain de jeu passionn\u00e9. Imaginez-vous fl\u00e2ner parmi les chefs-d&#039;\u0153uvre de Gaud\u00ed, partager des tapas dans des restaurants cach\u00e9s et terminer la soir\u00e9e avec du champagne sur un toit-terrasse. Ou imaginez <\/span><b>Voyage <a href=\"https:\/\/onekind-escort.com\/fr\/escort-de-lujo-madrid-encuentra-tu-compania-ideal-y-descubre-5-sitios-secretos-de-alto-nivel\/\">Escorte \u00e0 Madrid<\/a><\/b><span style=\"font-weight: 400;\">, o\u00f9 vous combinez visites culturelles avec des d\u00eeners \u00e9l\u00e9gants et des nuits remplies d&#039;intimit\u00e9.<\/span><\/p>\n<h4><b>2. Voyages internationaux<\/b><\/h4>\n<p><span style=\"font-weight: 400;\">Pour les voyages long-courriers \u2013 vers New York, Duba\u00ef, Tokyo ou les Maldives \u2013 un <\/span><b>compagnon de voyage de luxe<\/b><span style=\"font-weight: 400;\"> Elle vous offre confort, \u00e9l\u00e9gance et charme. Elle incarne l&#039;\u00e9quilibre parfait entre sophistication en public et sensualit\u00e9 en priv\u00e9. Pendant que vous g\u00e9rez vos affaires la journ\u00e9e, elle veille \u00e0 ce que vos soir\u00e9es soient chaleureuses et anim\u00e9es.<\/span><\/p>\n<h4><b>3. Voyages d&#039;affaires et sociaux<\/b><\/h4>\n<p><span style=\"font-weight: 400;\">Les r\u00e9unions de haut niveau, les d\u00eeners d&#039;entreprise ou les \u00e9v\u00e9nements de r\u00e9seautage n\u00e9cessitent plus que du charme : ils n\u00e9cessitent de la pr\u00e9sence. <\/span><b>Escorte de voyage<\/b><span style=\"font-weight: 400;\"> Elle s&#039;adapte parfaitement, ajoutant de l&#039;\u00e9l\u00e9gance \u00e0 votre image et vous assurant un sentiment de confiance et de soutien. Elle s&#039;int\u00e8gre avec gr\u00e2ce dans les environnements professionnels, tout en vous offrant intimit\u00e9 et passion en toute discr\u00e9tion.<\/span><\/p>\n<h4><b>4. Escapades exotiques et vacances de r\u00eave<\/b><\/h4>\n<p><span style=\"font-weight: 400;\">Des plages des Cara\u00efbes aux pentes des Alpes, en passant par les villas priv\u00e9es \u00e0 Bali, un <\/span><b>Escorte de voyage<\/b><span style=\"font-weight: 400;\"> Elle transforme les vacances en aventures sensuelles. Qu&#039;il s&#039;agisse de skier le jour et de partager un moment de chaleur le soir, ou de naviguer sur un yacht sous les \u00e9toiles, elle fait de chaque destination un souvenir inoubliable. <\/span>Pour une exp\u00e9rience encore plus palpitante, les messieurs peuvent \u00e9galement r\u00e9server un <a href=\"https:\/\/onekind-escort.com\/fr\/perfect-match\/exotic-escort-spain-europe\/\">Escorte exotique<\/a> pour ajouter une touche de myst\u00e8re et de charme \u00e0 leur voyage.<\/p>\n<h3><b>Les qualit\u00e9s d&#039;une escorte de voyage parfaite<\/b><\/h3>\n<p><span style=\"font-weight: 400;\">Qu&#039;est-ce qui d\u00e9finit un vrai <\/span><b>Escorte de voyage<\/b><span style=\"font-weight: 400;\">Chez One Kind Luxury Escort, nos compagnons partagent des traits uniques qui les \u00e9l\u00e8vent au-del\u00e0 des exp\u00e9riences ordinaires :<\/span><\/p>\n<ul>\n<li style=\"font-weight: 400;\" aria-level=\"1\"><b>Beaut\u00e9 raffin\u00e9e<\/b><span style=\"font-weight: 400;\"> \u2013 \u00c9l\u00e9gance naturelle, pr\u00e9sence sophistiqu\u00e9e et allure magn\u00e9tique.<\/span><\/li>\n<li style=\"font-weight: 400;\" aria-level=\"1\"><b>\u00c9ducation et culture<\/b><span style=\"font-weight: 400;\"> \u2013 Formation universitaire et int\u00e9r\u00eats cultiv\u00e9s pour l\u2019art, la gastronomie et le style de vie.<\/span><\/li>\n<li style=\"font-weight: 400;\" aria-level=\"1\"><b>Comp\u00e9tences multilingues<\/b><span style=\"font-weight: 400;\"> \u2013 Indispensable pour les voyages internationaux, beaucoup parlent anglais, espagnol, fran\u00e7ais ou allemand.<\/span><\/li>\n<li style=\"font-weight: 400;\" aria-level=\"1\"><b>Adaptabilit\u00e9<\/b><span style=\"font-weight: 400;\"> \u2013 \u00c0 l\u2019aise aussi bien lors d\u2019\u00e9v\u00e9nements de grande envergure que dans des contextes intimes et priv\u00e9s.<\/span><\/li>\n<li style=\"font-weight: 400;\" aria-level=\"1\"><b>Authenticit\u00e9 et empathie<\/b><span style=\"font-weight: 400;\"> \u2013 Capable de se connecter profond\u00e9ment, cr\u00e9ant une alchimie naturelle.<\/span><\/li>\n<li style=\"font-weight: 400;\" aria-level=\"1\"><b>Discr\u00e9tion et professionnalisme<\/b><span style=\"font-weight: 400;\"> \u2013 Prot\u00e9ger votre vie priv\u00e9e et garantir une confiance totale.<\/span><\/li>\n<\/ul>\n<p><span style=\"font-weight: 400;\">Une <\/span><b>compagnon de voyage de luxe<\/b><span style=\"font-weight: 400;\"> n\u2019est pas seulement une belle femme \u2013 elle est l\u2019\u00e9quilibre rare de charme, d\u2019intellect et d\u2019\u00e9nergie sensuelle qui rend chaque voyage unique.<\/span><\/p>\n<h3><b>Pourquoi r\u00e9server une escorte de voyage avec One Kind Luxury Escort<\/b><\/h3>\n<p><span style=\"font-weight: 400;\">Messieurs qui choisissez <\/span><b>Escorte de luxe unique<\/b><span style=\"font-weight: 400;\"> Ils savent qu&#039;ils ne r\u00e9servent pas un service ordinaire. Ils choisissent une exp\u00e9rience de vie caract\u00e9ris\u00e9e par l&#039;exclusivit\u00e9 et l&#039;authenticit\u00e9.<\/span><\/p>\n<ul>\n<li style=\"font-weight: 400;\" aria-level=\"1\"><b>Exp\u00e9riences sur mesure<\/b><span style=\"font-weight: 400;\"> \u2013 Chaque voyage est personnalis\u00e9 selon vos pr\u00e9f\u00e9rences, qu\u2019elles soient culturelles, romantiques ou purement sensuelles.<\/span><\/li>\n<li style=\"font-weight: 400;\" aria-level=\"1\"><b>Discr\u00e9tion absolue<\/b><span style=\"font-weight: 400;\"> \u2013 La confidentialit\u00e9 est garantie \u00e0 chaque \u00e9tape, de la r\u00e9servation jusqu\u2019au dernier adieu.<\/span><\/li>\n<li style=\"font-weight: 400;\" aria-level=\"1\"><b>Disponibilit\u00e9 internationale<\/b><span style=\"font-weight: 400;\"> \u2013 De Barcelone et Madrid \u00e0 Paris, Milan ou Duba\u00ef, nos escortes sont disponibles dans le monde entier.<\/span><\/li>\n<li style=\"font-weight: 400;\" aria-level=\"1\"><b>Des mod\u00e8les soigneusement s\u00e9lectionn\u00e9s<\/b><span style=\"font-weight: 400;\"> \u2013 Chaque muse est s\u00e9lectionn\u00e9e pour sa beaut\u00e9, son \u00e9l\u00e9gance, son intellect et son authenticit\u00e9.<\/span><\/li>\n<\/ul>\n<p><span style=\"font-weight: 400;\">Choisir un <\/span><b>Escorte de voyage<\/b><span style=\"font-weight: 400;\"> Avec One Kind, nous nous assurons que votre voyage soit plus qu\u2019un simple d\u00e9placement : c\u2019est un souvenir cr\u00e9\u00e9 avec passion.<\/span><\/p>\n<h3><b>Destinations populaires avec un accompagnateur de voyage<\/b><\/h3>\n<ul>\n<li style=\"font-weight: 400;\" aria-level=\"1\"><b>Barcelone<\/b><span style=\"font-weight: 400;\"> \u2013 Charme m\u00e9diterran\u00e9en, terrasses sur les toits, yachts et vie nocturne anim\u00e9e.<\/span><\/li>\n<li style=\"font-weight: 400;\" aria-level=\"1\"><b>Madrid<\/b><span style=\"font-weight: 400;\"> \u2013 Culture, restaurants exclusifs, soir\u00e9es \u00e9l\u00e9gantes et passion ardente.<\/span><\/li>\n<li style=\"font-weight: 400;\" aria-level=\"1\"><b>Marbella et Ibiza<\/b><span style=\"font-weight: 400;\"> \u2013 Escapades glamour, plages, yachts et nuits d\u2019\u00e9t\u00e9 inoubliables.<\/span><\/li>\n<li style=\"font-weight: 400;\" aria-level=\"1\"><b>Paris et Milan<\/b><span style=\"font-weight: 400;\"> \u2013 Mode, romantisme et sophistication dans les capitales europ\u00e9ennes du style.<\/span><\/li>\n<li style=\"font-weight: 400;\" aria-level=\"1\"><b>Duba\u00ef et New York<\/b><span style=\"font-weight: 400;\"> \u2013 Des p\u00f4les d\u2019affaires internationaux o\u00f9 l\u2019\u00e9l\u00e9gance rencontre le luxe.<\/span><\/li>\n<li style=\"font-weight: 400;\" aria-level=\"1\"><b>Alpes suisses et stations de ski<\/b><span style=\"font-weight: 400;\"> \u2013 Aventures de ski le jour, intimit\u00e9 et chaleur la nuit.<\/span><\/li>\n<\/ul>\n<p><span style=\"font-weight: 400;\">Avec un <\/span><b>Escorte de voyage<\/b><span style=\"font-weight: 400;\">, chaque destination devient plus qu\u2019un lieu \u2013 elle devient une histoire intime que vous partagez ensemble.<\/span><\/p>\n<h3><b>Comment r\u00e9server votre exp\u00e9rience d&#039;escorte de voyage<\/b><\/h3>\n<p><span style=\"font-weight: 400;\">R\u00e9servation d&#039;un <\/span><b>Escorte de voyage<\/b><span style=\"font-weight: 400;\"> avec One Kind Luxury Escort est con\u00e7u pour \u00eatre transparent et discret :<\/span><\/p>\n<ol>\n<li style=\"font-weight: 400;\" aria-level=\"1\"><b>Choisissez votre muse<\/b><span style=\"font-weight: 400;\"> \u2013 D\u00e9couvrez notre gamme de compagnons raffin\u00e9s et \u00e9l\u00e9gants.<\/span><\/li>\n<li style=\"font-weight: 400;\" aria-level=\"1\"><b>Planifiez votre voyage<\/b><span style=\"font-weight: 400;\"> \u2013 Partagez votre destination de voyage et vos dates pr\u00e9f\u00e9r\u00e9es.<\/span><\/li>\n<li style=\"font-weight: 400;\" aria-level=\"1\"><b>Confirmer l&#039;arrangement<\/b><span style=\"font-weight: 400;\"> \u2013 Les dur\u00e9es minimales varient : de 8 \u00e0 12 heures en Europe \u00e0 24 heures dans le monde entier.<\/span><\/li>\n<li style=\"font-weight: 400;\" aria-level=\"1\"><b>Processus discret et transparent<\/b><span style=\"font-weight: 400;\"> \u2013 Les frais de d\u00e9placement (vols, transferts, h\u00e9bergement si besoin) sont g\u00e9r\u00e9s avec clart\u00e9 et simplicit\u00e9.<\/span><\/li>\n<\/ol>\n<p><span style=\"font-weight: 400;\">D\u00e8s la premi\u00e8re \u00e9tape, nous nous concentrons sur la confidentialit\u00e9, le professionnalisme et la cr\u00e9ation de l&#039;environnement parfait pour votre voyage.<\/span><\/p>\n<h3><b>Conclusion : Red\u00e9finir le voyage avec \u00e9l\u00e9gance et d\u00e9sir<\/b><\/h3>\n<p><span style=\"font-weight: 400;\">Un voyage ne se d\u00e9finit pas par les lieux que vous visitez, mais par la compagnie que vous fr\u00e9quentez. Avec un <\/span><b>Escorte de voyage<\/b><span style=\"font-weight: 400;\"> depuis <\/span><b>Escorte de luxe unique<\/b><span style=\"font-weight: 400;\">, chaque voyage devient plus qu\u2019un simple voyage \u2013 il devient une histoire intime, tiss\u00e9e de passion, d\u2019\u00e9l\u00e9gance et de connexion inoubliable.<\/span><\/p>\n<p><span style=\"font-weight: 400;\">Que vous soyez \u00e0 Barcelone, Madrid, Paris ou bien au-del\u00e0, notre <\/span><b>compagnons de voyage de luxe<\/b><span style=\"font-weight: 400;\"> faire en sorte que la solitude soit remplac\u00e9e par l\u2019intimit\u00e9, la routine par l\u2019aventure et les moments fugaces par des souvenirs qui durent toute une vie.<\/span><\/p>\n<p><span style=\"font-weight: 400;\">D\u00e9couvrez le monde non seulement \u00e0 travers les destinations, mais aussi \u00e0 travers le regard, le toucher et le charme de la femme id\u00e9ale. Avec One Kind, chaque voyage devient une histoire inoubliable.<\/span><\/p>\n<p>&nbsp;<\/p>","protected":false},"excerpt":{"rendered":"<p>Introduction: Traveling Alone vs. Traveling with a Muse Picture this: a successful gentleman boarding a plane for yet another international trip. The schedule is tight, the meetings are demanding, and the evenings are free. He arrives at his five-star hotel in Madrid, Paris, or Dubai. The suite is immaculate, the city skyline sparkles in the [&hellip;]<\/p>\n","protected":false},"author":1,"featured_media":89305,"parent":89474,"menu_order":0,"comment_status":"closed","ping_status":"closed","template":"","meta":{"_acf_changed":false,"footnotes":""},"class_list":["post-90006","page","type-page","status-publish","has-post-thumbnail","hentry"],"acf":[],"_links":{"self":[{"href":"https:\/\/onekind-escort.com\/fr\/wp-json\/wp\/v2\/pages\/90006","targetHints":{"allow":["GET"]}}],"collection":[{"href":"https:\/\/onekind-escort.com\/fr\/wp-json\/wp\/v2\/pages"}],"about":[{"href":"https:\/\/onekind-escort.com\/fr\/wp-json\/wp\/v2\/types\/page"}],"author":[{"embeddable":true,"href":"https:\/\/onekind-escort.com\/fr\/wp-json\/wp\/v2\/users\/1"}],"replies":[{"embeddable":true,"href":"https:\/\/onekind-escort.com\/fr\/wp-json\/wp\/v2\/comments?post=90006"}],"version-history":[{"count":8,"href":"https:\/\/onekind-escort.com\/fr\/wp-json\/wp\/v2\/pages\/90006\/revisions"}],"predecessor-version":[{"id":90852,"href":"https:\/\/onekind-escort.com\/fr\/wp-json\/wp\/v2\/pages\/90006\/revisions\/90852"}],"up":[{"embeddable":true,"href":"https:\/\/onekind-escort.com\/fr\/wp-json\/wp\/v2\/pages\/89474"}],"wp:featuredmedia":[{"embeddable":true,"href":"https:\/\/onekind-escort.com\/fr\/wp-json\/wp\/v2\/media\/89305"}],"wp:attachment":[{"href":"https:\/\/onekind-escort.com\/fr\/wp-json\/wp\/v2\/media?parent=90006"}],"curies":[{"name":"wp","href":"https:\/\/api.w.org\/{rel}","templated":true}]}}