{"id":90008,"date":"2025-09-11T17:22:29","date_gmt":"2025-09-11T17:22:29","guid":{"rendered":"https:\/\/onekind-escort.com\/?page_id=90008"},"modified":"2025-10-04T13:43:29","modified_gmt":"2025-10-04T13:43:29","slug":"exotic-escort-spain-europe","status":"publish","type":"page","link":"https:\/\/onekind-escort.com\/fr\/perfect-match\/exotic-escort-spain-europe\/","title":{"rendered":"Escorte exotique \u2013 La s\u00e9duction de la diversit\u00e9 et du d\u00e9sir"},"content":{"rendered":"<h2><b>Introduction : Une nuit avec une escorte exotique<\/b><\/h2>\n<p><span style=\"font-weight: 400;\">Imaginez une chaude soir\u00e9e \u00e0 Barcelone. La ville bourdonne de vie, le parfum du jasmin embaume les rues, et vous \u00eates assis \u00e0 une table \u00e9clair\u00e9e aux chandelles dans un restaurant cach\u00e9 au fond d&#039;une cour. Face \u00e0 vous se trouve une femme d&#039;une beaut\u00e9 ind\u00e9finissable. Des yeux sombres empreints de myst\u00e8re, un sourire radieux et une aura \u00e0 la fois espi\u00e8gle et raffin\u00e9e. Son accent porte une m\u00e9lodie \u00e9trange et pourtant envo\u00fbtante, chaque mot vous immergeant dans son univers.<\/span><\/p>\n<p><span style=\"font-weight: 400;\">C&#039;est l&#039;attrait d&#039;un <\/span><b>Escorte exotique<\/b><span style=\"font-weight: 400;\">Elle est non seulement une pr\u00e9sence \u00e9blouissante \u00e0 vos c\u00f4t\u00e9s, mais aussi une porte ouverte sur de nouvelles cultures, de nouvelles perspectives et de nouvelles sensations. Avec une escorte exotique, chaque rencontre devient plus qu&#039;une simple rencontre\u00a0; c&#039;est un voyage de d\u00e9couverte, d&#039;intimit\u00e9 et de frissons face \u00e0 l&#039;inconnu.<\/span><\/p>\n<h2><b>D\u00e9finir l&#039;escorte exotique<\/b><\/h2>\n<p><span style=\"font-weight: 400;\">Qu&#039;est-ce qui rend une escorte exotique\u00a0? Ce n&#039;est pas seulement son physique qui compte, m\u00eame si sa beaut\u00e9 peut \u00e9voquer des contr\u00e9es lointaines, une peau h\u00e2l\u00e9e, un regard captivant ou l&#039;\u00e9l\u00e9gance d&#039;un autre h\u00e9ritage. <\/span><b>Escorte exotique<\/b><span style=\"font-weight: 400;\"> se d\u00e9finit par la combinaison de son apparence unique, de sa personnalit\u00e9 enrichie par la profondeur culturelle et de sa sensualit\u00e9 naturelle.<\/span><\/p>\n<p><span style=\"font-weight: 400;\">Cosmopolite de nature, souvent polyglotte et toujours ouverte d&#039;esprit, une escorte exotique peut vous surprendre par sa capacit\u00e9 \u00e0 allier raffinement et espi\u00e8glerie, sophistication et une pointe d&#039;audace. C&#039;est ce contraste, cette \u00e9l\u00e9gance m\u00eal\u00e9e d&#039;impr\u00e9visibilit\u00e9, qui la rend inoubliable.<\/span><\/p>\n<p>&nbsp;<\/p>\n<p><img loading=\"lazy\" decoding=\"async\" class=\"size-medium wp-image-90239 aligncenter\" src=\"https:\/\/onekind-escort.com\/wp-content\/uploads\/2025\/08\/ALICE_LOGO_CENSORED_DSC00364-Bearbeitet-200x300.jpg\" alt=\"\" width=\"200\" height=\"300\" srcset=\"https:\/\/onekind-escort.com\/wp-content\/uploads\/2025\/08\/ALICE_LOGO_CENSORED_DSC00364-Bearbeitet-200x300.jpg 200w, https:\/\/onekind-escort.com\/wp-content\/uploads\/2025\/08\/ALICE_LOGO_CENSORED_DSC00364-Bearbeitet-683x1024.jpg 683w, https:\/\/onekind-escort.com\/wp-content\/uploads\/2025\/08\/ALICE_LOGO_CENSORED_DSC00364-Bearbeitet-768x1151.jpg 768w, https:\/\/onekind-escort.com\/wp-content\/uploads\/2025\/08\/ALICE_LOGO_CENSORED_DSC00364-Bearbeitet-1025x1536.jpg 1025w, https:\/\/onekind-escort.com\/wp-content\/uploads\/2025\/08\/ALICE_LOGO_CENSORED_DSC00364-Bearbeitet-1366x2048.jpg 1366w, https:\/\/onekind-escort.com\/wp-content\/uploads\/2025\/08\/ALICE_LOGO_CENSORED_DSC00364-Bearbeitet-8x12.jpg 8w, https:\/\/onekind-escort.com\/wp-content\/uploads\/2025\/08\/ALICE_LOGO_CENSORED_DSC00364-Bearbeitet-scaled.jpg 1708w\" sizes=\"auto, (max-width: 200px) 100vw, 200px\" \/><\/p>\n<h3><\/h3>\n<h2><b>Le voyage sensuel avec un compagnon exotique<\/b><\/h2>\n<p><span style=\"font-weight: 400;\">Passer du temps avec un <\/span><b>Escorte exotique<\/b><span style=\"font-weight: 400;\"> Il ne s&#039;agit pas seulement de beaut\u00e9 physique\u00a0; il s&#039;agit du voyage qu&#039;elle vous fait vivre. Les conversations deviennent des portes ouvertes sur d&#039;autres mondes, des r\u00e9cits de ses voyages, de ses passions, de ses r\u00eaves. La richesse culturelle qu&#039;elle incarne intensifie l&#039;intimit\u00e9, donnant \u00e0 chaque contact, \u00e0 chaque regard, une dimension de sens.<\/span><\/p>\n<p><span style=\"font-weight: 400;\">Partager une bouteille de vin avec une femme d&#039;origine diff\u00e9rente de la v\u00f4tre, dont les yeux s&#039;illuminent lorsqu&#039;elle \u00e9voque sa maison, ses traditions, ses aventures, est une exp\u00e9rience magique. Ce sentiment de d\u00e9couverte renforce l&#039;intimit\u00e9, transformant l&#039;\u00e9rotisme en une exp\u00e9rience \u00e0 la fois sensuelle et profonde.<\/span><\/p>\n<p><span style=\"font-weight: 400;\">Les pr\u00e9liminaires deviennent une danse de curiosit\u00e9. Son rire r\u00e9v\u00e8le son c\u00f4t\u00e9 espi\u00e8gle\u00a0; son \u00e9l\u00e9gance vous rappelle qu&#039;elle est bien plus que du d\u00e9sir. Une escorte exotique est synonyme de connexion, de raffinement et d&#039;authenticit\u00e9.<\/span><\/p>\n<h2><b>Des exp\u00e9riences qui deviennent des souvenirs<\/b><\/h2>\n<h3><b>D\u00eeners \u00e9l\u00e9gants<\/b><\/h3>\n<p><span style=\"font-weight: 400;\">Un <\/span><b>Escorte exotique<\/b><span style=\"font-weight: 400;\"> \u00c0 vos c\u00f4t\u00e9s, un d\u00eener devient une aventure. Imaginez-vous d\u00e9guster une cuisine fusion \u00e0 Madrid, savourer les saveurs \u00e0 travers son regard, sa pr\u00e9sence dynamisant l&#039;atmosph\u00e8re. Chaque sourire \u00e0 table est plus enivrant que le vin lui-m\u00eame. <\/span>Et si vous d\u00e9sirez encore plus d&#039;authenticit\u00e9, vous pouvez demander un <a href=\"https:\/\/onekind-escort.com\/fr\/perfect-match\/natural-escort\/\"><strong data-start=\"470\" data-end=\"488\">escorte naturelle <\/strong><\/a>un compagnon dont le charme naturel et l&#039;\u00e9l\u00e9gance authentique rendent chaque rencontre vraiment r\u00e9elle.<\/p>\n<h3><b>Escapades de week-end<\/b><\/h3>\n<p><span style=\"font-weight: 400;\">Envolez-vous pour un week-end \u00e0 Marbella ou Ibiza avec une escorte exotique, o\u00f9 soleil, mer et intimit\u00e9 se m\u00ealent. Le plaisir d&#039;explorer une nouvelle ville ou de se pr\u00e9lasser au bord de la mer est amplifi\u00e9 par sa compagnie, enjou\u00e9e le jour et passionn\u00e9e la nuit.<\/span><\/p>\n<h3><b>Voyages et aventures<\/b><\/h3>\n<p><span style=\"font-weight: 400;\">Pour les voyages plus longs, une escorte exotique devient votre partenaire d&#039;exploration. Balade \u00e0 Paris main dans la main, d\u00e9couverte de l&#039;art \u00e0 New York ou soir\u00e9e dans le d\u00e9sert de Duba\u00ef avec une <\/span><b>muse exotique<\/b><span style=\"font-weight: 400;\">, chaque destination devient vivante, vibrante et sensuelle. Transformez chaque voyage en pure passion, r\u00e9servez votre <a href=\"https:\/\/onekind-escort.com\/fr\/perfect-match\/travel-escort\/\">accompagnateur de voyage<\/a> maintenant et vivez des aventures inoubliables dans le monde entier<\/span><\/p>\n<h2><b>Le d\u00e9sir d&#039;exotisme du gentleman<\/b><\/h2>\n<p><span style=\"font-weight: 400;\">Pourquoi les gentlemen recherchent-ils des compagnons exotiques ? La r\u00e9ponse r\u00e9side dans l&#039;attrait universel pour l&#039;inconnu. <\/span><b>Escorte exotique<\/b><span style=\"font-weight: 400;\"> Incarne le myst\u00e8re, la nouveaut\u00e9 et l&#039;authenticit\u00e9. Une escorte exotique r\u00e9veille en vous une part d&#039;\u00e2me de gentleman en qu\u00eate d&#039;aventure et d&#039;exp\u00e9riences hors du commun.<\/span><\/p>\n<p><span style=\"font-weight: 400;\">Une escorte exotique est impr\u00e9visible. Elle surprend par ses points de vue, son \u00e9nergie et son impr\u00e9visibilit\u00e9 enjou\u00e9e. Pour un homme qui voyage souvent, qui fr\u00e9quente des restaurants de luxe et qui vit dans une routine parfaite, une escorte exotique est l&#039;\u00e9tincelle qui brise les sch\u00e9mas. Elle lui rappelle que le d\u00e9sir est une question de d\u00e9couverte, et non de r\u00e9p\u00e9tition.<\/span><\/p>\n<h2><b>Destinations et rencontres exotiques<\/b><\/h2>\n<ul>\n<li style=\"font-weight: 400;\" aria-level=\"1\"><b>Barcelone<\/b><span style=\"font-weight: 400;\"> \u2013 o\u00f9 les nuits m\u00e9diterran\u00e9ennes deviennent plus enivrantes avec une escorte exotique.<\/span><\/li>\n<li style=\"font-weight: 400;\" aria-level=\"1\"><b>Madrid<\/b><span style=\"font-weight: 400;\"> \u2013 une \u00e9nergie passionn\u00e9e, des d\u00eeners \u00e9l\u00e9gants et des coins cach\u00e9s d\u2019intimit\u00e9.<\/span><\/li>\n<li style=\"font-weight: 400;\" aria-level=\"1\"><b>Marbella et Ibiza<\/b><span style=\"font-weight: 400;\"> \u2013 des escapades glamour o\u00f9 la beaut\u00e9 exotique rencontre la s\u00e9duction ensoleill\u00e9e.<\/span><\/li>\n<li style=\"font-weight: 400;\" aria-level=\"1\"><b>Paris<\/b><span style=\"font-weight: 400;\"> \u2013 sophistication et romantisme, intensifi\u00e9s par le myst\u00e8re d\u2019une escorte exotique.<\/span><\/li>\n<li style=\"font-weight: 400;\" aria-level=\"1\"><b>Duba\u00ef et New York<\/b><span style=\"font-weight: 400;\"> \u2013 des villes internationales o\u00f9 son charme cosmopolite s\u2019int\u00e8gre parfaitement.<\/span><\/li>\n<li style=\"font-weight: 400;\" aria-level=\"1\"><b>\u00celes tropicales<\/b><span style=\"font-weight: 400;\"> \u2013 la toile de fond parfaite pour l\u2019\u00e9rotisme, la libert\u00e9 et la connexion d\u00e9complex\u00e9e.<\/span><\/li>\n<\/ul>\n<p><span style=\"font-weight: 400;\">Chaque destination est unique lorsqu&#039;elle est partag\u00e9e avec une escorte exotique. Sa pr\u00e9sence insuffle culture, passion et sensualit\u00e9 dans l&#039;air que vous respirez.<\/span><\/p>\n<h2><b>L&#039;exp\u00e9rience d&#039;escorte exotique \u2013 Subtile mais puissante<\/b><\/h2>\n<p>Elle<span style=\"font-weight: 400;\"> Elle n&#039;est ni excessive ni extravagante. Son charme r\u00e9side dans le subtil jeu de raffinement et de sensualit\u00e9. Nul besoin de crier sa pr\u00e9sence\u00a0; son \u00e9l\u00e9gance parle pour elle. Son regard \u00e0 travers une pi\u00e8ce bond\u00e9e, la fa\u00e7on dont sa main effleure la v\u00f4tre, son rire qui brise le silence\u2026 Ce sont des moments qui restent grav\u00e9s dans votre m\u00e9moire bien apr\u00e8s la fin de la soir\u00e9e.<\/span><\/p>\n<p><span style=\"font-weight: 400;\">Elle incarne \u00e0 la fois le frisson de la tentation et le r\u00e9confort de l&#039;intimit\u00e9. Avec elle, l&#039;\u00e9rotisme n&#039;est pas seulement physique\u00a0: il est mental, \u00e9motionnel et spirituel.<\/span><\/p>\n<p><img loading=\"lazy\" decoding=\"async\" class=\"size-medium wp-image-87778 aligncenter\" src=\"https:\/\/onekind-escort.com\/wp-content\/uploads\/2025\/01\/NINA_10_Logo_CENSORED_B-200x300.jpg\" alt=\"\" width=\"200\" height=\"300\" srcset=\"https:\/\/onekind-escort.com\/wp-content\/uploads\/2025\/01\/NINA_10_Logo_CENSORED_B-200x300.jpg 200w, https:\/\/onekind-escort.com\/wp-content\/uploads\/2025\/01\/NINA_10_Logo_CENSORED_B-683x1024.jpg 683w, https:\/\/onekind-escort.com\/wp-content\/uploads\/2025\/01\/NINA_10_Logo_CENSORED_B-768x1152.jpg 768w, https:\/\/onekind-escort.com\/wp-content\/uploads\/2025\/01\/NINA_10_Logo_CENSORED_B-1024x1536.jpg 1024w, https:\/\/onekind-escort.com\/wp-content\/uploads\/2025\/01\/NINA_10_Logo_CENSORED_B-8x12.jpg 8w, https:\/\/onekind-escort.com\/wp-content\/uploads\/2025\/01\/NINA_10_Logo_CENSORED_B-1140x1710.jpg 1140w, https:\/\/onekind-escort.com\/wp-content\/uploads\/2025\/01\/NINA_10_Logo_CENSORED_B-920x1380.jpg 920w, https:\/\/onekind-escort.com\/wp-content\/uploads\/2025\/01\/NINA_10_Logo_CENSORED_B-575x863.jpg 575w, https:\/\/onekind-escort.com\/wp-content\/uploads\/2025\/01\/NINA_10_Logo_CENSORED_B-380x570.jpg 380w, https:\/\/onekind-escort.com\/wp-content\/uploads\/2025\/01\/NINA_10_Logo_CENSORED_B-420x630.jpg 420w, https:\/\/onekind-escort.com\/wp-content\/uploads\/2025\/01\/NINA_10_Logo_CENSORED_B-800x1200.jpg 800w, https:\/\/onekind-escort.com\/wp-content\/uploads\/2025\/01\/NINA_10_Logo_CENSORED_B.jpg 1280w\" sizes=\"auto, (max-width: 200px) 100vw, 200px\" \/><\/p>\n<h2><b>Conclusion : La magie de la compagnie exotique<\/b><\/h2>\n<p><span style=\"font-weight: 400;\">Plus qu&#039;une rencontre, elle est un souvenir, une \u00e9tincelle, une exp\u00e9rience qui perdure. Elle incarne la diversit\u00e9, l&#039;\u00e9l\u00e9gance et la passion, nous rappelant que les moments les plus inoubliables naissent souvent de l&#039;inconnu.<\/span><\/p>\n<p><span style=\"font-weight: 400;\">Pour le gentleman qui d\u00e9sire plus que la routine, qui recherche non seulement le plaisir mais aussi la connexion et la d\u00e9couverte, le <\/span><b>escorte exotique<\/b><span style=\"font-weight: 400;\"> est la muse ultime. Avec elle, chaque d\u00eener, chaque voyage, chaque nuit devient une histoire \u00e0 raconter, non pas \u00e0 cause de l&#039;endroit o\u00f9 vous \u00e9tiez, mais \u00e0 cause de ceux qui \u00e9taient \u00e0 vos c\u00f4t\u00e9s.<\/span><\/p>\n<p><span style=\"font-weight: 400;\">En fin de compte, qu&#039;est-ce qui fait un <\/span><b>Escorte exotique<\/b><span style=\"font-weight: 400;\"> Ce qui est inoubliable, ce n&#039;est pas seulement sa beaut\u00e9, mais aussi la fa\u00e7on dont elle vous fait sentir. D\u00e9sir\u00e9, inspir\u00e9 et pleinement vivant. <\/span>Et pour les messieurs qui souhaitent d\u00e9couvrir des escortes encore plus exotiques \u00e0 travers l&#039;Europe, notre agence s\u0153ur <a class=\"decorated-link cursor-pointer\" href=\"https:\/\/grazia-escort.com\/\" target=\"_new\" rel=\"noopener\" data-start=\"388\" data-end=\"428\">Merci<\/a> offre un monde de camaraderie raffin\u00e9e et d&#039;exp\u00e9riences inoubliables.<\/p>\n<p>&nbsp;<\/p>","protected":false},"excerpt":{"rendered":"<p>Introduction: A Night with an Exotic Escort Imagine a warm evening in Barcelona. The city hums with life, the scent of jasmine drifts through the streets, and you are seated at a candlelit table in a hidden courtyard restaurant. Across from you sits a woman whose beauty defies definition. Dark eyes full of mystery, a [&hellip;]<\/p>\n","protected":false},"author":1,"featured_media":87785,"parent":89474,"menu_order":0,"comment_status":"closed","ping_status":"closed","template":"","meta":{"_acf_changed":false,"footnotes":""},"class_list":["post-90008","page","type-page","status-publish","has-post-thumbnail","hentry"],"acf":[],"_links":{"self":[{"href":"https:\/\/onekind-escort.com\/fr\/wp-json\/wp\/v2\/pages\/90008","targetHints":{"allow":["GET"]}}],"collection":[{"href":"https:\/\/onekind-escort.com\/fr\/wp-json\/wp\/v2\/pages"}],"about":[{"href":"https:\/\/onekind-escort.com\/fr\/wp-json\/wp\/v2\/types\/page"}],"author":[{"embeddable":true,"href":"https:\/\/onekind-escort.com\/fr\/wp-json\/wp\/v2\/users\/1"}],"replies":[{"embeddable":true,"href":"https:\/\/onekind-escort.com\/fr\/wp-json\/wp\/v2\/comments?post=90008"}],"version-history":[{"count":15,"href":"https:\/\/onekind-escort.com\/fr\/wp-json\/wp\/v2\/pages\/90008\/revisions"}],"predecessor-version":[{"id":90843,"href":"https:\/\/onekind-escort.com\/fr\/wp-json\/wp\/v2\/pages\/90008\/revisions\/90843"}],"up":[{"embeddable":true,"href":"https:\/\/onekind-escort.com\/fr\/wp-json\/wp\/v2\/pages\/89474"}],"wp:featuredmedia":[{"embeddable":true,"href":"https:\/\/onekind-escort.com\/fr\/wp-json\/wp\/v2\/media\/87785"}],"wp:attachment":[{"href":"https:\/\/onekind-escort.com\/fr\/wp-json\/wp\/v2\/media?parent=90008"}],"curies":[{"name":"wp","href":"https:\/\/api.w.org\/{rel}","templated":true}]}}