{"id":90010,"date":"2025-09-11T17:22:37","date_gmt":"2025-09-11T17:22:37","guid":{"rendered":"https:\/\/onekind-escort.com\/?page_id=90010"},"modified":"2025-10-04T13:53:49","modified_gmt":"2025-10-04T13:53:49","slug":"sporty-escort-spain-europe","status":"publish","type":"page","link":"https:\/\/onekind-escort.com\/fr\/perfect-match\/sporty-escort-spain-europe\/","title":{"rendered":"Escorte sportive \u2013 Quand la passion rencontre la vitalit\u00e9"},"content":{"rendered":"<h3><b>Introduction : L&#039;\u00e9nergie magn\u00e9tique d&#039;une escorte sportive<\/b><\/h3>\n<p><span style=\"font-weight: 400;\">Le soleil se l\u00e8ve sur la M\u00e9diterran\u00e9e, teintant le ciel d&#039;orange et de rose. Vous n&#039;\u00eates pas seul\u00a0; \u00e0 vos c\u00f4t\u00e9s, une femme magnifique court gracieusement le long de la plage, son rire port\u00e9 par la brise. Ses mouvements sont fluides, confiants et pleins de vie. Apr\u00e8s sa course, elle ralentit, reprend son souffle et vous regarde avec des yeux emplis d&#039;une \u00e9nergie enjou\u00e9e. Ce n&#039;est pas n&#039;importe quelle compagne. C&#039;est une <\/span><b>Escorte sportive<\/b><span style=\"font-weight: 400;\">, une femme dont la beaut\u00e9 n&#039;a d&#039;\u00e9gal que sa vitalit\u00e9, dont l&#039;\u00e9l\u00e9gance est empreinte de force et dont la sensualit\u00e9 semble aussi naturelle que son souffle.<\/span><\/p>\n<p><span style=\"font-weight: 400;\">Une <\/span><b>Escorte sportive<\/b><span style=\"font-weight: 400;\"> Elle ne se d\u00e9finit pas par ses muscles ni par la routine, mais par l&#039;\u00e9tincelle de vie qu&#039;elle porte en elle. Elle incarne la passion, la discipline et la joie, faisant d&#039;elle la muse id\u00e9ale des gentlemen en qu\u00eate d&#039;authenticit\u00e9, d&#039;\u00e9nergie et de liens inoubliables.<\/span><\/p>\n<h3><b>Qu&#039;est-ce qui d\u00e9finit une escorte sportive ?<\/b><\/h3>\n<p><span style=\"font-weight: 400;\">Une <\/span><b>Escorte sportive<\/b><span style=\"font-weight: 400;\"> Elle vit de mouvement. Le fitness, le yoga, la course \u00e0 pied, le ski ou le surf sont non seulement des activit\u00e9s qu&#039;elle appr\u00e9cie, mais aussi des expressions de sa personnalit\u00e9. Son physique tonique n&#039;est pas synonyme de perfection, mais d&#039;\u00e9quilibre, un parfait \u00e9quilibre entre sant\u00e9, force et \u00e9l\u00e9gance f\u00e9minine.<\/span><\/p>\n<p><span style=\"font-weight: 400;\">Mais au-del\u00e0 de son style de vie sportif, elle poss\u00e8de une sensualit\u00e9 naturelle. La m\u00eame d\u00e9termination qui la pousse \u00e0 se d\u00e9passer sur les pistes ou \u00e0 la salle de sport se traduit \u00e9galement par une intensit\u00e9 intime. Son esprit d&#039;aventure rend chaque instant passionnant, qu&#039;il s&#039;agisse d&#039;explorer une ville, de faire une randonn\u00e9e en montagne ou de danser jusqu&#039;au lever du soleil.<\/span><\/p>\n<p><span style=\"font-weight: 400;\">Ce qui la d\u00e9finit, ce n\u2019est pas seulement son corps, mais l\u2019harmonie qu\u2019elle cr\u00e9e entre discipline et spontan\u00e9it\u00e9, entre \u00e9l\u00e9gance et espi\u00e8glerie.<\/span><\/p>\n<h3><b>L&#039;attrait sensuel d&#039;un compagnon actif<\/b><\/h3>\n<p><span style=\"font-weight: 400;\">Pourquoi les femmes sportives sont-elles si irr\u00e9sistibles\u00a0? Une partie de la r\u00e9ponse r\u00e9side dans leur \u00e9nergie. <\/span><b>Escorte sportive<\/b><span style=\"font-weight: 400;\"> rayonne de fra\u00eecheur \u2013 l\u2019\u00e9clat de quelqu\u2019un qui prend soin de son corps, l\u2019\u00e9tincelle dans ses yeux lorsqu\u2019elle parle de ses passions, la chaleur de son sourire apr\u00e8s un moment d\u2019aventure partag\u00e9e.<\/span><\/p>\n<p><span style=\"font-weight: 400;\">Avec une escorte sportive, la vitalit\u00e9 devient magn\u00e9tique dans l&#039;intimit\u00e9. L&#039;\u00e9nergie physique se transforme en sensualit\u00e9\u00a0; la confiance en son corps lui donne confiance en la s\u00e9duction. Elle sait jouer, taquiner et transformer la tension en passion. \u00catre avec elle est une v\u00e9ritable pouss\u00e9e d&#039;adr\u00e9naline. Que ce soit en escaladant des montagnes ou simplement en la serrant contre elle au lit. <\/span>Et si votre c\u0153ur aspire \u00e0 l&#039;authenticit\u00e9 pure, notre <a href=\"https:\/\/onekind-escort.com\/fr\/perfect-match\/natural-escort\/\">escortes naturelles<\/a> incarnent la beaut\u00e9 de la simplicit\u00e9, offrant des rencontres o\u00f9 le d\u00e9sir coule sans effort et l&#039;intimit\u00e9 semble \u00e9ternelle.<\/p>\n<p><span style=\"font-weight: 400;\">Ce qui la rend encore plus s\u00e9duisante, c&#039;est sa spontan\u00e9it\u00e9. Jamais ennuyeuse, jamais routini\u00e8re, elle vit l&#039;instant pr\u00e9sent, ce qui rend chaque rencontre nouvelle, impr\u00e9visible et pleine de vie.<\/span><\/p>\n<h3><b>Imaginer un rendez-vous avec une escorte sportive<\/b><\/h3>\n<p><b>Matin\u00e9e \u2013 \u00c9nergie et espi\u00e8glerie<\/b><b><br \/>\n<\/b><span style=\"font-weight: 400;\"> La journ\u00e9e commence par une s\u00e9ance de yoga sur un toit-terrasse, le soleil vous r\u00e9chauffant la peau tandis qu&#039;elle vous guide \u00e0 travers les postures avec gr\u00e2ce et aisance. Son rire brise le silence, et bient\u00f4t le yoga se transforme en une plaisanterie. Ou peut-\u00eatre allez-vous courir sur la plage, son corps athl\u00e9tique se mouvant avec aisance \u00e0 vos c\u00f4t\u00e9s, chaque regard empli d&#039;une lueur d&#039;impatience.<\/span><\/p>\n<p><b>Apr\u00e8s-midi \u2013 Aventure ensemble<\/b><b><br \/>\n<\/b><span style=\"font-weight: 400;\"> Plus tard, l&#039;aventure continue. Vous partirez peut-\u00eatre en randonn\u00e9e en montagne, o\u00f9 elle vous guidera avec assurance, son \u00e9nergie contagieuse vous incitant \u00e0 explorer davantage. Ou vous passerez peut-\u00eatre l&#039;apr\u00e8s-midi \u00e0 naviguer le long de la c\u00f4te, le vent caressant ses cheveux, l&#039;excitation dans ses yeux rythmant les vagues. En hiver, imaginez-vous skier c\u00f4te \u00e0 c\u00f4te, partageant l&#039;adr\u00e9naline de la vitesse et l&#039;intimit\u00e9 d&#039;un moment de chaleur au coin du feu.<\/span><\/p>\n<p><b>Soir\u00e9e \u2013 \u00c9l\u00e9gance et Sensualit\u00e9<\/b><b><br \/>\n<\/b><span style=\"font-weight: 400;\"> Au coucher du soleil, elle se m\u00e9tamorphose, passant de muse sportive \u00e0 femme \u00e9l\u00e9gante. V\u00eatue d&#039;une robe sophistiqu\u00e9e, elle vous rejoint pour d\u00eener dans un restaurant \u00e9toil\u00e9. La conversation coule de source\u00a0: l&#039;escorte sportive est non seulement en forme, mais aussi cultiv\u00e9e, intelligente et pleine de charme. L&#039;alchimie entre vous s&#039;intensifie \u00e0 chaque verre de vin, \u00e0 chaque contact sous la table, \u00e0 chaque regard \u00e9chang\u00e9 qui s&#039;\u00e9ternise.<\/span><\/p>\n<p><b>Nuit \u2013 Passion et \u00c9nergie<\/b><b><br \/>\n<\/b><span style=\"font-weight: 400;\"> \u00c0 la nuit tomb\u00e9e, son \u00e9nergie athl\u00e9tique se transforme en pure passion. La m\u00eame vitalit\u00e9 qui l&#039;a port\u00e9e tout au long de la journ\u00e9e nourrit d\u00e9sormais l&#039;intimit\u00e9. Espi\u00e8gle, intense et profond\u00e9ment connect\u00e9e, elle rend la nuit inoubliable. Avec un <\/span><b>Escorte sportive<\/b><span style=\"font-weight: 400;\">, les pr\u00e9liminaires ressemblent \u00e0 une danse, et chaque instant est impr\u00e9gn\u00e9 du rythme du d\u00e9sir.<\/span><\/p>\n<h3><b>Les qualit\u00e9s qui rendent une escorte sportive inoubliable<\/b><\/h3>\n<p><span style=\"font-weight: 400;\">Une <\/span><b>Escorte sportive<\/b><span style=\"font-weight: 400;\"> est inoubliable non seulement pour son physique mais aussi pour la fa\u00e7on dont elle incarne la vitalit\u00e9 dans tous les sens du terme :<\/span><\/p>\n<ul>\n<li style=\"font-weight: 400;\" aria-level=\"1\"><b>Physique tonique et f\u00e9minin<\/b><span style=\"font-weight: 400;\"> \u2013 Son corps est le r\u00e9sultat de l\u2019\u00e9quilibre, de la sant\u00e9 et de la passion.<\/span><\/li>\n<li style=\"font-weight: 400;\" aria-level=\"1\"><b>Confiance et assurance en soi<\/b><span style=\"font-weight: 400;\"> \u2013 Son bien-\u00eatre dans sa peau la rend magn\u00e9tique.<\/span><\/li>\n<li style=\"font-weight: 400;\" aria-level=\"1\"><b>Discipline et ambition<\/b><span style=\"font-weight: 400;\"> \u2013 Elle sait ce qu\u2019elle veut et elle le vit avec intensit\u00e9.<\/span><\/li>\n<li style=\"font-weight: 400;\" aria-level=\"1\"><b>Esprit ludique<\/b><span style=\"font-weight: 400;\"> \u2013 Elle ne perd jamais son sens de l\u2019humour, rendant chaque instant nouveau.<\/span><\/li>\n<li style=\"font-weight: 400;\" aria-level=\"1\"><b>Style de vie aventureux<\/b><span style=\"font-weight: 400;\"> \u2013 Du yoga au surf, du ski \u00e0 la voile, elle se nourrit de d\u00e9couvertes.<\/span><\/li>\n<li style=\"font-weight: 400;\" aria-level=\"1\"><b>Sensualit\u00e9 naturelle<\/b><span style=\"font-weight: 400;\"> \u2013 Son \u00e9nergie se porte dans l\u2019intimit\u00e9, o\u00f9 elle est aussi passionn\u00e9e que raffin\u00e9e.<\/span><\/li>\n<\/ul>\n<p><span style=\"font-weight: 400;\">C&#039;est une femme qui inspire, qui vous rappelle de vivre pleinement, de savourer chaque instant, de vous abandonner \u00e0 la passion.<\/span><\/p>\n<h3><b>Destinations pour des rencontres sportives<\/b><\/h3>\n<ul>\n<li style=\"font-weight: 400;\" aria-level=\"1\"><b>Barcelone et Marbella<\/b><span style=\"font-weight: 400;\"> \u2013 Parfait pour les courses en bord de mer, les sorties en voilier et les sports nautiques, suivis de soir\u00e9es sensuelles au bord de la mer.<\/span><\/li>\n<li style=\"font-weight: 400;\" aria-level=\"1\"><b>Madrid<\/b><span style=\"font-weight: 400;\"> \u2013 Une \u00e9nergie cosmopolite \u00e9quilibr\u00e9e par des escapades bien-\u00eatre, du yoga sur les toits aux retraites cach\u00e9es.<\/span><\/li>\n<li style=\"font-weight: 400;\" aria-level=\"1\"><b>Ibiza<\/b><span style=\"font-weight: 400;\"> \u2013 L&#039;\u00eele de la libert\u00e9, o\u00f9 les journ\u00e9es sportives de paddle ou de randonn\u00e9e se transforment en nuits de danse et d&#039;intimit\u00e9. Nos escortes sportives sont les compagnons parfaits pour des soir\u00e9es exclusives \u00e0 Ibiza. D\u00e9couvrez les meilleurs \u00e9v\u00e9nements ici\u00a0: <a class=\"decorated-link\" href=\"https:\/\/www.ibiza-spotlight.de\/night\/events\" target=\"_new\" rel=\"noopener\" data-start=\"637\" data-end=\"699\">Pleins feux sur Ibiza<\/a>.<\/span><\/li>\n<li style=\"font-weight: 400;\" aria-level=\"1\"><b>Les Alpes et les Pyr\u00e9n\u00e9es<\/b><span style=\"font-weight: 400;\"> \u2013 Des aventures de ski le jour, des chemin\u00e9es chaleureuses et une intimit\u00e9 passionn\u00e9e la nuit.<\/span><\/li>\n<li style=\"font-weight: 400;\" aria-level=\"1\"><b>Escapades exotiques<\/b><span style=\"font-weight: 400;\"> \u2013 Surf \u00e0 Bali, retraites de yoga au Costa Rica ou plong\u00e9e aux Maldives, o\u00f9 sport et sensualit\u00e9 se marient harmonieusement.<\/span><\/li>\n<\/ul>\n<p><span style=\"font-weight: 400;\">Une <\/span><b>Escorte sportive<\/b><span style=\"font-weight: 400;\"> Elle fait de chaque destination plus qu&#039;un simple lieu\u00a0: elle en fait une exp\u00e9rience impr\u00e9gn\u00e9e de vitalit\u00e9, d&#039;\u00e9l\u00e9gance et de d\u00e9sir. Et pour les gentlemen qui souhaitent doubler leurs \u00e9motions, notre offre exclusive <a href=\"https:\/\/onekind-escort.com\/fr\/perfect-match\/duo-escort-dates\/\">service d&#039;escorte en duo<\/a> offre le m\u00e9lange parfait de passion, de connexion et d&#039;alchimie inoubliable.<\/span><\/p>\n<h3><b>Conclusion : Sport, S\u00e9duction &amp; \u00c9nergie Sensuelle<\/b><\/h3>\n<p><span style=\"font-weight: 400;\">\u00catre avec un <\/span><b>Escorte sportive<\/b><span style=\"font-weight: 400;\"> Ce n&#039;est pas seulement une question de beaut\u00e9 ou de forme physique\u00a0; c&#039;est aussi la fa\u00e7on dont elle vous fait vous sentir. Elle insuffle \u00e9nergie, passion et authenticit\u00e9 \u00e0 chaque instant. Avec elle, vous ne partagez pas seulement un d\u00eener ou un week-end\u00a0: vous partagez des aventures, des rires et une intimit\u00e9 qui laissent des souvenirs imp\u00e9rissables.<\/span><\/p>\n<p><span style=\"font-weight: 400;\">Elle incarne l&#039;\u00e9l\u00e9gance en mouvement, le d\u00e9sir envelopp\u00e9 de vitalit\u00e9 et l&#039;\u00e9tincelle qui transforme une journ\u00e9e ordinaire en une histoire extraordinaire. Pour l&#039;homme en qu\u00eate de fra\u00eecheur, d&#039;authenticit\u00e9 et de passion, une <\/span><b>Escorte sportive<\/b><span style=\"font-weight: 400;\"> ce n\u2019est pas simplement un rendez-vous \u2013 elle est la muse inoubliable du corps et de l\u2019\u00e2me.<\/span><\/p>\n<p>&nbsp;<\/p>","protected":false},"excerpt":{"rendered":"<p>Introduction: The Magnetic Energy of a Sporty Escort The sun is rising over the Mediterranean, painting the sky in shades of orange and pink. You are not alone; beside you, a stunning woman runs gracefully along the beach, her laughter carried by the breeze. Her movements are fluid, confident, and full of life. After the [&hellip;]<\/p>\n","protected":false},"author":1,"featured_media":90256,"parent":89474,"menu_order":0,"comment_status":"closed","ping_status":"closed","template":"","meta":{"_acf_changed":false,"footnotes":""},"class_list":["post-90010","page","type-page","status-publish","has-post-thumbnail","hentry"],"acf":[],"_links":{"self":[{"href":"https:\/\/onekind-escort.com\/fr\/wp-json\/wp\/v2\/pages\/90010","targetHints":{"allow":["GET"]}}],"collection":[{"href":"https:\/\/onekind-escort.com\/fr\/wp-json\/wp\/v2\/pages"}],"about":[{"href":"https:\/\/onekind-escort.com\/fr\/wp-json\/wp\/v2\/types\/page"}],"author":[{"embeddable":true,"href":"https:\/\/onekind-escort.com\/fr\/wp-json\/wp\/v2\/users\/1"}],"replies":[{"embeddable":true,"href":"https:\/\/onekind-escort.com\/fr\/wp-json\/wp\/v2\/comments?post=90010"}],"version-history":[{"count":10,"href":"https:\/\/onekind-escort.com\/fr\/wp-json\/wp\/v2\/pages\/90010\/revisions"}],"predecessor-version":[{"id":90849,"href":"https:\/\/onekind-escort.com\/fr\/wp-json\/wp\/v2\/pages\/90010\/revisions\/90849"}],"up":[{"embeddable":true,"href":"https:\/\/onekind-escort.com\/fr\/wp-json\/wp\/v2\/pages\/89474"}],"wp:featuredmedia":[{"embeddable":true,"href":"https:\/\/onekind-escort.com\/fr\/wp-json\/wp\/v2\/media\/90256"}],"wp:attachment":[{"href":"https:\/\/onekind-escort.com\/fr\/wp-json\/wp\/v2\/media?parent=90010"}],"curies":[{"name":"wp","href":"https:\/\/api.w.org\/{rel}","templated":true}]}}