{"id":90012,"date":"2025-09-11T17:22:44","date_gmt":"2025-09-11T17:22:44","guid":{"rendered":"https:\/\/onekind-escort.com\/?page_id=90012"},"modified":"2025-10-04T13:51:09","modified_gmt":"2025-10-04T13:51:09","slug":"newcomer-escort-spain-europe","status":"publish","type":"page","link":"https:\/\/onekind-escort.com\/fr\/perfect-match\/newcomer-escort-spain-europe\/","title":{"rendered":"Escorte d\u00e9butante \u2013 Le frisson de la fra\u00eecheur et de la d\u00e9couverte"},"content":{"rendered":"<h3><b>Introduction : L&#039;excitation de rencontrer une nouvelle escorte<\/b><\/h3>\n<p><span style=\"font-weight: 400;\">Un d\u00eener priv\u00e9 dans un restaurant \u00e9l\u00e9gant. La lueur des bougies vacille, projetant de douces ombres sur la table. Elle entre dans la pi\u00e8ce, une pointe de timidit\u00e9 dans le regard, mais sa beaut\u00e9 et son authenticit\u00e9 sont ind\u00e9niables. Son sourire est chaleureux, son rire sinc\u00e8re, et chaque regard est comme un secret \u00e0 r\u00e9v\u00e9ler. C&#039;est votre premi\u00e8re soir\u00e9e avec une <\/span><b>Escorte pour nouveaux arrivants<\/b><span style=\"font-weight: 400;\">.Une femme nouvelle dans le monde de la compagnie de luxe, o\u00f9 l&#039;innocence rencontre la curiosit\u00e9 et l&#039;\u00e9l\u00e9gance se m\u00eale au d\u00e9sir.<\/span><\/p>\n<p><span style=\"font-weight: 400;\">Il y a quelque chose d&#039;unique et de captivant chez une femme qui d\u00e9bute son parcours. Elle n&#039;a peut-\u00eatre pas des ann\u00e9es d&#039;exp\u00e9rience, mais ce qu&#039;elle offre est souvent encore plus puissant\u00a0: fra\u00eecheur, authenticit\u00e9 et le frisson enivrant de la d\u00e9couverte.<\/span><\/p>\n<p>&nbsp;<\/p>\n<p><img loading=\"lazy\" decoding=\"async\" class=\"size-medium wp-image-89269 aligncenter\" src=\"https:\/\/onekind-escort.com\/wp-content\/uploads\/2025\/08\/OK9_Logo_3_CENSORED-300x200.jpg\" alt=\"\" width=\"300\" height=\"200\" srcset=\"https:\/\/onekind-escort.com\/wp-content\/uploads\/2025\/08\/OK9_Logo_3_CENSORED-300x200.jpg 300w, https:\/\/onekind-escort.com\/wp-content\/uploads\/2025\/08\/OK9_Logo_3_CENSORED-1024x683.jpg 1024w, https:\/\/onekind-escort.com\/wp-content\/uploads\/2025\/08\/OK9_Logo_3_CENSORED-768x512.jpg 768w, https:\/\/onekind-escort.com\/wp-content\/uploads\/2025\/08\/OK9_Logo_3_CENSORED-1536x1024.jpg 1536w, https:\/\/onekind-escort.com\/wp-content\/uploads\/2025\/08\/OK9_Logo_3_CENSORED-18x12.jpg 18w, https:\/\/onekind-escort.com\/wp-content\/uploads\/2025\/08\/OK9_Logo_3_CENSORED.jpg 1920w\" sizes=\"auto, (max-width: 300px) 100vw, 300px\" \/><\/p>\n<p>&nbsp;<\/p>\n<h3><b>Qu&#039;est-ce qui d\u00e9finit une escorte d\u00e9butante ?<\/b><\/h3>\n<p><span style=\"font-weight: 400;\">Une <\/span><b>Escorte pour nouveaux arrivants<\/b><span style=\"font-weight: 400;\"> n&#039;est pas simplement \u00ab nouvelle \u00bb. C&#039;est une femme qui aborde le monde de la compagnie avec \u00e9l\u00e9gance, curiosit\u00e9 et un d\u00e9sir sinc\u00e8re de cr\u00e9er des liens. Elle apporte une authenticit\u00e9 rafra\u00eechissante\u00a0; ses gestes sont spontan\u00e9s, son rire naturel et sa sensualit\u00e9 naturelle, sans \u00eatre trop rab\u00e2ch\u00e9e.<\/span><\/p>\n<p><span style=\"font-weight: 400;\">Contrairement aux escortes exp\u00e9riment\u00e9es, qui peuvent arborer un raffinement et une sophistication affin\u00e9s au fil du temps, une nouvelle venue incarne quelque chose de diff\u00e9rent\u00a0: l&#039;\u00e9tincelle des d\u00e9buts. Une nouvelle escorte aborde chaque rencontre comme une occasion d&#039;apprendre, d&#039;explorer et de savourer. Ce m\u00e9lange de curiosit\u00e9 et d&#039;\u00e9l\u00e9gance fait d&#039;elle une muse incontournable pour les hommes en qu\u00eate de beaut\u00e9 et d&#039;authenticit\u00e9.<\/span><\/p>\n<h3><b>L&#039;attrait des premi\u00e8res exp\u00e9riences<\/b><\/h3>\n<p><span style=\"font-weight: 400;\">Pourquoi les gentlemen sont-ils si fascin\u00e9s par les nouveaux venus\u00a0? La r\u00e9ponse r\u00e9side dans le pouvoir de la nouveaut\u00e9. Les premi\u00e8res exp\u00e9riences sont d&#039;une intensit\u00e9 difficile \u00e0 reproduire. <\/span><b>Escorte pour nouveaux arrivants<\/b><span style=\"font-weight: 400;\"> On peut rougir \u00e0 un compliment, h\u00e9siter un instant avant un baiser, ou rire nerveusement lorsque la passion commence \u00e0 se manifester. Et pourtant, ces instants, ces petits signes de nouveaut\u00e9, rendent la rencontre inoubliable.<\/span><\/p>\n<ul>\n<li style=\"font-weight: 400;\" aria-level=\"1\"><b>L&#039;innocence rencontre la sensualit\u00e9<\/b><span style=\"font-weight: 400;\"> \u2013 Elle peut \u00eatre timide au d\u00e9but, mais sa curiosit\u00e9 se transforme rapidement en passion.<\/span><\/li>\n<li style=\"font-weight: 400;\" aria-level=\"1\"><b>L&#039;anticipation intensifie le d\u00e9sir<\/b><span style=\"font-weight: 400;\"> \u2013 Chaque geste semble amplifi\u00e9 lorsqu\u2019il est frais et non pratiqu\u00e9.<\/span><\/li>\n<li style=\"font-weight: 400;\" aria-level=\"1\"><b>Un voyage partag\u00e9<\/b><span style=\"font-weight: 400;\"> \u2013 Avec un nouveau venu, vous appr\u00e9ciez non seulement sa pr\u00e9sence, mais vous le guidez \u00e9galement dans sa d\u00e9couverte, rendant l\u2019exp\u00e9rience profond\u00e9ment personnelle.<\/span><\/li>\n<\/ul>\n<p><span style=\"font-weight: 400;\">Pour beaucoup d\u2019hommes, l\u2019attrait r\u00e9side dans l\u2019\u00e9quilibre d\u00e9licat entre l\u2019\u00e9l\u00e9gance et l\u2019inexp\u00e9rience, entre le raffinement et la beaut\u00e9 brute de l\u2019authenticit\u00e9.<\/span><\/p>\n<p>&nbsp;<\/p>\n<p><img loading=\"lazy\" decoding=\"async\" class=\"size-medium wp-image-89090 aligncenter\" src=\"https:\/\/onekind-escort.com\/wp-content\/uploads\/2025\/08\/E59E38DD-1C79-4AB8-9D93-A0CCA658B38B-225x300.jpeg\" alt=\"\" width=\"225\" height=\"300\" srcset=\"https:\/\/onekind-escort.com\/wp-content\/uploads\/2025\/08\/E59E38DD-1C79-4AB8-9D93-A0CCA658B38B-225x300.jpeg 225w, https:\/\/onekind-escort.com\/wp-content\/uploads\/2025\/08\/E59E38DD-1C79-4AB8-9D93-A0CCA658B38B-768x1024.jpeg 768w, https:\/\/onekind-escort.com\/wp-content\/uploads\/2025\/08\/E59E38DD-1C79-4AB8-9D93-A0CCA658B38B-1152x1536.jpeg 1152w, https:\/\/onekind-escort.com\/wp-content\/uploads\/2025\/08\/E59E38DD-1C79-4AB8-9D93-A0CCA658B38B-9x12.jpeg 9w, https:\/\/onekind-escort.com\/wp-content\/uploads\/2025\/08\/E59E38DD-1C79-4AB8-9D93-A0CCA658B38B.jpeg 1284w\" sizes=\"auto, (max-width: 225px) 100vw, 225px\" \/><\/p>\n<p>&nbsp;<\/p>\n<h3><b>Imaginer un rendez-vous avec une escorte nouvelle venue<\/b><\/h3>\n<p><b>Le premier d\u00eener<\/b><b><br \/>\n<\/b><span style=\"font-weight: 400;\"> Imaginez-vous assis en face d&#039;elle dans un style \u00e9l\u00e9gant <a href=\"https:\/\/guide.michelin.com\/en\/es\/restaurants\" rel=\"noopener\">restaurant \u00e0 Madrid ou Barcelone<\/a>Au d\u00e9but, sa voix est douce, ses yeux baiss\u00e9s lorsqu&#039;on complimente sa tenue. Mais bient\u00f4t, la conversation s&#039;engage, elle est curieuse, attentive, avide d&#039;\u00e9coute, et son charme naturel vous fait oublier le monde qui vous entoure.<\/span><\/p>\n<p><b>L&#039;\u00e9tincelle de la chimie<\/b><b><br \/>\n<\/b><span style=\"font-weight: 400;\"> \u00c0 mesure que la soir\u00e9e avance, la timidit\u00e9 initiale s&#039;estompe. Un rire enjou\u00e9 s&#039;\u00e9chappe de ses l\u00e8vres, et son regard s&#039;attarde un peu plus sur le v\u00f4tre \u00e0 chaque fois. Elle se penche plus pr\u00e8s, son parfum enivrant, sa main effleurant la v\u00f4tre \u00ab\u00a0par accident\u00a0\u00bb. \u00c0 cet instant, vous ressentez la d\u00e9licieuse tension de l&#039;anticipation.<\/span><\/p>\n<p><b>De la nervosit\u00e9 \u00e0 la passion<\/b><b><br \/>\n<\/b><span style=\"font-weight: 400;\"> Plus tard, dans l&#039;intimit\u00e9 de votre suite, l&#039;atmosph\u00e8re change. Elle rougit peut-\u00eatre au premier baiser, mais bient\u00f4t sa curiosit\u00e9 et sa passion s&#039;enflamment. Sa sensualit\u00e9 est brute, et pourtant c&#039;est ce qui la rend irr\u00e9sistible. L&#039;honn\u00eatet\u00e9, l&#039;intensit\u00e9, le sentiment que chaque contact est r\u00e9el et unique.<\/span><\/p>\n<p><span style=\"font-weight: 400;\">C&#039;est la magie d&#039;\u00eatre avec un <\/span><b>Escorte pour nouveaux arrivants<\/b><span style=\"font-weight: 400;\">:vous ne partagez pas seulement la passion, mais vous assistez \u00e0 sa naissance, vous vivez le d\u00e9sir dans sa forme la plus pure et la plus authentique.<\/span><\/p>\n<h3><b>Qualit\u00e9s d&#039;une escorte d\u00e9butante<\/b><\/h3>\n<p><span style=\"font-weight: 400;\">Bien que chaque femme soit unique, les nouvelles venues partagent souvent des qualit\u00e9s qui les rendent particuli\u00e8rement charmantes :<\/span><\/p>\n<p>&nbsp;<\/p>\n<p><b>Beaut\u00e9 naturelle<\/b><span style=\"font-weight: 400;\"> \u2013 Frais, authentique et sans artifice.<\/span><\/p>\n<p><b>Curiosit\u00e9<\/b> \u2013 Une envie d\u2019explorer et d\u2019apprendre \u00e0 travers chaque rencontre.<\/p>\n<p><b>Authenticit\u00e9<\/b> \u2013 Des r\u00e9actions honn\u00eates, des sourires sinc\u00e8res et une sensualit\u00e9 sans filtre.<\/p>\n<p><b>Innocence ludique<\/b> \u2013 Une touche de timidit\u00e9 m\u00eal\u00e9e \u00e0 une \u00e9tincelle d\u2019audace.<\/p>\n<p><b>Sensualit\u00e9 brute<\/b> \u2013 Une passion brute, honn\u00eate et profond\u00e9ment personnelle.<\/p>\n<p><b>\u00c9l\u00e9gance et charme<\/b> \u2013 Une gr\u00e2ce naturelle qui rend sa pr\u00e9sence magn\u00e9tique.<\/p>\n<p>&nbsp;<\/p>\n<p><span style=\"font-weight: 400;\">Ces qualit\u00e9s font un <\/span><b>Escorte pour nouveaux arrivants<\/b><span style=\"font-weight: 400;\"> Inoubliable. Elle ne se d\u00e9finit pas par son exp\u00e9rience, mais par la fra\u00eecheur de son esprit.<\/span><\/p>\n<h3><b>Pourquoi les gentlemen choisissent une escorte pour d\u00e9butants<\/b><\/h3>\n<p><span style=\"font-weight: 400;\">Pour beaucoup d\u2019hommes, le choix d\u2019un <\/span><b>Escorte pour nouveaux arrivants<\/b><span style=\"font-weight: 400;\"> Il ne s&#039;agit pas de ce qu&#039;elle a accompli, mais de ce qu&#039;il lui reste \u00e0 d\u00e9couvrir. L&#039;excitation r\u00e9side dans l&#039;inconnu, dans la chance de partager quelque chose de nouveau avec quelqu&#039;un qui d\u00e9bute son voyage.<\/span><\/p>\n<p><b>La fra\u00eecheur plut\u00f4t que la routine<\/b><span style=\"font-weight: 400;\"> \u2013 Pour ceux qui vivent dans un monde de r\u00e9p\u00e9tition et de perfection, elle est l\u2019\u00e9tincelle de la nouveaut\u00e9.<\/span><\/p>\n<p><b>La joie de guider<\/b> \u2013 Beaucoup appr\u00e9cient la dynamique de diriger, d\u2019enseigner et de lui faire d\u00e9couvrir des exp\u00e9riences raffin\u00e9es.<\/p>\n<p><b>L&#039;authenticit\u00e9 avant tout<\/b> \u2013 Ses r\u00e9actions sont authentiques, son rire sinc\u00e8re, sa passion spontan\u00e9e.<\/p>\n<p><b>Des souvenirs qui semblent uniques<\/b> \u2013 Parce que tout est nouveau, chaque d\u00e9tail semble unique.<\/p>\n<p data-start=\"100\" data-end=\"413\">En fin de compte, la magie d&#039;une Escorte Naturelle ne r\u00e9side pas dans ce qu&#039;elle montre, mais dans ce qu&#039;elle est vraiment : authentique, sensuelle et inoubliable. Et pour ceux qui souhaitent sublimer l&#039;exp\u00e9rience, pourquoi ne pas allier son charme \u00e0 l&#039;attrait irr\u00e9sistible d&#039;une <a href=\"https:\/\/onekind-escort.com\/fr\/perfect-match\/exotic-escort-spain-europe\/\">Escorte exotique<\/a> pour une aventure vraiment unique ?<\/p>\n<h3><b>La magie d&#039;une escorte d\u00e9butante \u2013 Le point de vue d&#039;un gentleman<\/b><\/h3>\n<p><span style=\"font-weight: 400;\">Imaginez \u00eatre le premier homme \u00e0 lui prendre la main dans le hall d&#039;un h\u00f4tel de luxe, le premier \u00e0 commander son vin pr\u00e9f\u00e9r\u00e9 au d\u00eener, le premier \u00e0 la voir \u00e9carquiller les yeux \u00e0 la vue d&#039;une suite priv\u00e9e avec vue sur la ville. Ces moments sont puissants non pas par leur extravagance, mais par leur authenticit\u00e9.<\/span><\/p>\n<p><span style=\"font-weight: 400;\">Un gentleman qui choisit un <\/span><b>Escorte pour nouveaux arrivants<\/b><span style=\"font-weight: 400;\"> Il ne le fait pas par simple plaisir, mais par la magie de la d\u00e9couverte. Il comprend que la passion est plus intense lorsqu&#039;elle est nouvelle, que l&#039;intimit\u00e9 est plus palpitante lorsqu&#039;elle est teint\u00e9e d&#039;innocence, et que l&#039;\u00e9l\u00e9gance est plus captivante lorsqu&#039;elle est naturelle.<\/span><\/p>\n<p>&nbsp;<\/p>\n<p><img loading=\"lazy\" decoding=\"async\" class=\"size-medium wp-image-88005 aligncenter\" src=\"https:\/\/onekind-escort.com\/wp-content\/uploads\/2025\/04\/Foto-29.04.25-17-05-45-169x300.jpg\" alt=\"\" width=\"169\" height=\"300\" srcset=\"https:\/\/onekind-escort.com\/wp-content\/uploads\/2025\/04\/Foto-29.04.25-17-05-45-169x300.jpg 169w, https:\/\/onekind-escort.com\/wp-content\/uploads\/2025\/04\/Foto-29.04.25-17-05-45-576x1024.jpg 576w, https:\/\/onekind-escort.com\/wp-content\/uploads\/2025\/04\/Foto-29.04.25-17-05-45-768x1366.jpg 768w, https:\/\/onekind-escort.com\/wp-content\/uploads\/2025\/04\/Foto-29.04.25-17-05-45-864x1536.jpg 864w, https:\/\/onekind-escort.com\/wp-content\/uploads\/2025\/04\/Foto-29.04.25-17-05-45-1151x2048.jpg 1151w, https:\/\/onekind-escort.com\/wp-content\/uploads\/2025\/04\/Foto-29.04.25-17-05-45-7x12.jpg 7w, https:\/\/onekind-escort.com\/wp-content\/uploads\/2025\/04\/Foto-29.04.25-17-05-45-1140x2028.jpg 1140w, https:\/\/onekind-escort.com\/wp-content\/uploads\/2025\/04\/Foto-29.04.25-17-05-45-920x1636.jpg 920w, https:\/\/onekind-escort.com\/wp-content\/uploads\/2025\/04\/Foto-29.04.25-17-05-45-575x1023.jpg 575w, https:\/\/onekind-escort.com\/wp-content\/uploads\/2025\/04\/Foto-29.04.25-17-05-45-380x676.jpg 380w, https:\/\/onekind-escort.com\/wp-content\/uploads\/2025\/04\/Foto-29.04.25-17-05-45-800x1423.jpg 800w, https:\/\/onekind-escort.com\/wp-content\/uploads\/2025\/04\/Foto-29.04.25-17-05-45.jpg 1179w\" sizes=\"auto, (max-width: 169px) 100vw, 169px\" \/><\/p>\n<p>&nbsp;<\/p>\n<h3><b>Conclusion : Le frisson de la fra\u00eecheur et de la d\u00e9couverte<\/b><\/h3>\n<p><span style=\"font-weight: 400;\">Dans un monde o\u00f9 tant de choses peuvent sembler pr\u00e9visibles, un <\/span><b>Escorte pour nouveaux arrivants<\/b><span style=\"font-weight: 400;\"> Elle rappelle la beaut\u00e9 des d\u00e9buts. Elle incarne la fra\u00eecheur, l&#039;authenticit\u00e9 et la curiosit\u00e9 sensuelle, offrant des rencontres inoubliables pr\u00e9cis\u00e9ment parce qu&#039;elles sont brutes.<\/span><\/p>\n<p><span style=\"font-weight: 400;\">Pour l&#039;homme qui recherche plus que la routine, qui aspire \u00e0 des exp\u00e9riences qui semblent r\u00e9elles, uniques et personnelles, le <\/span><b>Escorte pour nouveaux arrivants<\/b><span style=\"font-weight: 400;\"> est la muse parfaite. Avec elle, chaque sourire, chaque contact, chaque regard devient un souvenir, non seulement \u00e0 cause de ce qui s&#039;est pass\u00e9, mais parce que c&#039;est arriv\u00e9 pour la premi\u00e8re fois.<\/span><\/p>\n<p><span style=\"font-weight: 400;\">Au final, ce qui la rend irr\u00e9sistible, ce n&#039;est pas l&#039;exp\u00e9rience, mais son absence. Elle incarne l&#039;\u00e9l\u00e9gance de la d\u00e9couverte, la sensualit\u00e9 du progr\u00e8s et, surtout, la promesse exaltante d&#039;une nouveaut\u00e9 totale.<\/span><\/p>\n<p>&nbsp;<\/p>","protected":false},"excerpt":{"rendered":"<p>Introduction: The Excitement of Meeting a Newcomer Escort A private dinner in an elegant restaurant. The candlelight flickers, casting soft shadows across the table. She enters the room with a touch of shyness in her eyes, yet her beauty and authenticity are undeniable. Her smile is warm, her laughter genuine, and every glance feels like [&hellip;]<\/p>\n","protected":false},"author":1,"featured_media":89214,"parent":89474,"menu_order":0,"comment_status":"closed","ping_status":"closed","template":"","meta":{"_acf_changed":false,"footnotes":""},"class_list":["post-90012","page","type-page","status-publish","has-post-thumbnail","hentry"],"acf":[],"_links":{"self":[{"href":"https:\/\/onekind-escort.com\/fr\/wp-json\/wp\/v2\/pages\/90012","targetHints":{"allow":["GET"]}}],"collection":[{"href":"https:\/\/onekind-escort.com\/fr\/wp-json\/wp\/v2\/pages"}],"about":[{"href":"https:\/\/onekind-escort.com\/fr\/wp-json\/wp\/v2\/types\/page"}],"author":[{"embeddable":true,"href":"https:\/\/onekind-escort.com\/fr\/wp-json\/wp\/v2\/users\/1"}],"replies":[{"embeddable":true,"href":"https:\/\/onekind-escort.com\/fr\/wp-json\/wp\/v2\/comments?post=90012"}],"version-history":[{"count":10,"href":"https:\/\/onekind-escort.com\/fr\/wp-json\/wp\/v2\/pages\/90012\/revisions"}],"predecessor-version":[{"id":90847,"href":"https:\/\/onekind-escort.com\/fr\/wp-json\/wp\/v2\/pages\/90012\/revisions\/90847"}],"up":[{"embeddable":true,"href":"https:\/\/onekind-escort.com\/fr\/wp-json\/wp\/v2\/pages\/89474"}],"wp:featuredmedia":[{"embeddable":true,"href":"https:\/\/onekind-escort.com\/fr\/wp-json\/wp\/v2\/media\/89214"}],"wp:attachment":[{"href":"https:\/\/onekind-escort.com\/fr\/wp-json\/wp\/v2\/media?parent=90012"}],"curies":[{"name":"wp","href":"https:\/\/api.w.org\/{rel}","templated":true}]}}