{"id":90014,"date":"2025-09-11T17:22:51","date_gmt":"2025-09-11T17:22:51","guid":{"rendered":"https:\/\/onekind-escort.com\/?page_id=90014"},"modified":"2025-10-04T08:54:09","modified_gmt":"2025-10-04T08:54:09","slug":"blonde-escort-spain-europa","status":"publish","type":"page","link":"https:\/\/onekind-escort.com\/fr\/perfect-match\/blonde-escort-spain-europa\/","title":{"rendered":"Escorte blonde \u2013 Le charme \u00e9ternel de l&#039;\u00e9l\u00e9gance et du d\u00e9sir"},"content":{"rendered":"<h3><b>L&#039;attrait intemporel d&#039;une escorte blonde<\/b><\/h3>\n<p><span style=\"font-weight: 400;\">Un bar sur un toit-terrasse \u00e0 Barcelone, faiblement \u00e9clair\u00e9. Le ciel nocturne scintille au-dessus, la ville bourdonne doucement en contrebas, et une femme assise \u00e0 la table, dont les cheveux blonds refl\u00e8tent la lumi\u00e8re comme de la soie, se penche en avant, un sourire radieux aux l\u00e8vres, le regard malicieux, la pr\u00e9sence magn\u00e9tique. Chaque mouvement est gracieux, chaque regard une invitation \u00e0 plonger plus profond\u00e9ment dans le myst\u00e8re de son charme.<\/span><\/p>\n<p><span style=\"font-weight: 400;\">C&#039;est l&#039;exp\u00e9rience de rencontrer un <\/span><b>Escorte blonde<\/b><span style=\"font-weight: 400;\">. Une femme qui incarne \u00e0 la fois sophistication et tentation. Depuis des g\u00e9n\u00e9rations, les blondes captivent l&#039;imagination des gentlemen, incarnant une beaut\u00e9 radieuse, espi\u00e8gle et irr\u00e9sistiblement s\u00e9duisante. Mais au-del\u00e0 des apparences, une compagne blonde offre bien plus que de la fantaisie\u00a0: elle offre connexion, \u00e9l\u00e9gance et le frisson d&#039;une intimit\u00e9 tiss\u00e9e de lumi\u00e8re et de feu.<\/span><\/p>\n<p><img loading=\"lazy\" decoding=\"async\" class=\"size-medium wp-image-89616 aligncenter\" src=\"https:\/\/onekind-escort.com\/wp-content\/uploads\/2025\/08\/OK6_Logo_1_CENSORED-200x300.jpg\" alt=\"\" width=\"200\" height=\"300\" srcset=\"https:\/\/onekind-escort.com\/wp-content\/uploads\/2025\/08\/OK6_Logo_1_CENSORED-200x300.jpg 200w, https:\/\/onekind-escort.com\/wp-content\/uploads\/2025\/08\/OK6_Logo_1_CENSORED-683x1024.jpg 683w, https:\/\/onekind-escort.com\/wp-content\/uploads\/2025\/08\/OK6_Logo_1_CENSORED-768x1152.jpg 768w, https:\/\/onekind-escort.com\/wp-content\/uploads\/2025\/08\/OK6_Logo_1_CENSORED-1024x1536.jpg 1024w, https:\/\/onekind-escort.com\/wp-content\/uploads\/2025\/08\/OK6_Logo_1_CENSORED-8x12.jpg 8w, https:\/\/onekind-escort.com\/wp-content\/uploads\/2025\/08\/OK6_Logo_1_CENSORED.jpg 1280w\" sizes=\"auto, (max-width: 200px) 100vw, 200px\" \/><\/p>\n<h3><b>Qu&#039;est-ce qui d\u00e9finit une escorte blonde ?<\/b><\/h3>\n<p><span style=\"font-weight: 400;\">Une <\/span><b>Escorte blonde<\/b><span style=\"font-weight: 400;\"> Bien plus que sa couleur de cheveux. Certes, ses cheveux blonds scintillent comme le soleil, mais ce qui la d\u00e9finit, c&#039;est l&#039;\u00e9nergie qu&#039;elle d\u00e9gage \u00e0 chaque instant. Elle incarne l&#039;\u00e9l\u00e9gance, le charisme et la sensualit\u00e9.<\/span><\/p>\n<p><span style=\"font-weight: 400;\">Les blondes ont souvent une allure double\u00a0: d\u2019un c\u00f4t\u00e9, une innocence, une douceur et un charme ang\u00e9lique\u00a0; de l\u2019autre, une \u00e9tincelle d\u2019audace et de sensualit\u00e9. C\u2019est ce contraste qui les rend si captivantes\u00a0: cette capacit\u00e9 \u00e0 para\u00eetre d\u00e9licates tout en poss\u00e9dant une force int\u00e9rieure et une passion qui surprennent.<\/span><\/p>\n<p><span style=\"font-weight: 400;\">Son charme est universel. Lors d&#039;un d\u00eener de gala, elle rayonne de sophistication\u00a0; sur la piste de danse, elle r\u00e9v\u00e8le son c\u00f4t\u00e9 espi\u00e8gle\u00a0; en priv\u00e9, elle devient une muse d&#039;une intimit\u00e9 irr\u00e9sistible.<\/span><\/p>\n<h3><b>Le pouvoir f\u00e9minin des compagnes blondes<\/b><\/h3>\n<p><span style=\"font-weight: 400;\">Il y a une raison pour laquelle l&#039;image de la muse blonde est embl\u00e9matique de la culture, de la mode et du cin\u00e9ma. <\/span><b>Escorte blonde<\/b><span style=\"font-weight: 400;\"> Elle incarne l&#039;\u00e9clat, attirant l&#039;attention non seulement par sa beaut\u00e9, mais aussi par l&#039;assurance qu&#039;elle d\u00e9gage. Son sourire illumine n&#039;importe quelle pi\u00e8ce et sa pr\u00e9sence force l&#039;admiration.<\/span><\/p>\n<p><span style=\"font-weight: 400;\">Mais au-del\u00e0 du glamour, les blondes ont souvent une touche d&#039;espi\u00e8glerie. Elles apportent rire, spontan\u00e9it\u00e9 et l\u00e9g\u00e8ret\u00e9 \u00e0 chaque rencontre. Cet \u00e9quilibre entre \u00e9l\u00e9gance en public et audace sensuelle en priv\u00e9 en fait des compagnes inoubliables.<\/span><\/p>\n<ul>\n<li style=\"font-weight: 400;\" aria-level=\"1\"><b>\u00c9clat et \u00e9l\u00e9gance<\/b><span style=\"font-weight: 400;\"> \u2013 L\u2019\u00e9clat dor\u00e9 des cheveux blonds a longtemps \u00e9t\u00e9 associ\u00e9 au glamour, \u00e0 la sophistication et \u00e0 l\u2019attrait.<\/span><\/li>\n<li style=\"font-weight: 400;\" aria-level=\"1\"><b>Espi\u00e8glerie et malice<\/b><span style=\"font-weight: 400;\"> \u2013 Sous l\u2019\u00e9l\u00e9gance se cache une \u00e9tincelle de malice, transformant les d\u00eeners en aventures et les conversations en pr\u00e9liminaires.<\/span><\/li>\n<li style=\"font-weight: 400;\" aria-level=\"1\"><b>Confiance et sensualit\u00e9<\/b><span style=\"font-weight: 400;\"> \u2013 Une compagne blonde conna\u00eet son charme, mais elle l\u2019utilise avec gr\u00e2ce, m\u00ealant s\u00e9duction et authenticit\u00e9.<\/span><\/li>\n<\/ul>\n<p><span style=\"font-weight: 400;\">Les hommes du monde entier sont attir\u00e9s par les blondes non seulement en raison de leur beaut\u00e9, mais aussi en raison de l\u2019\u00e9nergie, de la confiance et du jeu sensuel qu\u2019elles incarnent.<\/span><\/p>\n<p><img loading=\"lazy\" decoding=\"async\" class=\"size-medium wp-image-89134 aligncenter\" src=\"https:\/\/onekind-escort.com\/wp-content\/uploads\/2025\/08\/ALEXIA_4_LOGO_CENSORED_B-200x300.jpg\" alt=\"\" width=\"200\" height=\"300\" srcset=\"https:\/\/onekind-escort.com\/wp-content\/uploads\/2025\/08\/ALEXIA_4_LOGO_CENSORED_B-200x300.jpg 200w, https:\/\/onekind-escort.com\/wp-content\/uploads\/2025\/08\/ALEXIA_4_LOGO_CENSORED_B-683x1024.jpg 683w, https:\/\/onekind-escort.com\/wp-content\/uploads\/2025\/08\/ALEXIA_4_LOGO_CENSORED_B-768x1152.jpg 768w, https:\/\/onekind-escort.com\/wp-content\/uploads\/2025\/08\/ALEXIA_4_LOGO_CENSORED_B-1024x1536.jpg 1024w, https:\/\/onekind-escort.com\/wp-content\/uploads\/2025\/08\/ALEXIA_4_LOGO_CENSORED_B-8x12.jpg 8w, https:\/\/onekind-escort.com\/wp-content\/uploads\/2025\/08\/ALEXIA_4_LOGO_CENSORED_B.jpg 1280w\" sizes=\"auto, (max-width: 200px) 100vw, 200px\" \/><\/p>\n<h3><b>Un rendez-vous sensuel avec une escorte blonde \u2013 Imaginez l&#039;exp\u00e9rience<\/b><\/h3>\n<p><b>Le premier coup d&#039;\u0153il<\/b><b><br \/>\n<\/b><span style=\"font-weight: 400;\"> La soir\u00e9e commence dans un restaurant chic de Madrid. Elle entre avec \u00e9l\u00e9gance, ses cheveux blonds flottant doucement sur ses \u00e9paules, sa robe attirant le regard de tous les convives. Pourtant, lorsqu&#039;elle vous sourit, on a l&#039;impression que la salle enti\u00e8re dispara\u00eet.<\/span><\/p>\n<p><b>Conversation et chimie<\/b><b><br \/>\n<\/b><span style=\"font-weight: 400;\"> Autour d&#039;un verre de vin et de rires, vous d\u00e9couvrez que son charme va bien au-del\u00e0 des apparences. Elle parle avec intelligence, humour et chaleur. Chaque contact de sa main, chaque mouvement de sa t\u00eate, suscite l&#039;impatience. L&#039;alchimie est ind\u00e9niable \u2013 pas pr\u00e9cipit\u00e9e, mais naturelle, comme un rythme que vous connaissez d\u00e9j\u00e0 tous les deux.<\/span><\/p>\n<p><b>L&#039;aventure au-del\u00e0 du d\u00eener<\/b><b><br \/>\n<\/b><span style=\"font-weight: 400;\"> Plus tard, vous arrivez sur un toit-terrasse surplombant la ville. Le champagne p\u00e9tille, ses yeux aussi. L&#039;air nocturne est chaud, et lorsqu&#039;elle se penche, ses cheveux blonds effleurent votre joue. Le monde semble suspendu \u00e0 cet instant \u2013 un m\u00e9lange d&#039;\u00e9l\u00e9gance, de rire et de d\u00e9sir naissant.<\/span><\/p>\n<p><b>Intimit\u00e9 priv\u00e9e<\/b><b><br \/>\n<\/b><span style=\"font-weight: 400;\"> Derri\u00e8re les portes closes, son \u00e9nergie se transforme. L&#039;innocence espi\u00e8gle que vous admiriez au d\u00eener se transforme en sensualit\u00e9 brute. Chaque baiser, chaque contact, porte la m\u00eame luminosit\u00e9 que sa beaut\u00e9 promettait. Avec un <\/span><b>Escorte blonde<\/b><span style=\"font-weight: 400;\">, l\u2019intimit\u00e9 est \u00e0 la fois raffin\u00e9e et \u00e9lectrique \u2013 une fusion inoubliable de lumi\u00e8re et de feu.<\/span><\/p>\n<h3><b>Les qualit\u00e9s qui rendent les escortes blondes irr\u00e9sistibles<\/b><\/h3>\n<ul>\n<li style=\"font-weight: 400;\" aria-level=\"1\"><b>Beaut\u00e9 radieuse<\/b><span style=\"font-weight: 400;\"> \u2013 Des cheveux blonds qui captent la lumi\u00e8re et l\u2019attention sans effort.<\/span><\/li>\n<li style=\"font-weight: 400;\" aria-level=\"1\"><b>Pr\u00e9sence magn\u00e9tique<\/b><span style=\"font-weight: 400;\"> \u2013 Une aura qui fait d\u2019elle le centre de chaque pi\u00e8ce.<\/span><\/li>\n<li style=\"font-weight: 400;\" aria-level=\"1\"><b>Innocence ludique<\/b><span style=\"font-weight: 400;\"> \u2013 La douceur qui charme d\u00e8s le premier regard.<\/span><\/li>\n<li style=\"font-weight: 400;\" aria-level=\"1\"><b>Feu s\u00e9duisant<\/b><span style=\"font-weight: 400;\"> \u2013 Une passion qui surprend et excite derri\u00e8re des portes closes.<\/span><\/li>\n<li style=\"font-weight: 400;\" aria-level=\"1\"><b>Charme glamour<\/b><span style=\"font-weight: 400;\"> \u2013 L\u2019\u00e9l\u00e9gance d\u2019une femme qui conna\u00eet son pouvoir mais reste authentique.<\/span><\/li>\n<li style=\"font-weight: 400;\" aria-level=\"1\"><b>Confiance et charisme<\/b><span style=\"font-weight: 400;\"> \u2013 Un m\u00e9lange rare de sophistication et de facilit\u00e9 naturelle.<\/span><\/li>\n<\/ul>\n<p><span style=\"font-weight: 400;\">Une <\/span><b>Escorte blonde<\/b><span style=\"font-weight: 400;\"> est inoubliable non seulement pour son apparence mais aussi pour la fa\u00e7on dont elle incarne les contrastes : l\u2019innocence et la s\u00e9duction, l\u2019\u00e9l\u00e9gance et la malice, la sophistication et le jeu.<\/span><\/p>\n<h3><b>Fantasmes d&#039;escortes blondes<\/b><\/h3>\n<p><span style=\"font-weight: 400;\">Depuis des g\u00e9n\u00e9rations, l&#039;attrait de la <\/span><b>Escorte blonde<\/b><span style=\"font-weight: 400;\"> s&#039;est tiss\u00e9 dans des fantasmes intemporels. Les gentlemen imaginent l&#039;\u00e9l\u00e9gance d&#039;un d\u00eener intime avec une blonde glamour, son rire emplissant la pi\u00e8ce tandis que ses cheveux blonds refl\u00e8tent la lumi\u00e8re des bougies. Le simple fait qu&#039;elle se penche plus pr\u00e8s, son parfum flottant dans l&#039;air, donne l&#039;impression d&#039;un fantasme devenu r\u00e9alit\u00e9. <\/span>Et pour ceux qui d\u00e9sirent pousser l&#039;exp\u00e9rience encore plus loin, notre exclusivit\u00e9 <a href=\"https:\/\/onekind-escort.com\/fr\/perfect-match\/fullservice-escort\/\">escortes \u00e0 service complet<\/a> sont pr\u00eats \u00e0 transformer la passion en r\u00e9alit\u00e9 inoubliable.<\/p>\n<p><span style=\"font-weight: 400;\">Les blondes incarnent une double nature qui les rend inoubliables. D&#039;un c\u00f4t\u00e9, elles peuvent para\u00eetre ang\u00e9liques, d\u00e9licates, presque innocentes. Une beaut\u00e9 qui suscite tendresse et admiration. Pourtant, en priv\u00e9, cette innocence se transforme en quelque chose de totalement diff\u00e9rent\u00a0: s\u00e9duction brute, audace enjou\u00e9e et passion d\u00e9brid\u00e9e.<\/span><\/p>\n<p><span style=\"font-weight: 400;\">Ce contraste, l&#039;innocence le jour, la tentation la nuit est ce qui fait le fantasme d&#039;un <\/span><b>Escorte blonde<\/b><span style=\"font-weight: 400;\"> Tellement enivrante. Elle est la femme qui vous rappelle que le d\u00e9sir est plus puissant lorsqu&#039;il oscille entre \u00e9l\u00e9gance et malice, entre douceur et feu.<\/span><\/p>\n<p data-start=\"92\" data-end=\"281\">Et si votre envie penche vers une aventure plus ludique, notre <a href=\"https:\/\/onekind-escort.com\/fr\/perfect-match\/sporty-escort\/\">escortes sportives<\/a> \u00e9veillez la passion avec le m\u00e9lange parfait de vitalit\u00e9, de s\u00e9duction et d&#039;\u00e9nergie irr\u00e9sistible.<\/p>\n<p><img loading=\"lazy\" decoding=\"async\" class=\"size-medium wp-image-87801 aligncenter\" src=\"https:\/\/onekind-escort.com\/wp-content\/uploads\/2024\/12\/CHLOE_14_LOGO_CENSORED_B-200x300.jpg\" alt=\"\" width=\"200\" height=\"300\" srcset=\"https:\/\/onekind-escort.com\/wp-content\/uploads\/2024\/12\/CHLOE_14_LOGO_CENSORED_B-200x300.jpg 200w, https:\/\/onekind-escort.com\/wp-content\/uploads\/2024\/12\/CHLOE_14_LOGO_CENSORED_B-683x1024.jpg 683w, https:\/\/onekind-escort.com\/wp-content\/uploads\/2024\/12\/CHLOE_14_LOGO_CENSORED_B-768x1152.jpg 768w, https:\/\/onekind-escort.com\/wp-content\/uploads\/2024\/12\/CHLOE_14_LOGO_CENSORED_B-1024x1536.jpg 1024w, https:\/\/onekind-escort.com\/wp-content\/uploads\/2024\/12\/CHLOE_14_LOGO_CENSORED_B-8x12.jpg 8w, https:\/\/onekind-escort.com\/wp-content\/uploads\/2024\/12\/CHLOE_14_LOGO_CENSORED_B-1140x1710.jpg 1140w, https:\/\/onekind-escort.com\/wp-content\/uploads\/2024\/12\/CHLOE_14_LOGO_CENSORED_B-920x1380.jpg 920w, https:\/\/onekind-escort.com\/wp-content\/uploads\/2024\/12\/CHLOE_14_LOGO_CENSORED_B-575x863.jpg 575w, https:\/\/onekind-escort.com\/wp-content\/uploads\/2024\/12\/CHLOE_14_LOGO_CENSORED_B-380x570.jpg 380w, https:\/\/onekind-escort.com\/wp-content\/uploads\/2024\/12\/CHLOE_14_LOGO_CENSORED_B-420x630.jpg 420w, https:\/\/onekind-escort.com\/wp-content\/uploads\/2024\/12\/CHLOE_14_LOGO_CENSORED_B-800x1200.jpg 800w, https:\/\/onekind-escort.com\/wp-content\/uploads\/2024\/12\/CHLOE_14_LOGO_CENSORED_B.jpg 1280w\" sizes=\"auto, (max-width: 200px) 100vw, 200px\" \/><\/p>\n<h3><b>Conclusion : La magie \u00e9ternelle des escortes blondes<\/b><\/h3>\n<p><span style=\"font-weight: 400;\">Les escortes blondes ne sont pas de simples compagnes, elles sont des ic\u00f4nes du d\u00e9sir. Leur beaut\u00e9 est radieuse, leur pr\u00e9sence magn\u00e9tique et leur sensualit\u00e9, un \u00e9quilibre parfait entre innocence et fougue. Pour l&#039;homme en qu\u00eate d&#039;\u00e9l\u00e9gance m\u00eal\u00e9e de passion, de sophistication et de l\u00e9g\u00e8ret\u00e9, une <\/span><b>Escorte blonde<\/b><span style=\"font-weight: 400;\"> est la muse ultime.<\/span><\/p>\n<p><span style=\"font-weight: 400;\">Des d\u00eeners \u00e0 Barcelone aux rooftops parisiens, des plages glamour de Marbella aux nuits aux chandelles madril\u00e8nes, elle transforme chaque instant en une histoire inoubliable. Ce qui la rend inoubliable, ce n&#039;est pas seulement sa beaut\u00e9 dor\u00e9e, mais aussi la fa\u00e7on dont elle vous fait sentir vivant, d\u00e9sir\u00e9 et envo\u00fbt\u00e9. Vous cherchez un autre pays\u00a0? <a href=\"https:\/\/grazia-escort.com\/\" rel=\"noopener\">mod\u00e8les<\/a>?<\/span><\/p>\n<p><span style=\"font-weight: 400;\">Le charme des escortes blondes a toujours \u00e9t\u00e9 intemporel. Dans leur rire, leur \u00e9clat et leur sensualit\u00e9 r\u00e9side le charme \u00e9ternel de l&#039;\u00e9l\u00e9gance et du d\u00e9sir.<\/span><\/p>\n<p>&nbsp;<\/p>","protected":false},"excerpt":{"rendered":"<p>The Timeless Allure of a Blonde Escort A dimly lit rooftop bar in Barcelona. The night sky glimmers above, the city hums softly below, and across the table sits a woman whose golden hair catches the light like silk. She leans forward with a radiant smile, her eyes mischievous, her presence magnetic. Every movement is [&hellip;]<\/p>\n","protected":false},"author":1,"featured_media":89141,"parent":89474,"menu_order":0,"comment_status":"closed","ping_status":"closed","template":"","meta":{"_acf_changed":false,"footnotes":""},"class_list":["post-90014","page","type-page","status-publish","has-post-thumbnail","hentry"],"acf":[],"_links":{"self":[{"href":"https:\/\/onekind-escort.com\/fr\/wp-json\/wp\/v2\/pages\/90014","targetHints":{"allow":["GET"]}}],"collection":[{"href":"https:\/\/onekind-escort.com\/fr\/wp-json\/wp\/v2\/pages"}],"about":[{"href":"https:\/\/onekind-escort.com\/fr\/wp-json\/wp\/v2\/types\/page"}],"author":[{"embeddable":true,"href":"https:\/\/onekind-escort.com\/fr\/wp-json\/wp\/v2\/users\/1"}],"replies":[{"embeddable":true,"href":"https:\/\/onekind-escort.com\/fr\/wp-json\/wp\/v2\/comments?post=90014"}],"version-history":[{"count":10,"href":"https:\/\/onekind-escort.com\/fr\/wp-json\/wp\/v2\/pages\/90014\/revisions"}],"predecessor-version":[{"id":90825,"href":"https:\/\/onekind-escort.com\/fr\/wp-json\/wp\/v2\/pages\/90014\/revisions\/90825"}],"up":[{"embeddable":true,"href":"https:\/\/onekind-escort.com\/fr\/wp-json\/wp\/v2\/pages\/89474"}],"wp:featuredmedia":[{"embeddable":true,"href":"https:\/\/onekind-escort.com\/fr\/wp-json\/wp\/v2\/media\/89141"}],"wp:attachment":[{"href":"https:\/\/onekind-escort.com\/fr\/wp-json\/wp\/v2\/media?parent=90014"}],"curies":[{"name":"wp","href":"https:\/\/api.w.org\/{rel}","templated":true}]}}