{"id":90020,"date":"2025-09-11T17:24:05","date_gmt":"2025-09-11T17:24:05","guid":{"rendered":"https:\/\/onekind-escort.com\/?page_id=90020"},"modified":"2025-10-04T13:38:03","modified_gmt":"2025-10-04T13:38:03","slug":"escort-for-couples-spain-europe","status":"publish","type":"page","link":"https:\/\/onekind-escort.com\/fr\/perfect-match\/escort-for-couples-spain-europe\/","title":{"rendered":"Escorte pour couples \u2013 Partager le d\u00e9sir, d\u00e9couvrir une nouvelle intimit\u00e9"},"content":{"rendered":"<h3><b>Introduction : L&#039;attrait du partage d&#039;une escorte pour les couples<\/b><\/h3>\n<p><span style=\"font-weight: 400;\">Un couple est assis ensemble dans un \u00e9l\u00e9gant restaurant de Barcelone. Le vin est servi, l&#039;atmosph\u00e8re est intime, et une femme, assise en face de la table, n&#039;a d&#039;\u00e9gale que son \u00e9l\u00e9gance et sa chaleur. Elle leur sourit \u00e0 tous les deux, son regard errant entre l&#039;homme et sa compagne. En sa pr\u00e9sence, la curiosit\u00e9 grandit, les murs se dissipent et l&#039;atmosph\u00e8re s&#039;emplit d&#039;impatience. Ce n&#039;est pas un d\u00eener comme les autres, c&#039;est le d\u00e9but d&#039;une soir\u00e9e inoubliable avec un <\/span><b>Escorte pour couples<\/b><span style=\"font-weight: 400;\">, o\u00f9 l&#039;amour, la passion et l&#039;exploration s&#039;entrem\u00ealent.<\/span><\/p>\n<p><span style=\"font-weight: 400;\">Pour de nombreux partenaires, inviter une escorte dans leur relation ne signifie pas remplacer l&#039;intimit\u00e9, mais la renforcer. Il s&#039;agit de d\u00e9couvrir des fantasmes ensemble, de briser la routine et de cr\u00e9er des moments qui renforcent leur lien. Avec la bonne muse, l&#039;exp\u00e9rience devient non seulement \u00e9rotique, mais aussi profond\u00e9ment attachante. Poursuivez votre aventure, r\u00e9servez un <a href=\"https:\/\/onekind-escort.com\/fr\/perfect-match\/exotic-escort\/\"><strong>escorte exotique<\/strong><\/a> et laissez son myst\u00e8re, sa beaut\u00e9 et sa passion irr\u00e9sistible enflammer des moments inoubliables<\/span><\/p>\n<h3><b>Qu&#039;est-ce qui d\u00e9finit une escorte pour les couples ?<\/b><\/h3>\n<p><span style=\"font-weight: 400;\">Un <\/span><b>Escorte pour couples<\/b><span style=\"font-weight: 400;\"> Plus qu&#039;une belle femme, c&#039;est une compagne raffin\u00e9e qui sait cr\u00e9er un lien \u00e9gal avec ses deux partenaires, faisant en sorte que chacun se sente d\u00e9sir\u00e9 et appr\u00e9ci\u00e9.<\/span><\/p>\n<ul>\n<li style=\"font-weight: 400;\" aria-level=\"1\"><b>Discr\u00e9tion et professionnalisme<\/b><span style=\"font-weight: 400;\"> \u2013 Les couples ont besoin de se sentir en s\u00e9curit\u00e9 et respect\u00e9s, et une v\u00e9ritable escorte pour couples offre exactement cela.<\/span><\/li>\n<li style=\"font-weight: 400;\" aria-level=\"1\"><b>Authenticit\u00e9 et Chaleur<\/b><span style=\"font-weight: 400;\"> \u2013 Une escorte pour couples cr\u00e9e une alchimie qui semble naturelle plut\u00f4t que mise en sc\u00e8ne.<\/span><\/li>\n<li style=\"font-weight: 400;\" aria-level=\"1\"><b>\u00c9quilibre et sensualit\u00e9<\/b><span style=\"font-weight: 400;\"> \u2013 Une escorte pour couples sait naviguer avec gr\u00e2ce entre tendresse et passion, veillant \u00e0 ce que personne ne se sente exclu.<\/span><\/li>\n<\/ul>\n<p><span style=\"font-weight: 400;\">Son don r\u00e9side dans la cr\u00e9ation d\u2019une atmosph\u00e8re o\u00f9 les deux partenaires se sentent suffisamment \u00e0 l\u2019aise pour se laisser aller et profiter, tout en ajoutant sa propre \u00e9tincelle d\u2019\u00e9nergie sensuelle.<\/span><\/p>\n<h3><b>L&#039;attrait des exp\u00e9riences d&#039;escorte en couple<\/b><\/h3>\n<p><span style=\"font-weight: 400;\">Pourquoi les couples choisissent-ils d&#039;inviter une escorte dans leur intimit\u00e9\u00a0? Les raisons sont aussi vari\u00e9es que profondes.<\/span><\/p>\n<ul>\n<li style=\"font-weight: 400;\" aria-level=\"1\"><b>Explorer les fantasmes ensemble<\/b><span style=\"font-weight: 400;\"> \u2013 Pour de nombreux couples, une escorte pour couples leur permet d\u2019explorer des d\u00e9sirs bisexuels ou des trios dans un cadre s\u00fbr et raffin\u00e9.<\/span><\/li>\n<li style=\"font-weight: 400;\" aria-level=\"1\"><b>Rompre la routine<\/b><span style=\"font-weight: 400;\"> \u2013 Les relations durables ont parfois besoin d&#039;une \u00e9tincelle. Une escorte pour couples ajoute de la nouveaut\u00e9 et de l&#039;excitation, ravivant la passion.<\/span><\/li>\n<li style=\"font-weight: 400;\" aria-level=\"1\"><b>B\u00e2tir la confiance<\/b><span style=\"font-weight: 400;\"> \u2013 Partager une exp\u00e9rience aussi intime renforce les liens lorsqu\u2019elle est abord\u00e9e avec communication et ouverture.<\/span><\/li>\n<li style=\"font-weight: 400;\" aria-level=\"1\"><b>Cr\u00e9er des aventures \u00e9l\u00e9gantes<\/b><span style=\"font-weight: 400;\"> \u2013 Il ne s\u2019agit pas seulement de sexe, mais de rire, de connexion et du frisson de faire quelque chose d\u2019audacieux ensemble.<\/span><\/li>\n<\/ul>\n<p><span style=\"font-weight: 400;\">L\u2019attrait ne r\u00e9side pas seulement dans l\u2019\u00e9rotisme, mais dans la fa\u00e7on dont l\u2019exp\u00e9rience approfondit l\u2019intimit\u00e9 entre les partenaires.<\/span><\/p>\n<h3><b>Imaginer un rendez-vous avec une escorte pour couples<\/b><\/h3>\n<p><b>Le d\u00eener<\/b><b><br \/>\n<\/b><\/p>\n<p data-start=\"172\" data-end=\"721\">Imaginez commencer la soir\u00e9e par un d\u00eener priv\u00e9 \u00e0 <a class=\"decorated-link cursor-pointer\" href=\"https:\/\/ramonfreixatradicion.com\/\" target=\"_new\" rel=\"noopener\" data-start=\"603\" data-end=\"655\">Ramon Freixa Madrid<\/a>, l&#039;un des restaurants \u00e9toil\u00e9s Michelin les plus exclusifs de la ville. <span style=\"font-weight: 400;\">Le couple et l&#039;escorte choisie partagent un verre de vin et une conversation. L&#039;escorte \u00e9coute attentivement, son rire se m\u00ealant au leur, sa pr\u00e9sence mettant le couple \u00e0 l&#039;aise. De petites attentions sous la table, des regards fugaces et des taquineries espi\u00e8gles cr\u00e9ent une certaine impatience sans pr\u00e9cipitation.<\/span><\/p>\n<p><b>La transition<\/b><b><br \/>\n<\/b><span style=\"font-weight: 400;\"> Apr\u00e8s le d\u00eener, le trio fl\u00e2ne en ville ou regagne une suite d&#039;h\u00f4tel. L&#039;ambiance passe de l\u00e9g\u00e8re \u00e0 \u00e9lectrique. L&#039;escorte cr\u00e9e un lien d\u00e9licat entre le couple, se penchant pour \u00e9changer un murmure, un baiser sur la joue ou une caresse de main. Chaque geste para\u00eet naturel, chaque instant empli d&#039;un d\u00e9sir grandissant.<\/span><\/p>\n<p><b>L&#039;intimit\u00e9<\/b><b><br \/>\n<\/b><span style=\"font-weight: 400;\"> En priv\u00e9, la curiosit\u00e9 se mue en passion. Peut-\u00eatre l&#039;escorte partage-t-elle un premier baiser avec la femme, un moment doux et tendre qui la fait rougir. Ou peut-\u00eatre se penche-t-elle vers l&#039;homme, suscitant une alchimie qui bient\u00f4t les implique tous les trois. Pas de pr\u00e9cipitation, pas de sc\u00e9nario\u00a0\u2013 juste une exploration guid\u00e9e par le d\u00e9sir et le respect.<\/span><\/p>\n<p><span style=\"font-weight: 400;\">C&#039;est l&#039;essence d&#039;un <\/span><b>Escorte pour couples<\/b><span style=\"font-weight: 400;\"> rendez-vous : une soir\u00e9e o\u00f9 le couple d\u00e9couvre de nouvelles profondeurs d&#039;intimit\u00e9 tout en la partageant avec quelqu&#039;un qui amplifie leur connexion.<\/span><\/p>\n<h3><b>Les qualit\u00e9s qui rendent les escortes pour couples uniques<\/b><\/h3>\n<p><span style=\"font-weight: 400;\">Toutes les escortes ne parviennent pas \u00e0 cr\u00e9er l&#039;ambiance id\u00e9ale pour les couples. Celles qui y parviennent partagent des qualit\u00e9s uniques qui les rendent inoubliables\u00a0:<\/span><\/p>\n<ul>\n<li style=\"font-weight: 400;\" aria-level=\"1\"><b>Ouverture d&#039;esprit<\/b><span style=\"font-weight: 400;\"> \u2013 Confort dans l\u2019exploration de diff\u00e9rentes dynamiques et d\u00e9sirs.<\/span><\/li>\n<li style=\"font-weight: 400;\" aria-level=\"1\"><b>Empathie<\/b><span style=\"font-weight: 400;\"> \u2013 Sensibilit\u00e9 aux besoins et aux sentiments des deux partenaires.<\/span><\/li>\n<li style=\"font-weight: 400;\" aria-level=\"1\"><b>\u00c9l\u00e9gance<\/b><span style=\"font-weight: 400;\"> \u2013 La capacit\u00e9 de s\u2019int\u00e9grer harmonieusement dans les environnements publics avec sophistication.<\/span><\/li>\n<li style=\"font-weight: 400;\" aria-level=\"1\"><b>Espi\u00e8glerie<\/b><span style=\"font-weight: 400;\"> \u2013 Une \u00e9tincelle qui rend les rencontres amusantes et l\u00e9g\u00e8res autant que passionn\u00e9es.<\/span><\/li>\n<li style=\"font-weight: 400;\" aria-level=\"1\"><b>Confiance<\/b><span style=\"font-weight: 400;\"> \u2013 Elle sait prendre des initiatives tout en respectant les limites.<\/span><\/li>\n<li style=\"font-weight: 400;\" aria-level=\"1\"><b>\u00c9quilibre sensuel<\/b><span style=\"font-weight: 400;\"> \u2013 L\u2019art d\u2019accorder une attention \u00e9gale aux deux partenaires, en assurant l\u2019harmonie.<\/span><\/li>\n<\/ul>\n<p><span style=\"font-weight: 400;\">Ces qualit\u00e9s font un <\/span><b>escorte de luxe pour couples<\/b><span style=\"font-weight: 400;\"> non seulement une fantaisie mais une muse qui transforme l&#039;ordinaire en extraordinaire.<\/span><\/p>\n<h3><b>Pourquoi les couples choisissent cette exp\u00e9rience<\/b><\/h3>\n<p><span style=\"font-weight: 400;\">Chaque couple a ses propres raisons, mais des th\u00e8mes communs apparaissent encore et encore :<\/span><\/p>\n<ul>\n<li style=\"font-weight: 400;\" aria-level=\"1\"><b>Pour les femmes<\/b><span style=\"font-weight: 400;\"> De nombreuses femmes sont curieuses d&#039;intimit\u00e9 avec une autre femme, mais souhaitent l&#039;explorer de mani\u00e8re s\u00fbre et \u00e9l\u00e9gante. Une escorte pour copines leur offre cette opportunit\u00e9 sans complications.<\/span><\/li>\n<li style=\"font-weight: 400;\" aria-level=\"1\"><b>Pour les hommes<\/b><span style=\"font-weight: 400;\"> \u2013 Le frisson de voir deux femmes se connecter, combin\u00e9 \u00e0 l\u2019intimit\u00e9 d\u2019\u00eatre incluses, cr\u00e9e un fantasme sans pr\u00e9c\u00e9dent.<\/span><\/li>\n<li style=\"font-weight: 400;\" aria-level=\"1\"><b>Pour les deux ensemble<\/b><span style=\"font-weight: 400;\"> \u2013 Les couples appr\u00e9cient le sens de l\u2019aventure, l\u2019excitation de faire quelque chose d\u2019audacieux qui approfondit leur lien.<\/span><\/li>\n<\/ul>\n<p><span style=\"font-weight: 400;\">En fin de compte, les couples choisissent une escorte pour couples non pas par manque de quelque chose, mais parce qu&#039;ils souhaitent \u00e9largir leurs horizons, transformer l&#039;amour en aventure et la passion en moment inoubliable. Et pour ceux qui r\u00eavent de doubler leurs \u00e9motions, r\u00e9servez une <a href=\"https:\/\/onekind-escort.com\/fr\/perfect-match\/bisexual-escort-date-spain-europe\/\"><strong data-start=\"399\" data-end=\"418\">escorte bisexuelle<\/strong><\/a> ouvre la porte \u00e0 une alchimie unique, des fantasmes partag\u00e9s et un plaisir irr\u00e9sistible.<\/span><\/p>\n<h3><b>Conclusion : La magie d&#039;une escorte pour les couples<\/b><\/h3>\n<p><span style=\"font-weight: 400;\">Un <\/span><b>Escorte pour couples<\/b><span style=\"font-weight: 400;\"> Ce n&#039;est pas seulement une question de plaisir, c&#039;est une question de connexion. Elle renforce l&#039;intimit\u00e9, inspire l&#039;exploration et rapproche les partenaires en partageant leurs d\u00e9sirs. Pour les couples, elle est l&#039;\u00e9tincelle qui transforme une simple soir\u00e9e en une histoire de rires, de s\u00e9duction et de d\u00e9couvertes.<\/span><\/p>\n<p><span style=\"font-weight: 400;\">Le souvenir d&#039;une telle soir\u00e9e est toujours pr\u00e9sent. Le regard \u00e9chang\u00e9 au d\u00eener, le premier baiser, les rires qui ont rempli la pi\u00e8ce, la passion qui a suivi. Ce sont ces moments qui renforcent les liens et cr\u00e9ent des souvenirs inoubliables.<\/span><\/p>\n<p><span style=\"font-weight: 400;\">Au final, la magie d&#039;un <\/span><b>Escorte pour couples<\/b><span style=\"font-weight: 400;\"> Ce n\u2019est pas seulement ce qui se passe, mais aussi la fa\u00e7on dont cela permet aux partenaires de se sentir d\u00e9sir\u00e9s, connect\u00e9s et plus amoureux que jamais.<\/span><\/p>\n<p>&nbsp;<\/p>","protected":false},"excerpt":{"rendered":"<p>Introduction: The Allure of Sharing an Escort for Couples A couple seated together at an elegant restaurant in Barcelona. The wine is poured, the atmosphere intimate, and across the table sits a woman whose elegance is matched only by her warmth. She smiles at both of them, her eyes shifting playfully between the gentleman and [&hellip;]<\/p>\n","protected":false},"author":1,"featured_media":90663,"parent":89474,"menu_order":0,"comment_status":"closed","ping_status":"closed","template":"","meta":{"_acf_changed":false,"footnotes":""},"class_list":["post-90020","page","type-page","status-publish","has-post-thumbnail","hentry"],"acf":[],"_links":{"self":[{"href":"https:\/\/onekind-escort.com\/fr\/wp-json\/wp\/v2\/pages\/90020","targetHints":{"allow":["GET"]}}],"collection":[{"href":"https:\/\/onekind-escort.com\/fr\/wp-json\/wp\/v2\/pages"}],"about":[{"href":"https:\/\/onekind-escort.com\/fr\/wp-json\/wp\/v2\/types\/page"}],"author":[{"embeddable":true,"href":"https:\/\/onekind-escort.com\/fr\/wp-json\/wp\/v2\/users\/1"}],"replies":[{"embeddable":true,"href":"https:\/\/onekind-escort.com\/fr\/wp-json\/wp\/v2\/comments?post=90020"}],"version-history":[{"count":10,"href":"https:\/\/onekind-escort.com\/fr\/wp-json\/wp\/v2\/pages\/90020\/revisions"}],"predecessor-version":[{"id":90842,"href":"https:\/\/onekind-escort.com\/fr\/wp-json\/wp\/v2\/pages\/90020\/revisions\/90842"}],"up":[{"embeddable":true,"href":"https:\/\/onekind-escort.com\/fr\/wp-json\/wp\/v2\/pages\/89474"}],"wp:featuredmedia":[{"embeddable":true,"href":"https:\/\/onekind-escort.com\/fr\/wp-json\/wp\/v2\/media\/90663"}],"wp:attachment":[{"href":"https:\/\/onekind-escort.com\/fr\/wp-json\/wp\/v2\/media?parent=90020"}],"curies":[{"name":"wp","href":"https:\/\/api.w.org\/{rel}","templated":true}]}}